{"id":27487,"date":"2025-09-30T01:11:40","date_gmt":"2025-09-30T01:11:40","guid":{"rendered":"https:\/\/levelfixinstruments.com\/product\/levelfix-ccl680g-green-multi-line-laser\/"},"modified":"2025-11-25T09:26:41","modified_gmt":"2025-11-25T09:26:41","slug":"levelfix-ccl680g-green-multi-line-laser","status":"publish","type":"product","link":"https:\/\/levelfixinstruments.com\/fr\/produit\/lasers-fr\/lasers-a-lignes-croix-fr\/levelfix-ccl680g-green-multi-line-laser\/","title":{"rendered":"LEVELFIX CCL680G LASER MULTI-LIGNES VERT &#8211; 1&#215;360\u00b0 H et 4&#215;90\u00b0 V"},"content":{"rendered":"<p>Le LEVELFIX CCL680G est un laser multi-lignes \u00e0 r\u00e9glage fin qui projette une ligne horizontale verte de 360\u00b0, 4 lignes verticales de moins de 90\u00b0 et un point d&rsquo;aplomb.<\/p>\n<p>M<strong>ise \u00e0 niveau automatique<\/strong> Le syst\u00e8me de pendule assure que la LEVELFIX CCL680G se mette \u00e0 niveau proprement. Si la LEVELFIX CCL680G n&rsquo;est pas r\u00e9gl\u00e9e correctement, les lignes clignotent.  Le syst\u00e8me auto-nivelant peut \u00e9galement \u00eatre d\u00e9sactiv\u00e9. Cela vous permet de projeter tous les angles souhait\u00e9s. <\/p>\n<p>L<strong>EVELFIX+<\/strong> La LEVELFIX CCL680G fait partie de notre gamme LEVELFIX+. Les mod\u00e8les LEVELFIX+ se caract\u00e9risent par la plus haute qualit\u00e9, la meilleure pr\u00e9cision possible, d&rsquo;excellentes sp\u00e9cifications et une garantie de 4 ans*. En outre, ils sont richement \u00e9quip\u00e9s d&rsquo;accessoires et de pi\u00e8ces jointes pratiques et intelligents.<\/p>\n<p>D<strong>iode HighPower+<\/strong> La LEVELFIX CCL680G est \u00e9quip\u00e9e d&rsquo;une diode laser verte ultra puissante de 80mW qui est plus visible que la diode HighPower normale et jusqu&rsquo;\u00e0 6 fois plus visible que la diode rouge classique. La diode HighPower+ projette des lignes laser claires et nettes. La visibilit\u00e9 reste fortement d\u00e9pendante de la lumi\u00e8re ambiante. Plus il y a de lumi\u00e8re, moins les lignes sont visibles. Gr\u00e2ce au nouveau mode unique SuperBright, vous pouvez donner aux diodes encore plus de puissance, cette caract\u00e9ristique permet d&rsquo;obtenir une visibilit\u00e9 encore meilleure qu&rsquo;auparavant avec la ligne laser verte classique.<\/p>\n<p>F<strong>onction r\u00e9cepteur<\/strong> La LEVELFIX CCL680G dispose d&rsquo;une fonction r\u00e9cepteur. Ceci vous permet d&rsquo;utiliser le CCL680G en combinaison avec un r\u00e9cepteur LEVELFIX \u00e0 de plus grandes distances ou \u00e0 l&rsquo;ext\u00e9rieur, m\u00eame si la ligne n&rsquo;est plus visible. Avec un r\u00e9cepteur, les lignes peuvent \u00eatre d\u00e9tect\u00e9es jusqu&rsquo;\u00e0 60 m\u00e8tres.<\/p>\n<p>S<strong>martLock<\/strong> Le syst\u00e8me de pendule \u00e0 nivellement automatique se met \u00e0 niveau tout seul. Le syst\u00e8me SmartLock vous permet de transporter la LEVELFIX CCL680G en toute s\u00e9curit\u00e9 car le pendule est bloqu\u00e9 dans cette position.  L&rsquo;activation du CCL680G dans ce mode peut permettre la projection de lignes de pente.<\/p>\n<p>T<strong>echnologie Li-ion<\/strong> La LEVELFIX CCL680G est livr\u00e9e avec une batterie Li-ion amovible et un chargeur.<\/p>\n<p>C<strong>harge&#038;Work<\/strong> La fonction Charge&#038;Work vous permet de charger la LEVELFIX CCL680G tout en utilisant l&rsquo;instrument. Cela permet d&rsquo;\u00e9viter les temps d&rsquo;attente inutiles dus \u00e0 des batteries vides ou \u00e0 des batteries qui doivent d&rsquo;abord \u00eatre recharg\u00e9es.<\/p>\n","protected":false},"excerpt":{"rendered":"<p>Le LEVELFIX CCL680G est un laser multi-lignes \u00e0 r\u00e9glage fin qui projette une ligne horizontale verte de 360\u00b0, 4 lignes verticales de moins de 90\u00b0 et un point d&rsquo;aplomb.<\/p>\n","protected":false},"featured_media":34313,"template":"","meta":{"_acf_changed":false,"site-sidebar-layout":"default","site-content-layout":"","ast-site-content-layout":"default","site-content-style":"default","site-sidebar-style":"default","ast-global-header-display":"","ast-banner-title-visibility":"","ast-main-header-display":"","ast-hfb-above-header-display":"","ast-hfb-below-header-display":"","ast-hfb-mobile-header-display":"","site-post-title":"","ast-breadcrumbs-content":"","ast-featured-img":"","footer-sml-layout":"","ast-disable-related-posts":"","theme-transparent-header-meta":"","adv-header-id-meta":"","stick-header-meta":"","header-above-stick-meta":"","header-main-stick-meta":"","header-below-stick-meta":"","astra-migrate-meta-layouts":"default","ast-page-background-enabled":"default","ast-page-background-meta":{"desktop":{"background-color":"var(--ast-global-color-4)","background-image":"","background-repeat":"repeat","background-position":"center center","background-size":"auto","background-attachment":"scroll","background-type":"","background-media":"","overlay-type":"","overlay-color":"","overlay-opacity":"","overlay-gradient":""},"tablet":{"background-color":"","background-image":"","background-repeat":"repeat","background-position":"center center","background-size":"auto","background-attachment":"scroll","background-type":"","background-media":"","overlay-type":"","overlay-color":"","overlay-opacity":"","overlay-gradient":""},"mobile":{"background-color":"","background-image":"","background-repeat":"repeat","background-position":"center center","background-size":"auto","background-attachment":"scroll","background-type":"","background-media":"","overlay-type":"","overlay-color":"","overlay-opacity":"","overlay-gradient":""}},"ast-content-background-meta":{"desktop":{"background-color":"var(--ast-global-color-5)","background-image":"","background-repeat":"repeat","background-position":"center center","background-size":"auto","background-attachment":"scroll","background-type":"","background-media":"","overlay-type":"","overlay-color":"","overlay-opacity":"","overlay-gradient":""},"tablet":{"background-color":"var(--ast-global-color-5)","background-image":"","background-repeat":"repeat","background-position":"center center","background-size":"auto","background-attachment":"scroll","background-type":"","background-media":"","overlay-type":"","overlay-color":"","overlay-opacity":"","overlay-gradient":""},"mobile":{"background-color":"var(--ast-global-color-5)","background-image":"","background-repeat":"repeat","background-position":"center center","background-size":"auto","background-attachment":"scroll","background-type":"","background-media":"","overlay-type":"","overlay-color":"","overlay-opacity":"","overlay-gradient":""}}},"product_brand":[],"product_cat":[46609],"product_tag":[],"class_list":{"0":"post-27487","1":"product","2":"type-product","3":"status-publish","4":"has-post-thumbnail","6":"product_cat-lasers-a-lignes-croix-fr","7":"desktop-align-left","8":"tablet-align-left","9":"mobile-align-left","10":"ast-product-gallery-layout-horizontal-slider","11":"ast-product-tabs-layout-horizontal","13":"first","14":"instock","15":"shipping-taxable","16":"purchasable","17":"product-type-simple"},"acf":[],"_links":{"self":[{"href":"https:\/\/levelfixinstruments.com\/fr\/wp-json\/wp\/v2\/product\/27487","targetHints":{"allow":["GET"]}}],"collection":[{"href":"https:\/\/levelfixinstruments.com\/fr\/wp-json\/wp\/v2\/product"}],"about":[{"href":"https:\/\/levelfixinstruments.com\/fr\/wp-json\/wp\/v2\/types\/product"}],"wp:featuredmedia":[{"embeddable":true,"href":"https:\/\/levelfixinstruments.com\/fr\/wp-json\/wp\/v2\/media\/34313"}],"wp:attachment":[{"href":"https:\/\/levelfixinstruments.com\/fr\/wp-json\/wp\/v2\/media?parent=27487"}],"wp:term":[{"taxonomy":"product_brand","embeddable":true,"href":"https:\/\/levelfixinstruments.com\/fr\/wp-json\/wp\/v2\/product_brand?post=27487"},{"taxonomy":"product_cat","embeddable":true,"href":"https:\/\/levelfixinstruments.com\/fr\/wp-json\/wp\/v2\/product_cat?post=27487"},{"taxonomy":"product_tag","embeddable":true,"href":"https:\/\/levelfixinstruments.com\/fr\/wp-json\/wp\/v2\/product_tag?post=27487"}],"curies":[{"name":"wp","href":"https:\/\/api.w.org\/{rel}","templated":true}]}}