{"id":27571,"date":"2025-09-30T01:12:23","date_gmt":"2025-09-30T01:12:23","guid":{"rendered":"https:\/\/levelfixinstruments.com\/product\/levelfix-ccl460g-green-3d-pro-multi-line-laser-3x-360\/"},"modified":"2025-11-28T08:19:34","modified_gmt":"2025-11-28T08:19:34","slug":"levelfix-ccl460g-green-3d-pro-multi-line-laser-3x-360","status":"publish","type":"product","link":"https:\/\/levelfixinstruments.com\/fr\/produit\/lasers-fr\/lasers-a-lignes-croix-fr\/levelfix-ccl460g-green-3d-pro-multi-line-laser-3x-360\/","title":{"rendered":"LEVELFIX CCL460G LASER MULTI- LIGNES 3D PRO &#8211; 3&#215;360\u00b0"},"content":{"rendered":"<p><strong>Le laser lignes 3D intelligent \u00e0 faisceau vert<\/strong><\/p>\n<p>Le LEVELFIX CCL460G est un laser lignes intelligent et haut de gamme avec 3 lignes \u00e0 360\u00b0. La conception intelligente et la SmartBase int\u00e9gr\u00e9e permettent un positionnement optimal du laser pour toutes les applications, y compris dans les angles. L&rsquo;instrument est parfaitement adapt\u00e9 \u00e0 tous les travaux d&rsquo;int\u00e9rieur, comme la pose de sols, murs, plafonds, cuisines et autres constructions. Le CCL460G est livr\u00e9 avec une batterie Li-ion, un chargeur et d&rsquo;autres accessoires.   <\/p>\n<p><strong>SmartBase avec r\u00e9glage fin<\/strong><\/p>\n<p>Avec la SmartBase int\u00e9gr\u00e9e, l&rsquo;alignement du laser est un jeu d&rsquo;enfant. Le bouton de r\u00e9glage fin assure un alignement pr\u00e9cis vers la gauche ou la droite. Le m\u00e9canisme rotatif unique maintient le point de r\u00e9f\u00e9rence au m\u00eame endroit pendant le r\u00e9glage.  <\/p>\n<p>La SmartBase est \u00e9quip\u00e9e de filetages 1\/4\u2033 et 5\/8\u2033 et peut donc \u00eatre mont\u00e9e sur n&rsquo;importe quel tr\u00e9pied sans adaptateur suppl\u00e9mentaire. Le support magn\u00e9tique et le support mural fournis permettent une fixation rapide et facile de l&rsquo;instrument au mur ou sur une surface m\u00e9tallique. <\/p>\n","protected":false},"excerpt":{"rendered":"<p>Le CCL460G dispose de 3 lignes vertes \u00e0 360\u00b0 et d&rsquo;un pied de positionnement int\u00e9gr\u00e9 unique avec r\u00e9glage fin pour un alignement facile et pr\u00e9cis. Ce laser 3D polyvalent est con\u00e7u pour tous les travaux d&rsquo;int\u00e9rieur. <\/p>\n","protected":false},"featured_media":35435,"template":"","meta":{"_acf_changed":false,"site-sidebar-layout":"default","site-content-layout":"","ast-site-content-layout":"default","site-content-style":"default","site-sidebar-style":"default","ast-global-header-display":"","ast-banner-title-visibility":"","ast-main-header-display":"","ast-hfb-above-header-display":"","ast-hfb-below-header-display":"","ast-hfb-mobile-header-display":"","site-post-title":"","ast-breadcrumbs-content":"","ast-featured-img":"","footer-sml-layout":"","ast-disable-related-posts":"","theme-transparent-header-meta":"","adv-header-id-meta":"","stick-header-meta":"","header-above-stick-meta":"","header-main-stick-meta":"","header-below-stick-meta":"","astra-migrate-meta-layouts":"default","ast-page-background-enabled":"default","ast-page-background-meta":{"desktop":{"background-color":"var(--ast-global-color-4)","background-image":"","background-repeat":"repeat","background-position":"center center","background-size":"auto","background-attachment":"scroll","background-type":"","background-media":"","overlay-type":"","overlay-color":"","overlay-opacity":"","overlay-gradient":""},"tablet":{"background-color":"","background-image":"","background-repeat":"repeat","background-position":"center center","background-size":"auto","background-attachment":"scroll","background-type":"","background-media":"","overlay-type":"","overlay-color":"","overlay-opacity":"","overlay-gradient":""},"mobile":{"background-color":"","background-image":"","background-repeat":"repeat","background-position":"center center","background-size":"auto","background-attachment":"scroll","background-type":"","background-media":"","overlay-type":"","overlay-color":"","overlay-opacity":"","overlay-gradient":""}},"ast-content-background-meta":{"desktop":{"background-color":"var(--ast-global-color-5)","background-image":"","background-repeat":"repeat","background-position":"center center","background-size":"auto","background-attachment":"scroll","background-type":"","background-media":"","overlay-type":"","overlay-color":"","overlay-opacity":"","overlay-gradient":""},"tablet":{"background-color":"var(--ast-global-color-5)","background-image":"","background-repeat":"repeat","background-position":"center center","background-size":"auto","background-attachment":"scroll","background-type":"","background-media":"","overlay-type":"","overlay-color":"","overlay-opacity":"","overlay-gradient":""},"mobile":{"background-color":"var(--ast-global-color-5)","background-image":"","background-repeat":"repeat","background-position":"center center","background-size":"auto","background-attachment":"scroll","background-type":"","background-media":"","overlay-type":"","overlay-color":"","overlay-opacity":"","overlay-gradient":""}}},"product_brand":[],"product_cat":[46609],"product_tag":[],"class_list":{"0":"post-27571","1":"product","2":"type-product","3":"status-publish","4":"has-post-thumbnail","6":"product_cat-lasers-a-lignes-croix-fr","7":"desktop-align-left","8":"tablet-align-left","9":"mobile-align-left","10":"ast-product-gallery-layout-horizontal-slider","11":"ast-product-tabs-layout-horizontal","13":"first","14":"instock","15":"shipping-taxable","16":"purchasable","17":"product-type-simple"},"acf":[],"_links":{"self":[{"href":"https:\/\/levelfixinstruments.com\/fr\/wp-json\/wp\/v2\/product\/27571","targetHints":{"allow":["GET"]}}],"collection":[{"href":"https:\/\/levelfixinstruments.com\/fr\/wp-json\/wp\/v2\/product"}],"about":[{"href":"https:\/\/levelfixinstruments.com\/fr\/wp-json\/wp\/v2\/types\/product"}],"wp:featuredmedia":[{"embeddable":true,"href":"https:\/\/levelfixinstruments.com\/fr\/wp-json\/wp\/v2\/media\/35435"}],"wp:attachment":[{"href":"https:\/\/levelfixinstruments.com\/fr\/wp-json\/wp\/v2\/media?parent=27571"}],"wp:term":[{"taxonomy":"product_brand","embeddable":true,"href":"https:\/\/levelfixinstruments.com\/fr\/wp-json\/wp\/v2\/product_brand?post=27571"},{"taxonomy":"product_cat","embeddable":true,"href":"https:\/\/levelfixinstruments.com\/fr\/wp-json\/wp\/v2\/product_cat?post=27571"},{"taxonomy":"product_tag","embeddable":true,"href":"https:\/\/levelfixinstruments.com\/fr\/wp-json\/wp\/v2\/product_tag?post=27571"}],"curies":[{"name":"wp","href":"https:\/\/api.w.org\/{rel}","templated":true}]}}