{"id":27591,"date":"2025-09-30T01:12:49","date_gmt":"2025-09-30T01:12:49","guid":{"rendered":"https:\/\/levelfixinstruments.com\/product\/levelfix-sld800-mm-recepteur-pour-860hvs\/"},"modified":"2025-11-25T09:26:53","modified_gmt":"2025-11-25T09:26:53","slug":"levelfix-sld800-mm-recepteur-pour-860hvs","status":"publish","type":"product","link":"https:\/\/levelfixinstruments.com\/fr\/produit\/lasers-fr\/recepteurs-fr\/levelfix-sld800-mm-recepteur-pour-860hvs\/","title":{"rendered":"LEVELFIX SLD800 MM R\u00c9CEPTEUR POUR 860HVS"},"content":{"rendered":"<h3>R\u00e9cepteur num\u00e9rique avec affichage en mm<\/h3>\n<p>Le SLD800 est adapt\u00e9 \u00e0 tous les lasers rotatifs \u00e0 faisceau rouge. Le r\u00e9cepteur dispose d&rsquo;une grande fen\u00eatre de r\u00e9ception, d&rsquo;un \u00e9cran \u00e9clair\u00e9 et clair et d&rsquo;une port\u00e9e de 500 m\u00e8tres. La pr\u00e9cision peut \u00eatre r\u00e9gl\u00e9e \u00e0 0,5, 1, 2 ou 5 mm.<\/p>\n<h3>Connexion BLE5<\/h3>\n<p>En associant le r\u00e9cepteur SLD800 \u00e0 la LEVELFIX 860HVS, l&rsquo;alignement du laser devient un jeu d&rsquo;enfant gr\u00e2ce \u00e0 la fonction d&rsquo;alignement et de suivi automatique. Le laser lui-m\u00eame cherchera le centre du r\u00e9cepteur SLD800 dans les positions horizontales et verticales. <\/p>\n<h3>Robuste<\/h3>\n<p>Le r\u00e9cepteur est robuste, r\u00e9sistant aux chocs et \u00e9tanche (IP67).<\/p>\n","protected":false},"excerpt":{"rendered":"<p>R\u00e9cepteur num\u00e9rique mm pour les lasers \u00e0 faisceau rouge visible et non visible. Le SLD800 est dot\u00e9 d&rsquo;une grande fen\u00eatre de r\u00e9ception, d&rsquo;un \u00e9cran lumineux r\u00e9tro\u00e9clair\u00e9 et d&rsquo;une grande plage de travail. La possibilit\u00e9 de coupler le r\u00e9cepteur via BLE5 avec le LEVELFIX 860HVS pour l&rsquo;alignement automatique est unique en son genre.  <\/p>\n","protected":false},"featured_media":34337,"template":"","meta":{"_acf_changed":false,"site-sidebar-layout":"default","site-content-layout":"","ast-site-content-layout":"default","site-content-style":"default","site-sidebar-style":"default","ast-global-header-display":"","ast-banner-title-visibility":"","ast-main-header-display":"","ast-hfb-above-header-display":"","ast-hfb-below-header-display":"","ast-hfb-mobile-header-display":"","site-post-title":"","ast-breadcrumbs-content":"","ast-featured-img":"","footer-sml-layout":"","ast-disable-related-posts":"","theme-transparent-header-meta":"","adv-header-id-meta":"","stick-header-meta":"","header-above-stick-meta":"","header-main-stick-meta":"","header-below-stick-meta":"","astra-migrate-meta-layouts":"default","ast-page-background-enabled":"default","ast-page-background-meta":{"desktop":{"background-color":"var(--ast-global-color-4)","background-image":"","background-repeat":"repeat","background-position":"center center","background-size":"auto","background-attachment":"scroll","background-type":"","background-media":"","overlay-type":"","overlay-color":"","overlay-opacity":"","overlay-gradient":""},"tablet":{"background-color":"","background-image":"","background-repeat":"repeat","background-position":"center center","background-size":"auto","background-attachment":"scroll","background-type":"","background-media":"","overlay-type":"","overlay-color":"","overlay-opacity":"","overlay-gradient":""},"mobile":{"background-color":"","background-image":"","background-repeat":"repeat","background-position":"center center","background-size":"auto","background-attachment":"scroll","background-type":"","background-media":"","overlay-type":"","overlay-color":"","overlay-opacity":"","overlay-gradient":""}},"ast-content-background-meta":{"desktop":{"background-color":"var(--ast-global-color-5)","background-image":"","background-repeat":"repeat","background-position":"center center","background-size":"auto","background-attachment":"scroll","background-type":"","background-media":"","overlay-type":"","overlay-color":"","overlay-opacity":"","overlay-gradient":""},"tablet":{"background-color":"var(--ast-global-color-5)","background-image":"","background-repeat":"repeat","background-position":"center center","background-size":"auto","background-attachment":"scroll","background-type":"","background-media":"","overlay-type":"","overlay-color":"","overlay-opacity":"","overlay-gradient":""},"mobile":{"background-color":"var(--ast-global-color-5)","background-image":"","background-repeat":"repeat","background-position":"center center","background-size":"auto","background-attachment":"scroll","background-type":"","background-media":"","overlay-type":"","overlay-color":"","overlay-opacity":"","overlay-gradient":""}}},"product_brand":[],"product_cat":[46632],"product_tag":[],"class_list":{"0":"post-27591","1":"product","2":"type-product","3":"status-publish","4":"has-post-thumbnail","6":"product_cat-recepteurs-fr","7":"desktop-align-left","8":"tablet-align-left","9":"mobile-align-left","10":"ast-product-gallery-layout-horizontal-slider","11":"ast-product-gallery-with-no-image","12":"ast-product-tabs-layout-horizontal","14":"first","15":"instock","16":"shipping-taxable","17":"purchasable","18":"product-type-simple"},"acf":[],"_links":{"self":[{"href":"https:\/\/levelfixinstruments.com\/fr\/wp-json\/wp\/v2\/product\/27591","targetHints":{"allow":["GET"]}}],"collection":[{"href":"https:\/\/levelfixinstruments.com\/fr\/wp-json\/wp\/v2\/product"}],"about":[{"href":"https:\/\/levelfixinstruments.com\/fr\/wp-json\/wp\/v2\/types\/product"}],"wp:featuredmedia":[{"embeddable":true,"href":"https:\/\/levelfixinstruments.com\/fr\/wp-json\/wp\/v2\/media\/34337"}],"wp:attachment":[{"href":"https:\/\/levelfixinstruments.com\/fr\/wp-json\/wp\/v2\/media?parent=27591"}],"wp:term":[{"taxonomy":"product_brand","embeddable":true,"href":"https:\/\/levelfixinstruments.com\/fr\/wp-json\/wp\/v2\/product_brand?post=27591"},{"taxonomy":"product_cat","embeddable":true,"href":"https:\/\/levelfixinstruments.com\/fr\/wp-json\/wp\/v2\/product_cat?post=27591"},{"taxonomy":"product_tag","embeddable":true,"href":"https:\/\/levelfixinstruments.com\/fr\/wp-json\/wp\/v2\/product_tag?post=27591"}],"curies":[{"name":"wp","href":"https:\/\/api.w.org\/{rel}","templated":true}]}}