{"id":27643,"date":"2025-09-30T01:12:52","date_gmt":"2025-09-30T01:12:52","guid":{"rendered":"https:\/\/levelfixinstruments.com\/product\/levelfix-650hvsg-multifonction-horizontal-vertical-construction-laser-green\/"},"modified":"2025-11-25T11:44:41","modified_gmt":"2025-11-25T11:44:41","slug":"levelfix-650hvsg-multifonction-horizontal-vertical-construction-laser-green","status":"publish","type":"product","link":"https:\/\/levelfixinstruments.com\/fr\/produit\/lasers-fr\/lasers-de-construction-fr\/levelfix-650hvsg-multifonction-horizontal-vertical-construction-laser-green\/","title":{"rendered":"LEVELFIX 650HVSG MULTIFONCTION HORIZONTAL VERTICAL CONSTRUCTION LASER VERT"},"content":{"rendered":"<p><strong><br \/>\n650HVSG &#8211; Le laser de d\u00e9molition polyvalent avec ligne verte et pente<\/strong>Que vous deviez installer des murs et des plafonds, tracer un b\u00e2timent ou des fondations, r\u00e9aliser des angles droits ou v\u00e9rifier des hauteurs, le LEVELFIX 650HVSG avec ses lignes vertes lumineuses peut tout faire. Ce laser dispose d&rsquo;une ligne horizontale et verticale et d&rsquo;un point d&rsquo;aplomb pratique pour un positionnement pr\u00e9cis. Gr\u00e2ce \u00e0 ses fonctions pratiques et \u00e0 sa port\u00e9e de 300 m\u00e8tres, le LEVELFIX 650HVSG convient \u00e0 tous les travaux de construction, d&rsquo;am\u00e9nagement int\u00e9rieur et de finition.<strong><\/strong>  <\/p>\n<p>T<strong>rac\u00e9 de la pente<\/strong> Le \u00bbs\u00ab dans le nom de ce laser signifie \u00bbslope\u00ab, ou pente. Avec le 650HVSG, vous pouvez r\u00e9gler une pente automatique allant jusqu&rsquo;\u00e0 10 % par pas de 0,05 %. Cela vous permet de d\u00e9finir une pente non seulement facilement, mais aussi avec une grande pr\u00e9cision.  <\/p>\n<p>T<strong>\u00e9l\u00e9commande<\/strong> : Une autre caract\u00e9ristique pratique du 650HVSG est que vous pouvez le contr\u00f4ler \u00e0 une distance maximale de 80 m\u00e8tres gr\u00e2ce \u00e0 la t\u00e9l\u00e9commande Bluetooth fournie. Cela vous \u00e9vite non seulement de faire des allers-retours, mais aussi de d\u00e9placer le laser lorsqu&rsquo;il est actionn\u00e9 manuellement. <\/p>\n<p>G<strong>rande fiabilit\u00e9<\/strong> : Le bo\u00eetier du 650HVSG est \u00e9tanche \u00e0 la poussi\u00e8re et \u00e0 l&rsquo;eau. Vous pouvez donc travailler sous la pluie ou sur un site de construction tr\u00e8s fr\u00e9quent\u00e9 sans probl\u00e8me. Quelqu&rsquo;un dans la foule renverse accidentellement votre laser ?   Lors de notre \u00bbtest de chute\u00ab, le 650HVSG a r\u00e9sist\u00e9 \u00e0 des chutes allant jusqu&rsquo;\u00e0 1 m\u00e8tre sans dommages s\u00e9rieux.<\/p>\n<p>Le laser n&rsquo;est pas tomb\u00e9, mais a \u00e9t\u00e9 heurt\u00e9 ? La fonction Tilt v\u00e9rifie constamment la hauteur et bloque si la hauteur a chang\u00e9. Cela permet d&rsquo;\u00e9viter les erreurs de mesure g\u00eanantes.  <\/p>\n<p>T<strong>ravail sans souci<\/strong> : La batterie Li-ion am\u00e9lior\u00e9e garantit \u00e9galement un travail sans probl\u00e8me pendant 36 heures avec une seule charge. M\u00eame apr\u00e8s cela, vous pouvez continuer \u00e0 travailler gr\u00e2ce \u00e0 la fonction Work&#038;Charge, qui recharge le laser pendant que vous travaillez. <\/p>\n<p>V<strong>itesse de rotation r\u00e9glable<\/strong> Tous les travaux ne n\u00e9cessitent pas la m\u00eame vitesse de rotation. C&rsquo;est pourquoi ce laser dispose d&rsquo;une vitesse de rotation r\u00e9glable de 0, 300, 600 ou 900 tr\/min. <\/p>\n<p>Livr\u00e9 avec <strong>r\u00e9cepteur<\/strong> : Le LEVELFIX 650HVS est livr\u00e9 avec le r\u00e9cepteur num\u00e9rique DLD100GR. Avec sa grande fen\u00eatre de r\u00e9ception, son \u00e9cran \u00e9clair\u00e9 et clair et sa port\u00e9e de 300 m\u00e8tres, ce r\u00e9cepteur est con\u00e7u pour une utilisation quotidienne ais\u00e9e. La position 0 est r\u00e9glable et la distance au point 0 peut \u00eatre lue en mm.<br \/>\nVous pouvez r\u00e9gler la pr\u00e9cision sur 1, 2, 5 ou 10 mm. Le DLD100GR est robuste, poss\u00e8de un bo\u00eetier r\u00e9sistant aux chocs et est \u00e9tanche (IP66).    <\/p>\n<p><strong>LEVELFIX\u2122 Smart Precision Tools \u2013 Innovant, pr\u00e9cis, robuste et 4 ans de garantie<\/strong><br \/>\nLes lasers LEVELFIX sont produits avec le plus grand soin et la plus grande pr\u00e9cision. En appliquant plus de 25 ans d&rsquo;exp\u00e9rience et de connaissances dans nos produits, vous avez entre les mains une qualit\u00e9 absolue de premier ordre. Nous en sommes convaincus et osons donc vous offrir 4 ans de garantie* sans souci.  <\/p>\n<p>* Prolongez la garantie d&rsquo;usine standard de 1 an \u00e0 4 ans en enregistrant votre laser dans les 2 semaines suivant l&rsquo;achat via Internet.<\/p>\n","protected":false},"excerpt":{"rendered":"<p>Le 650HVSG est un laser de chantier vert polyvalent dot\u00e9 d&rsquo;une port\u00e9e de 300 m\u00e8tres, d&rsquo;une grande pr\u00e9cision, d&rsquo;une pente automatique et d&rsquo;un bo\u00eetier \u00e9tanche \u00e0 la poussi\u00e8re et \u00e0 l&rsquo;eau. Le laser est livr\u00e9 avec une t\u00e9l\u00e9commande et un r\u00e9cepteur. <\/p>\n","protected":false},"featured_media":34937,"template":"","meta":{"_acf_changed":false,"site-sidebar-layout":"default","site-content-layout":"","ast-site-content-layout":"default","site-content-style":"default","site-sidebar-style":"default","ast-global-header-display":"","ast-banner-title-visibility":"","ast-main-header-display":"","ast-hfb-above-header-display":"","ast-hfb-below-header-display":"","ast-hfb-mobile-header-display":"","site-post-title":"","ast-breadcrumbs-content":"","ast-featured-img":"","footer-sml-layout":"","ast-disable-related-posts":"","theme-transparent-header-meta":"","adv-header-id-meta":"","stick-header-meta":"","header-above-stick-meta":"","header-main-stick-meta":"","header-below-stick-meta":"","astra-migrate-meta-layouts":"default","ast-page-background-enabled":"default","ast-page-background-meta":{"desktop":{"background-color":"var(--ast-global-color-4)","background-image":"","background-repeat":"repeat","background-position":"center center","background-size":"auto","background-attachment":"scroll","background-type":"","background-media":"","overlay-type":"","overlay-color":"","overlay-opacity":"","overlay-gradient":""},"tablet":{"background-color":"","background-image":"","background-repeat":"repeat","background-position":"center center","background-size":"auto","background-attachment":"scroll","background-type":"","background-media":"","overlay-type":"","overlay-color":"","overlay-opacity":"","overlay-gradient":""},"mobile":{"background-color":"","background-image":"","background-repeat":"repeat","background-position":"center center","background-size":"auto","background-attachment":"scroll","background-type":"","background-media":"","overlay-type":"","overlay-color":"","overlay-opacity":"","overlay-gradient":""}},"ast-content-background-meta":{"desktop":{"background-color":"var(--ast-global-color-5)","background-image":"","background-repeat":"repeat","background-position":"center center","background-size":"auto","background-attachment":"scroll","background-type":"","background-media":"","overlay-type":"","overlay-color":"","overlay-opacity":"","overlay-gradient":""},"tablet":{"background-color":"var(--ast-global-color-5)","background-image":"","background-repeat":"repeat","background-position":"center center","background-size":"auto","background-attachment":"scroll","background-type":"","background-media":"","overlay-type":"","overlay-color":"","overlay-opacity":"","overlay-gradient":""},"mobile":{"background-color":"var(--ast-global-color-5)","background-image":"","background-repeat":"repeat","background-position":"center center","background-size":"auto","background-attachment":"scroll","background-type":"","background-media":"","overlay-type":"","overlay-color":"","overlay-opacity":"","overlay-gradient":""}}},"product_brand":[],"product_cat":[46585],"product_tag":[],"class_list":{"0":"post-27643","1":"product","2":"type-product","3":"status-publish","4":"has-post-thumbnail","6":"product_cat-lasers-de-construction-fr","7":"desktop-align-left","8":"tablet-align-left","9":"mobile-align-left","10":"ast-product-gallery-layout-horizontal-slider","11":"ast-product-tabs-layout-horizontal","13":"first","14":"instock","15":"shipping-taxable","16":"purchasable","17":"product-type-simple"},"acf":[],"_links":{"self":[{"href":"https:\/\/levelfixinstruments.com\/fr\/wp-json\/wp\/v2\/product\/27643","targetHints":{"allow":["GET"]}}],"collection":[{"href":"https:\/\/levelfixinstruments.com\/fr\/wp-json\/wp\/v2\/product"}],"about":[{"href":"https:\/\/levelfixinstruments.com\/fr\/wp-json\/wp\/v2\/types\/product"}],"wp:featuredmedia":[{"embeddable":true,"href":"https:\/\/levelfixinstruments.com\/fr\/wp-json\/wp\/v2\/media\/34937"}],"wp:attachment":[{"href":"https:\/\/levelfixinstruments.com\/fr\/wp-json\/wp\/v2\/media?parent=27643"}],"wp:term":[{"taxonomy":"product_brand","embeddable":true,"href":"https:\/\/levelfixinstruments.com\/fr\/wp-json\/wp\/v2\/product_brand?post=27643"},{"taxonomy":"product_cat","embeddable":true,"href":"https:\/\/levelfixinstruments.com\/fr\/wp-json\/wp\/v2\/product_cat?post=27643"},{"taxonomy":"product_tag","embeddable":true,"href":"https:\/\/levelfixinstruments.com\/fr\/wp-json\/wp\/v2\/product_tag?post=27643"}],"curies":[{"name":"wp","href":"https:\/\/api.w.org\/{rel}","templated":true}]}}