{"id":27683,"date":"2025-09-30T01:13:17","date_gmt":"2025-09-30T01:13:17","guid":{"rendered":"https:\/\/levelfixinstruments.com\/product\/levelfix-860hvs-laser-de-nivellement-numerique-polyvalent\/"},"modified":"2025-11-28T08:19:44","modified_gmt":"2025-11-28T08:19:44","slug":"levelfix-860hvs-laser-de-nivellement-numerique-polyvalent","status":"publish","type":"product","link":"https:\/\/levelfixinstruments.com\/fr\/produit\/lasers-fr\/lasers-de-construction-fr\/levelfix-860hvs-laser-de-nivellement-numerique-polyvalent\/","title":{"rendered":"LEVELFIX 860HVS LASER DE NIVELLEMENT NUM\u00c9RIQUE POLYVALENT"},"content":{"rendered":"<p><strong>Le laser de cisaillement num\u00e9rique intelligent<\/strong><\/p>\n<p>La pente peut \u00eatre r\u00e9gl\u00e9e num\u00e9riquement sur les deux axes du 860HVS, qui dispose d&rsquo;un grand \u00e9cran clair. La technologie SmartSlope assure une pente contr\u00f4l\u00e9e avec une protection HI et surveille les fluctuations de temp\u00e9rature. L&rsquo;alignement devient un jeu d&rsquo;enfant, la fonction unique d&rsquo;alignement automatique sur les axes x et y garantit que le laser localise lui-m\u00eame le centre du r\u00e9cepteur. Placez le r\u00e9cepteur en altitude et, d&rsquo;une simple pression sur un bouton, le laser trouvera le r\u00e9cepteur lui-m\u00eame et une pente sera d\u00e9finie. La vitesse \u00e9lev\u00e9e r\u00e9glable de 1200 tr\/min rend le laser id\u00e9al pour l&rsquo;utilisation de r\u00e9cepteurs de machines. En outre, le 860HVS est \u00e9quip\u00e9 d&rsquo;une fonction de d\u00e9sactivation des fen\u00eatres (\u00bbaveuglement\u00ab de certains c\u00f4t\u00e9s). Cette fonction vous permet d&rsquo;utiliser le laser m\u00eame en cas de r\u00e9flexion du faisceau laser. Il vous suffit d&rsquo;\u00e9teindre le c\u00f4t\u00e9 qui provoque une r\u00e9flexion \u00e0 proximit\u00e9 de fen\u00eatres ou de mat\u00e9riaux r\u00e9fl\u00e9chissants, ou \u00e0 un endroit o\u00f9 le faisceau laser ne devrait pas \u00eatre d\u00e9tectable.       <\/p>\n<p><strong>Vertical<\/strong><\/p>\n<p>Le 860HVS peut \u00eatre plac\u00e9 verticalement. La fonction d&rsquo;aplomb garantit que le faisceau laser est automatiquement orient\u00e9 vers le bas, ce qui permet un positionnement pr\u00e9cis. En position verticale, la fonction d&rsquo;alignement automatique peut \u00e9galement \u00eatre utilis\u00e9e, ce qui rend l&rsquo;alignement vertical jusqu&rsquo;\u00e0 100 m\u00e8tres particuli\u00e8rement facile et rapide. La fonction de suivi automatique (Auto Tracking) continue \u00e0 suivre le r\u00e9cepteur et est id\u00e9ale pour le suivi continu de la position. De plus, la ligne verticale peut \u00eatre r\u00e9gl\u00e9e tr\u00e8s pr\u00e9cis\u00e9ment \u00e0 l&rsquo;aide de la t\u00e9l\u00e9commande. Le 860HVS est donc id\u00e9al pour l&rsquo;alignement et le tra\u00e7age de lignes verticales sur de longues distances, par exemple pour la construction de fa\u00e7ades, les travaux de charpente, les cadres de b\u00e2timents, les fondations et bien d&rsquo;autres applications.     <\/p>\n<p><strong>Travailler sans fin<\/strong><\/p>\n<p>&gt;La puissante batterie Nimh garantit une autonomie de 50 heures par cycle de charge. Si la batterie s&rsquo;\u00e9puise inopin\u00e9ment en cours d&rsquo;utilisation, vous pouvez utiliser le laser pendant qu&rsquo;il est en cours de chargement ou le laser peut \u00eatre utilis\u00e9 avec des piles normales \u00e0 l&rsquo;aide du support de piles fourni. <\/p>\n<p><strong>R\u00e9cepteur MM num\u00e9rique et t\u00e9l\u00e9commande<\/strong><\/p>\n<p>Le laser est livr\u00e9 en standard avec le r\u00e9cepteur robuste SLD800 millim\u00e8tre. Celui-ci vous permet de lire la diff\u00e9rence par rapport au centre en MM.  La pr\u00e9cision r\u00e9glable rend le SLD800 adapt\u00e9 \u00e0 tous types de travaux. Le SLD800 est \u00e9quip\u00e9 de LED lumineuses, d&rsquo;un niveau sonore r\u00e9glable et d&rsquo;un \u00e9cran LCD \u00e9clair\u00e9 des deux c\u00f4t\u00e9s. Avec la t\u00e9l\u00e9commande dot\u00e9e de la derni\u00e8re g\u00e9n\u00e9ration de connexion Bluetooth BLE5, vous pouvez commander toutes les fonctions du laser jusqu&rsquo;\u00e0 une distance de 100 m\u00e8tres.  <\/p>\n<p><strong>LEVELFIX Connect<\/strong><\/p>\n<p>La communication intelligente entre votre appareil Android ou IOS et votre laser LEVELFIX. Avec l&rsquo;application LEVELFIX CONNECT, vous connectez facilement le laser \u00e0 votre smartphone. Une fois connect\u00e9, vous pouvez, entre autres, contr\u00f4ler le laser \u00e0 distance, d\u00e9finir une pente num\u00e9rique et t\u00e9l\u00e9charger le manuel.  <\/p>\n","protected":false},"excerpt":{"rendered":"<p>Laser num\u00e9rique \u00e0 double pente avec une pente horizontale, verticale et double jusqu&rsquo;\u00e0 8%, une grande port\u00e9e (1100m !) et une grande pr\u00e9cision. Ce laser poss\u00e8de \u00e9galement des fonctions pratiques telles que l&rsquo;alignement automatique et l&rsquo;arr\u00eat de la fen\u00eatre. Livr\u00e9 avec un r\u00e9cepteur MM num\u00e9rique, une t\u00e9l\u00e9commande et une garantie Construct de 7 ans.  <\/p>\n","protected":false},"featured_media":35458,"template":"","meta":{"_acf_changed":false,"site-sidebar-layout":"default","site-content-layout":"","ast-site-content-layout":"default","site-content-style":"default","site-sidebar-style":"default","ast-global-header-display":"","ast-banner-title-visibility":"","ast-main-header-display":"","ast-hfb-above-header-display":"","ast-hfb-below-header-display":"","ast-hfb-mobile-header-display":"","site-post-title":"","ast-breadcrumbs-content":"","ast-featured-img":"","footer-sml-layout":"","ast-disable-related-posts":"","theme-transparent-header-meta":"","adv-header-id-meta":"","stick-header-meta":"","header-above-stick-meta":"","header-main-stick-meta":"","header-below-stick-meta":"","astra-migrate-meta-layouts":"default","ast-page-background-enabled":"default","ast-page-background-meta":{"desktop":{"background-color":"var(--ast-global-color-4)","background-image":"","background-repeat":"repeat","background-position":"center center","background-size":"auto","background-attachment":"scroll","background-type":"","background-media":"","overlay-type":"","overlay-color":"","overlay-opacity":"","overlay-gradient":""},"tablet":{"background-color":"","background-image":"","background-repeat":"repeat","background-position":"center center","background-size":"auto","background-attachment":"scroll","background-type":"","background-media":"","overlay-type":"","overlay-color":"","overlay-opacity":"","overlay-gradient":""},"mobile":{"background-color":"","background-image":"","background-repeat":"repeat","background-position":"center center","background-size":"auto","background-attachment":"scroll","background-type":"","background-media":"","overlay-type":"","overlay-color":"","overlay-opacity":"","overlay-gradient":""}},"ast-content-background-meta":{"desktop":{"background-color":"var(--ast-global-color-5)","background-image":"","background-repeat":"repeat","background-position":"center center","background-size":"auto","background-attachment":"scroll","background-type":"","background-media":"","overlay-type":"","overlay-color":"","overlay-opacity":"","overlay-gradient":""},"tablet":{"background-color":"var(--ast-global-color-5)","background-image":"","background-repeat":"repeat","background-position":"center center","background-size":"auto","background-attachment":"scroll","background-type":"","background-media":"","overlay-type":"","overlay-color":"","overlay-opacity":"","overlay-gradient":""},"mobile":{"background-color":"var(--ast-global-color-5)","background-image":"","background-repeat":"repeat","background-position":"center center","background-size":"auto","background-attachment":"scroll","background-type":"","background-media":"","overlay-type":"","overlay-color":"","overlay-opacity":"","overlay-gradient":""}}},"product_brand":[],"product_cat":[46585],"product_tag":[],"class_list":{"0":"post-27683","1":"product","2":"type-product","3":"status-publish","4":"has-post-thumbnail","6":"product_cat-lasers-de-construction-fr","7":"desktop-align-left","8":"tablet-align-left","9":"mobile-align-left","10":"ast-product-gallery-layout-horizontal-slider","11":"ast-product-tabs-layout-horizontal","13":"first","14":"instock","15":"shipping-taxable","16":"purchasable","17":"product-type-simple"},"acf":[],"_links":{"self":[{"href":"https:\/\/levelfixinstruments.com\/fr\/wp-json\/wp\/v2\/product\/27683","targetHints":{"allow":["GET"]}}],"collection":[{"href":"https:\/\/levelfixinstruments.com\/fr\/wp-json\/wp\/v2\/product"}],"about":[{"href":"https:\/\/levelfixinstruments.com\/fr\/wp-json\/wp\/v2\/types\/product"}],"wp:featuredmedia":[{"embeddable":true,"href":"https:\/\/levelfixinstruments.com\/fr\/wp-json\/wp\/v2\/media\/35458"}],"wp:attachment":[{"href":"https:\/\/levelfixinstruments.com\/fr\/wp-json\/wp\/v2\/media?parent=27683"}],"wp:term":[{"taxonomy":"product_brand","embeddable":true,"href":"https:\/\/levelfixinstruments.com\/fr\/wp-json\/wp\/v2\/product_brand?post=27683"},{"taxonomy":"product_cat","embeddable":true,"href":"https:\/\/levelfixinstruments.com\/fr\/wp-json\/wp\/v2\/product_cat?post=27683"},{"taxonomy":"product_tag","embeddable":true,"href":"https:\/\/levelfixinstruments.com\/fr\/wp-json\/wp\/v2\/product_tag?post=27683"}],"curies":[{"name":"wp","href":"https:\/\/api.w.org\/{rel}","templated":true}]}}