{"id":27719,"date":"2025-09-30T01:13:32","date_gmt":"2025-09-30T01:13:32","guid":{"rendered":"https:\/\/levelfixinstruments.com\/product\/levelfix-860h-horizontal-construction-laser-with-mm-receiver\/"},"modified":"2025-11-25T09:29:03","modified_gmt":"2025-11-25T09:29:03","slug":"levelfix-860h-horizontal-construction-laser-with-mm-receiver","status":"publish","type":"product","link":"https:\/\/levelfixinstruments.com\/fr\/produit\/lasers-fr\/lasers-de-construction-fr\/levelfix-860h-horizontal-construction-laser-with-mm-receiver\/","title":{"rendered":"LEVELFIX 860H HORIZONTAL CONSTRUCTION LASER AVEC RECEPTEUR MM"},"content":{"rendered":"<p>LEVELFIX 860H &#8211; Laser de chantier horizontal avec faisceau rouge<\/p>\n<p><strong>La norme pour chaque construction : Le 860H est un laser de construction horizontal robuste qui fonctionne dans les conditions les plus difficiles. Par exemple, le 860H est dot\u00e9 d&rsquo;un bo\u00eetier extr\u00eamement robuste et, gr\u00e2ce \u00e0 son indice de protection IP67, il est prot\u00e9g\u00e9 contre toutes les conditions m\u00e9t\u00e9orologiques. Gr\u00e2ce \u00e0 ses excellentes sp\u00e9cifications, le 860H est un partenaire fiable pour tous les projets.<\/strong>  <\/p>\n<p><strong>Une fiabilit\u00e9 \u00e0 toute \u00e9preuve : Gr\u00e2ce \u00e0 la fonction d&rsquo;inclinaison, le laser v\u00e9rifie constamment la hauteur, de sorte que vous travaillez toujours avec la bonne taille. La hauteur change en raison d&rsquo;un mouvement ? Dans ce cas, le laser se bloque automatiquement, ce qui vous permet de ne jamais vous tromper. En plus de cette fonction, le 860H dispose d&rsquo;une fonction d&rsquo;inclinaison. Cette fonction vous permet de r\u00e9gler rapidement et facilement une pente semi-automatique sur les axes x et y.<\/strong>    <\/p>\n<p><strong>R\u00e9cepteur num\u00e9rique de s\u00e9rie: La LEVELFIX 860H est livr\u00e9e avec le r\u00e9cepteur num\u00e9rique DLD100GR, ce qui lui conf\u00e8re une port\u00e9e allant jusqu&rsquo;\u00e0 600 m. Ce r\u00e9cepteur est pr\u00e9cis, facile \u00e0 utiliser, r\u00e9sistant \u00e0 l&rsquo;humidit\u00e9 et r\u00e9sistant aux chocs. Ce r\u00e9cepteur est pr\u00e9cis, facile \u00e0 utiliser, r\u00e9sistant \u00e0 l&rsquo;humidit\u00e9 et aux chocs. De plus, ce r\u00e9cepteur affiche la diff\u00e9rence par rapport \u00e0 la ligne 0 en millim\u00e8tres.<\/strong>  <\/p>\n<p><strong>Une utilisation sans fin : Vous pouvez travailler avec le 860H pendant 55 heures avant que la batterie n&rsquo;ait besoin d&rsquo;\u00eatre recharg\u00e9e. Mais m\u00eame dans ce cas, votre travail ne doit pas s&rsquo;arr\u00eater. Gr\u00e2ce \u00e0 la fonction Charge&#038;Work, vous rechargez le laser pendant que vous l&rsquo;utilisez. Le 860H est donc le laser de chantier id\u00e9al pour les utilisateurs les plus exigeants et fait partie de notre gamme LEVELFIX Construct pour de bonnes raisons.<\/strong>   <\/p>\n<p><strong>Garantie CONSTRUCT de 7 ans : Les instruments LEVELFIX CONSTRUCT sont dot\u00e9s de composants de haute qualit\u00e9, ce qui se traduit par une grande fiabilit\u00e9, d&rsquo;excellentes sp\u00e9cifications et un instrument dont vous profiterez pendant de nombreuses ann\u00e9es. Vous b\u00e9n\u00e9ficiez d&rsquo;une garantie de 7 ans sur ces instruments. Vous pouvez \u00eatre s\u00fbr de pouvoir compter sur un instrument LEVELFIX CONSTRUCT.<\/strong>  <\/p>\n","protected":false},"excerpt":{"rendered":"<p>Laser de chantier horizontal rouge avec une port\u00e9e de 800 m\u00e8tres, une grande pr\u00e9cision, une protection IP67 et une longue dur\u00e9e de vie. Le laser est dot\u00e9 d&rsquo;une fonction d&rsquo;inclinaison manuelle et d&rsquo;une fonction TILT et b\u00e9n\u00e9ficie d&rsquo;une garantie de construction de 7 ans.<\/p>\n","protected":false},"featured_media":34521,"template":"","meta":{"_acf_changed":false,"site-sidebar-layout":"default","site-content-layout":"","ast-site-content-layout":"default","site-content-style":"default","site-sidebar-style":"default","ast-global-header-display":"","ast-banner-title-visibility":"","ast-main-header-display":"","ast-hfb-above-header-display":"","ast-hfb-below-header-display":"","ast-hfb-mobile-header-display":"","site-post-title":"","ast-breadcrumbs-content":"","ast-featured-img":"","footer-sml-layout":"","ast-disable-related-posts":"","theme-transparent-header-meta":"","adv-header-id-meta":"","stick-header-meta":"","header-above-stick-meta":"","header-main-stick-meta":"","header-below-stick-meta":"","astra-migrate-meta-layouts":"default","ast-page-background-enabled":"default","ast-page-background-meta":{"desktop":{"background-color":"var(--ast-global-color-4)","background-image":"","background-repeat":"repeat","background-position":"center center","background-size":"auto","background-attachment":"scroll","background-type":"","background-media":"","overlay-type":"","overlay-color":"","overlay-opacity":"","overlay-gradient":""},"tablet":{"background-color":"","background-image":"","background-repeat":"repeat","background-position":"center center","background-size":"auto","background-attachment":"scroll","background-type":"","background-media":"","overlay-type":"","overlay-color":"","overlay-opacity":"","overlay-gradient":""},"mobile":{"background-color":"","background-image":"","background-repeat":"repeat","background-position":"center center","background-size":"auto","background-attachment":"scroll","background-type":"","background-media":"","overlay-type":"","overlay-color":"","overlay-opacity":"","overlay-gradient":""}},"ast-content-background-meta":{"desktop":{"background-color":"var(--ast-global-color-5)","background-image":"","background-repeat":"repeat","background-position":"center center","background-size":"auto","background-attachment":"scroll","background-type":"","background-media":"","overlay-type":"","overlay-color":"","overlay-opacity":"","overlay-gradient":""},"tablet":{"background-color":"var(--ast-global-color-5)","background-image":"","background-repeat":"repeat","background-position":"center center","background-size":"auto","background-attachment":"scroll","background-type":"","background-media":"","overlay-type":"","overlay-color":"","overlay-opacity":"","overlay-gradient":""},"mobile":{"background-color":"var(--ast-global-color-5)","background-image":"","background-repeat":"repeat","background-position":"center center","background-size":"auto","background-attachment":"scroll","background-type":"","background-media":"","overlay-type":"","overlay-color":"","overlay-opacity":"","overlay-gradient":""}}},"product_brand":[],"product_cat":[46585],"product_tag":[],"class_list":{"0":"post-27719","1":"product","2":"type-product","3":"status-publish","4":"has-post-thumbnail","6":"product_cat-lasers-de-construction-fr","7":"desktop-align-left","8":"tablet-align-left","9":"mobile-align-left","10":"ast-product-gallery-layout-horizontal-slider","11":"ast-product-tabs-layout-horizontal","13":"first","14":"instock","15":"shipping-taxable","16":"purchasable","17":"product-type-simple"},"acf":[],"_links":{"self":[{"href":"https:\/\/levelfixinstruments.com\/fr\/wp-json\/wp\/v2\/product\/27719","targetHints":{"allow":["GET"]}}],"collection":[{"href":"https:\/\/levelfixinstruments.com\/fr\/wp-json\/wp\/v2\/product"}],"about":[{"href":"https:\/\/levelfixinstruments.com\/fr\/wp-json\/wp\/v2\/types\/product"}],"wp:featuredmedia":[{"embeddable":true,"href":"https:\/\/levelfixinstruments.com\/fr\/wp-json\/wp\/v2\/media\/34521"}],"wp:attachment":[{"href":"https:\/\/levelfixinstruments.com\/fr\/wp-json\/wp\/v2\/media?parent=27719"}],"wp:term":[{"taxonomy":"product_brand","embeddable":true,"href":"https:\/\/levelfixinstruments.com\/fr\/wp-json\/wp\/v2\/product_brand?post=27719"},{"taxonomy":"product_cat","embeddable":true,"href":"https:\/\/levelfixinstruments.com\/fr\/wp-json\/wp\/v2\/product_cat?post=27719"},{"taxonomy":"product_tag","embeddable":true,"href":"https:\/\/levelfixinstruments.com\/fr\/wp-json\/wp\/v2\/product_tag?post=27719"}],"curies":[{"name":"wp","href":"https:\/\/api.w.org\/{rel}","templated":true}]}}