{"id":27767,"date":"2025-09-30T01:13:50","date_gmt":"2025-09-30T01:13:50","guid":{"rendered":"https:\/\/levelfixinstruments.com\/product\/levelfix-650hvs-multifonction-horizontal-vertical-construction-laser\/"},"modified":"2025-11-25T11:38:41","modified_gmt":"2025-11-25T11:38:41","slug":"levelfix-650hvs-multifonction-horizontal-vertical-construction-laser","status":"publish","type":"product","link":"https:\/\/levelfixinstruments.com\/fr\/produit\/lasers-fr\/lasers-de-construction-fr\/levelfix-650hvs-multifonction-horizontal-vertical-construction-laser\/","title":{"rendered":"LEVELFIX 650HVS MULTIFONCTION HORIZONTAL VERTICAL CONSTRUCTION LASER"},"content":{"rendered":"<p>650HVS <strong>&#8211; Le laser de chantier tout-en-un avec biseau num\u00e9rique<\/strong> Le 650HVS est un laser polyvalent qui convient \u00e0 une grande vari\u00e9t\u00e9 de projets de construction, qu&rsquo;il s&rsquo;agisse de terrassement, de construction de routes, d&rsquo;ing\u00e9nierie hydraulique ou de construction de maisons et de b\u00e2timents commerciaux, ce laser peut tout faire. Avec une port\u00e9e de 900 m\u00e8tres, une grande pr\u00e9cision et un bo\u00eetier \u00e9tanche, le 650HVS est un partenaire fiable sur tous les chantiers. <\/p>\n<p>T<strong>rac\u00e9 de la pente<\/strong> : Le \u00bbs\u00ab dans le nom de ce laser signifie \u00bbslope\u00ab, ou pente. Avec le 650HVS, vous pouvez r\u00e9gler une pente automatique allant jusqu&rsquo;\u00e0 10 % par pas de 0,05 %. Ainsi, vous pouvez non seulement d\u00e9finir une pente facilement, mais aussi avec pr\u00e9cision.  <\/p>\n<p>T<strong>\u00e9l\u00e9commande<\/strong> : Une autre caract\u00e9ristique pratique du 650HVS est que vous pouvez le contr\u00f4ler \u00e0 une distance allant jusqu&rsquo;\u00e0 80 m\u00e8tres gr\u00e2ce \u00e0 la t\u00e9l\u00e9commande Bluetooth fournie. Cela vous \u00e9vite non seulement de faire des allers-retours, mais aussi de d\u00e9placer le laser lorsqu&rsquo;il est actionn\u00e9 manuellement. <\/p>\n<p>G<strong>rande fiabilit\u00e9<\/strong> : Le bo\u00eetier du 650HVS est \u00e9tanche \u00e0 la poussi\u00e8re et \u00e0 l&rsquo;eau. Cela permet de travailler sous la pluie ou sur un chantier de construction tr\u00e8s fr\u00e9quent\u00e9. Quelqu&rsquo;un renverse-t-il accidentellement votre laser dans cette foule ? Lors de notre \u00bbtest de chute\u00ab, le 650HVS a r\u00e9sist\u00e9 \u00e0 des chutes allant jusqu&rsquo;\u00e0 1 m\u00e8tre sans dommages s\u00e9rieux.   <\/p>\n<p>Le laser n&rsquo;est pas tomb\u00e9, mais il a touch\u00e9 ? M\u00eame dans ce cas, vous ne risquez pas de vous perdre. La fonction Tilt v\u00e9rifie constamment la hauteur et bloque le syst\u00e8me si la hauteur a chang\u00e9. Cela permet d&rsquo;\u00e9viter les erreurs de mesure g\u00eanantes.   <\/p>\n<p>T<strong>ravail sans souci<\/strong> : La batterie Li-ion am\u00e9lior\u00e9e garantit \u00e9galement un travail sans probl\u00e8me pendant 36 heures avec une seule charge. M\u00eame apr\u00e8s cela, vous pouvez continuer \u00e0 travailler gr\u00e2ce \u00e0 la fonction Work&#038;Charge, qui recharge le laser pendant que vous travaillez. <\/p>\n<p>V<strong>itesse de rotation r\u00e9glable<\/strong> Tous les travaux ne n\u00e9cessitent pas la m\u00eame vitesse de rotation. C&rsquo;est pourquoi ce laser dispose d&rsquo;une vitesse de rotation r\u00e9glable de 0, 300, 600 ou 900 tr\/min. <\/p>\n<p><strong>Complet avec r\u00e9cepteur : <\/strong>Le LEVELFIX 650HVS est livr\u00e9 complet avec le r\u00e9cepteur num\u00e9rique mm DLD100GR. Gr\u00e2ce \u00e0 sa grande fen\u00eatre de r\u00e9ception, son \u00e9cran lumineux et clair et sa port\u00e9e de 300 m\u00e8tres, ce r\u00e9cepteur est con\u00e7u pour une facilit\u00e9 d&rsquo;utilisation quotidienne. La position 0 est r\u00e9glable et la distance par rapport au point 0 peut \u00eatre lue en mm. Vous pouvez ainsi transf\u00e9rer facilement et rapidement les hauteurs. Vous pouvez r\u00e9gler la pr\u00e9cision sur 1, 2, 5 ou 10 mm. Le DLD100GR est robuste, poss\u00e8de un bo\u00eetier r\u00e9sistant aux chocs et aux impacts et est \u00e9tanche (IP66).<\/p>\n<p><strong>LEVELFIX\u2122 Smart Precision Tools \u2013 Innovant, pr\u00e9cis, robuste et 4 ans de garantie<\/strong><br \/>\nLes lasers LEVELFIX sont produits avec le plus grand soin et la plus grande pr\u00e9cision. En appliquant plus de 25 ans d&rsquo;exp\u00e9rience et de connaissances dans nos produits, vous avez entre les mains une qualit\u00e9 absolue de premier ordre. Nous en sommes convaincus et osons donc vous offrir 4 ans de garantie* sans souci.  <\/p>\n<p>* Prolongez la garantie d&rsquo;usine standard de 1 an \u00e0 4 ans en enregistrant votre laser dans les 2 semaines suivant l&rsquo;achat via Internet.<\/p>\n","protected":false},"excerpt":{"rendered":"<p>Le 650HVS est un laser de chantier polyvalent dot\u00e9 d&rsquo;une port\u00e9e de 900 m\u00e8tres, d&rsquo;une grande pr\u00e9cision, d&rsquo;une pente automatique et d&rsquo;un bo\u00eetier \u00e9tanche \u00e0 la poussi\u00e8re et \u00e0 l&rsquo;eau. Le laser est livr\u00e9 avec une t\u00e9l\u00e9commande et un r\u00e9cepteur. <\/p>\n","protected":false},"featured_media":34893,"template":"","meta":{"_acf_changed":false,"site-sidebar-layout":"default","site-content-layout":"","ast-site-content-layout":"default","site-content-style":"default","site-sidebar-style":"default","ast-global-header-display":"","ast-banner-title-visibility":"","ast-main-header-display":"","ast-hfb-above-header-display":"","ast-hfb-below-header-display":"","ast-hfb-mobile-header-display":"","site-post-title":"","ast-breadcrumbs-content":"","ast-featured-img":"","footer-sml-layout":"","ast-disable-related-posts":"","theme-transparent-header-meta":"","adv-header-id-meta":"","stick-header-meta":"","header-above-stick-meta":"","header-main-stick-meta":"","header-below-stick-meta":"","astra-migrate-meta-layouts":"default","ast-page-background-enabled":"default","ast-page-background-meta":{"desktop":{"background-color":"var(--ast-global-color-4)","background-image":"","background-repeat":"repeat","background-position":"center center","background-size":"auto","background-attachment":"scroll","background-type":"","background-media":"","overlay-type":"","overlay-color":"","overlay-opacity":"","overlay-gradient":""},"tablet":{"background-color":"","background-image":"","background-repeat":"repeat","background-position":"center center","background-size":"auto","background-attachment":"scroll","background-type":"","background-media":"","overlay-type":"","overlay-color":"","overlay-opacity":"","overlay-gradient":""},"mobile":{"background-color":"","background-image":"","background-repeat":"repeat","background-position":"center center","background-size":"auto","background-attachment":"scroll","background-type":"","background-media":"","overlay-type":"","overlay-color":"","overlay-opacity":"","overlay-gradient":""}},"ast-content-background-meta":{"desktop":{"background-color":"var(--ast-global-color-5)","background-image":"","background-repeat":"repeat","background-position":"center center","background-size":"auto","background-attachment":"scroll","background-type":"","background-media":"","overlay-type":"","overlay-color":"","overlay-opacity":"","overlay-gradient":""},"tablet":{"background-color":"var(--ast-global-color-5)","background-image":"","background-repeat":"repeat","background-position":"center center","background-size":"auto","background-attachment":"scroll","background-type":"","background-media":"","overlay-type":"","overlay-color":"","overlay-opacity":"","overlay-gradient":""},"mobile":{"background-color":"var(--ast-global-color-5)","background-image":"","background-repeat":"repeat","background-position":"center center","background-size":"auto","background-attachment":"scroll","background-type":"","background-media":"","overlay-type":"","overlay-color":"","overlay-opacity":"","overlay-gradient":""}}},"product_brand":[],"product_cat":[46585],"product_tag":[],"class_list":{"0":"post-27767","1":"product","2":"type-product","3":"status-publish","4":"has-post-thumbnail","6":"product_cat-lasers-de-construction-fr","7":"desktop-align-left","8":"tablet-align-left","9":"mobile-align-left","10":"ast-product-gallery-layout-horizontal-slider","11":"ast-product-tabs-layout-horizontal","13":"first","14":"instock","15":"shipping-taxable","16":"purchasable","17":"product-type-simple"},"acf":[],"_links":{"self":[{"href":"https:\/\/levelfixinstruments.com\/fr\/wp-json\/wp\/v2\/product\/27767","targetHints":{"allow":["GET"]}}],"collection":[{"href":"https:\/\/levelfixinstruments.com\/fr\/wp-json\/wp\/v2\/product"}],"about":[{"href":"https:\/\/levelfixinstruments.com\/fr\/wp-json\/wp\/v2\/types\/product"}],"wp:featuredmedia":[{"embeddable":true,"href":"https:\/\/levelfixinstruments.com\/fr\/wp-json\/wp\/v2\/media\/34893"}],"wp:attachment":[{"href":"https:\/\/levelfixinstruments.com\/fr\/wp-json\/wp\/v2\/media?parent=27767"}],"wp:term":[{"taxonomy":"product_brand","embeddable":true,"href":"https:\/\/levelfixinstruments.com\/fr\/wp-json\/wp\/v2\/product_brand?post=27767"},{"taxonomy":"product_cat","embeddable":true,"href":"https:\/\/levelfixinstruments.com\/fr\/wp-json\/wp\/v2\/product_cat?post=27767"},{"taxonomy":"product_tag","embeddable":true,"href":"https:\/\/levelfixinstruments.com\/fr\/wp-json\/wp\/v2\/product_tag?post=27767"}],"curies":[{"name":"wp","href":"https:\/\/api.w.org\/{rel}","templated":true}]}}