{"id":27815,"date":"2025-09-30T01:14:28","date_gmt":"2025-09-30T01:14:28","guid":{"rendered":"https:\/\/levelfixinstruments.com\/product\/levelfix-rld100gr-recepteur-pour-lasers-rotatifs-rouge-vert\/"},"modified":"2025-11-25T09:29:14","modified_gmt":"2025-11-25T09:29:14","slug":"levelfix-rld100gr-recepteur-pour-lasers-rotatifs-rouge-vert","status":"publish","type":"product","link":"https:\/\/levelfixinstruments.com\/fr\/produit\/lasers-fr\/recepteurs-fr\/levelfix-rld100gr-recepteur-pour-lasers-rotatifs-rouge-vert\/","title":{"rendered":"LEVELFIX RLD100GR R\u00c9CEPTEUR POUR LASERS ROTATIFS ROUGE\/VERT"},"content":{"rendered":"<h3>R\u00e9cepteur num\u00e9rique pour lasers \u00e0 faisceau rouge et vert visible<\/h3>\n<p>Ce r\u00e9cepteur robuste dispose d&rsquo;une grande fen\u00eatre de r\u00e9ception et est con\u00e7u pour un usage quotidien pratique. Le r\u00e9cepteur est robuste, poss\u00e8de un bo\u00eetier r\u00e9sistant aux chocs et aux impacts et est \u00e9tanche (IP66).  Le r\u00e9cepteur est adapt\u00e9 aux lasers de construction rouges et verts.<\/p>\n<h3>Accessoires de Levelfix<\/h3>\n<p>Notre gamme \u00e9tendue d&rsquo;accessoires et d&rsquo;\u00e9quipements rend l&rsquo;utilisation quotidienne de vos instruments plus simple et plus facile. Notre gamme de livraison comprend notamment des tr\u00e9pieds, des mires de mesure, des adaptateurs de montage, des supports muraux, des r\u00e9cepteurs, des pinces de mire, des chargeurs et des batteries. <\/p>\n","protected":false},"excerpt":{"rendered":"<p>R\u00e9cepteur num\u00e9rique pour lasers \u00e0 faisceau rouge et vert visible. Avec grande fen\u00eatre de r\u00e9ception et protection IP66. <\/p>\n","protected":false},"featured_media":34561,"template":"","meta":{"_acf_changed":false,"site-sidebar-layout":"default","site-content-layout":"","ast-site-content-layout":"default","site-content-style":"default","site-sidebar-style":"default","ast-global-header-display":"","ast-banner-title-visibility":"","ast-main-header-display":"","ast-hfb-above-header-display":"","ast-hfb-below-header-display":"","ast-hfb-mobile-header-display":"","site-post-title":"","ast-breadcrumbs-content":"","ast-featured-img":"","footer-sml-layout":"","ast-disable-related-posts":"","theme-transparent-header-meta":"","adv-header-id-meta":"","stick-header-meta":"","header-above-stick-meta":"","header-main-stick-meta":"","header-below-stick-meta":"","astra-migrate-meta-layouts":"default","ast-page-background-enabled":"default","ast-page-background-meta":{"desktop":{"background-color":"var(--ast-global-color-4)","background-image":"","background-repeat":"repeat","background-position":"center center","background-size":"auto","background-attachment":"scroll","background-type":"","background-media":"","overlay-type":"","overlay-color":"","overlay-opacity":"","overlay-gradient":""},"tablet":{"background-color":"","background-image":"","background-repeat":"repeat","background-position":"center center","background-size":"auto","background-attachment":"scroll","background-type":"","background-media":"","overlay-type":"","overlay-color":"","overlay-opacity":"","overlay-gradient":""},"mobile":{"background-color":"","background-image":"","background-repeat":"repeat","background-position":"center center","background-size":"auto","background-attachment":"scroll","background-type":"","background-media":"","overlay-type":"","overlay-color":"","overlay-opacity":"","overlay-gradient":""}},"ast-content-background-meta":{"desktop":{"background-color":"var(--ast-global-color-5)","background-image":"","background-repeat":"repeat","background-position":"center center","background-size":"auto","background-attachment":"scroll","background-type":"","background-media":"","overlay-type":"","overlay-color":"","overlay-opacity":"","overlay-gradient":""},"tablet":{"background-color":"var(--ast-global-color-5)","background-image":"","background-repeat":"repeat","background-position":"center center","background-size":"auto","background-attachment":"scroll","background-type":"","background-media":"","overlay-type":"","overlay-color":"","overlay-opacity":"","overlay-gradient":""},"mobile":{"background-color":"var(--ast-global-color-5)","background-image":"","background-repeat":"repeat","background-position":"center center","background-size":"auto","background-attachment":"scroll","background-type":"","background-media":"","overlay-type":"","overlay-color":"","overlay-opacity":"","overlay-gradient":""}}},"product_brand":[],"product_cat":[46632],"product_tag":[],"class_list":{"0":"post-27815","1":"product","2":"type-product","3":"status-publish","4":"has-post-thumbnail","6":"product_cat-recepteurs-fr","7":"desktop-align-left","8":"tablet-align-left","9":"mobile-align-left","10":"ast-product-gallery-layout-horizontal-slider","11":"ast-product-tabs-layout-horizontal","13":"first","14":"instock","15":"shipping-taxable","16":"purchasable","17":"product-type-simple"},"acf":[],"_links":{"self":[{"href":"https:\/\/levelfixinstruments.com\/fr\/wp-json\/wp\/v2\/product\/27815","targetHints":{"allow":["GET"]}}],"collection":[{"href":"https:\/\/levelfixinstruments.com\/fr\/wp-json\/wp\/v2\/product"}],"about":[{"href":"https:\/\/levelfixinstruments.com\/fr\/wp-json\/wp\/v2\/types\/product"}],"wp:featuredmedia":[{"embeddable":true,"href":"https:\/\/levelfixinstruments.com\/fr\/wp-json\/wp\/v2\/media\/34561"}],"wp:attachment":[{"href":"https:\/\/levelfixinstruments.com\/fr\/wp-json\/wp\/v2\/media?parent=27815"}],"wp:term":[{"taxonomy":"product_brand","embeddable":true,"href":"https:\/\/levelfixinstruments.com\/fr\/wp-json\/wp\/v2\/product_brand?post=27815"},{"taxonomy":"product_cat","embeddable":true,"href":"https:\/\/levelfixinstruments.com\/fr\/wp-json\/wp\/v2\/product_cat?post=27815"},{"taxonomy":"product_tag","embeddable":true,"href":"https:\/\/levelfixinstruments.com\/fr\/wp-json\/wp\/v2\/product_tag?post=27815"}],"curies":[{"name":"wp","href":"https:\/\/api.w.org\/{rel}","templated":true}]}}