{"id":27827,"date":"2025-09-30T01:14:32","date_gmt":"2025-09-30T01:14:32","guid":{"rendered":"https:\/\/levelfixinstruments.com\/product\/levelfix-dld100gr-mm-recepteur-pour-laser-rotatif-rouge-vert\/"},"modified":"2025-11-25T09:29:18","modified_gmt":"2025-11-25T09:29:18","slug":"levelfix-dld100gr-mm-recepteur-pour-laser-rotatif-rouge-vert","status":"publish","type":"product","link":"https:\/\/levelfixinstruments.com\/fr\/produit\/lasers-fr\/recepteurs-fr\/levelfix-dld100gr-mm-recepteur-pour-laser-rotatif-rouge-vert\/","title":{"rendered":"LEVELFIX DLD100GR MM R\u00c9CEPTEUR POUR LASER ROTATIF ROUGE\/VERT"},"content":{"rendered":"<p>Le DLD100GR est un r\u00e9cepteur millim\u00e9trique unique et abordable. Ce r\u00e9cepteur robuste dispose d&rsquo;une large fen\u00eatre de r\u00e9ception (127 mm), d&rsquo;une port\u00e9e de 300 m, d&rsquo;un bo\u00eetier r\u00e9sistant aux chocs et est \u00e9tanche (IP66). L&rsquo;\u00e9cran clairement r\u00e9tro\u00e9clair\u00e9 affiche la distance en millim\u00e8tres. La pr\u00e9cision peut \u00eatre r\u00e9gl\u00e9e sur 1, 2, 5 ou 10 mm.   <\/p>\n<p>Sa position z\u00e9ro r\u00e9glable est unique, rendant le transfert des hauteurs extr\u00eamement simple.<\/p>\n<p>Le DLD100GR est compatible avec les lasers rotatifs \u00e0 faisceau rouge ou vert.<\/p>\n","protected":false},"excerpt":{"rendered":"<p>R\u00e9cepteur num\u00e9rique en mm pour lasers \u00e0 faisceau rouge et vert, visible et invisible. Le DLD100GR dispose d&rsquo;une large fen\u00eatre de r\u00e9ception, d&rsquo;un \u00e9cran r\u00e9tro\u00e9clair\u00e9, d&rsquo;une port\u00e9e de 300 m, de 4 niveaux de pr\u00e9cision et d&rsquo;une position z\u00e9ro r\u00e9glable. <\/p>\n","protected":false},"featured_media":34569,"template":"","meta":{"_acf_changed":false,"site-sidebar-layout":"default","site-content-layout":"","ast-site-content-layout":"default","site-content-style":"default","site-sidebar-style":"default","ast-global-header-display":"","ast-banner-title-visibility":"","ast-main-header-display":"","ast-hfb-above-header-display":"","ast-hfb-below-header-display":"","ast-hfb-mobile-header-display":"","site-post-title":"","ast-breadcrumbs-content":"","ast-featured-img":"","footer-sml-layout":"","ast-disable-related-posts":"","theme-transparent-header-meta":"","adv-header-id-meta":"","stick-header-meta":"","header-above-stick-meta":"","header-main-stick-meta":"","header-below-stick-meta":"","astra-migrate-meta-layouts":"default","ast-page-background-enabled":"default","ast-page-background-meta":{"desktop":{"background-color":"var(--ast-global-color-4)","background-image":"","background-repeat":"repeat","background-position":"center center","background-size":"auto","background-attachment":"scroll","background-type":"","background-media":"","overlay-type":"","overlay-color":"","overlay-opacity":"","overlay-gradient":""},"tablet":{"background-color":"","background-image":"","background-repeat":"repeat","background-position":"center center","background-size":"auto","background-attachment":"scroll","background-type":"","background-media":"","overlay-type":"","overlay-color":"","overlay-opacity":"","overlay-gradient":""},"mobile":{"background-color":"","background-image":"","background-repeat":"repeat","background-position":"center center","background-size":"auto","background-attachment":"scroll","background-type":"","background-media":"","overlay-type":"","overlay-color":"","overlay-opacity":"","overlay-gradient":""}},"ast-content-background-meta":{"desktop":{"background-color":"var(--ast-global-color-5)","background-image":"","background-repeat":"repeat","background-position":"center center","background-size":"auto","background-attachment":"scroll","background-type":"","background-media":"","overlay-type":"","overlay-color":"","overlay-opacity":"","overlay-gradient":""},"tablet":{"background-color":"var(--ast-global-color-5)","background-image":"","background-repeat":"repeat","background-position":"center center","background-size":"auto","background-attachment":"scroll","background-type":"","background-media":"","overlay-type":"","overlay-color":"","overlay-opacity":"","overlay-gradient":""},"mobile":{"background-color":"var(--ast-global-color-5)","background-image":"","background-repeat":"repeat","background-position":"center center","background-size":"auto","background-attachment":"scroll","background-type":"","background-media":"","overlay-type":"","overlay-color":"","overlay-opacity":"","overlay-gradient":""}}},"product_brand":[],"product_cat":[46632],"product_tag":[],"class_list":{"0":"post-27827","1":"product","2":"type-product","3":"status-publish","4":"has-post-thumbnail","6":"product_cat-recepteurs-fr","7":"desktop-align-left","8":"tablet-align-left","9":"mobile-align-left","10":"ast-product-gallery-layout-horizontal-slider","11":"ast-product-tabs-layout-horizontal","13":"first","14":"instock","15":"shipping-taxable","16":"purchasable","17":"product-type-simple"},"acf":[],"_links":{"self":[{"href":"https:\/\/levelfixinstruments.com\/fr\/wp-json\/wp\/v2\/product\/27827","targetHints":{"allow":["GET"]}}],"collection":[{"href":"https:\/\/levelfixinstruments.com\/fr\/wp-json\/wp\/v2\/product"}],"about":[{"href":"https:\/\/levelfixinstruments.com\/fr\/wp-json\/wp\/v2\/types\/product"}],"wp:featuredmedia":[{"embeddable":true,"href":"https:\/\/levelfixinstruments.com\/fr\/wp-json\/wp\/v2\/media\/34569"}],"wp:attachment":[{"href":"https:\/\/levelfixinstruments.com\/fr\/wp-json\/wp\/v2\/media?parent=27827"}],"wp:term":[{"taxonomy":"product_brand","embeddable":true,"href":"https:\/\/levelfixinstruments.com\/fr\/wp-json\/wp\/v2\/product_brand?post=27827"},{"taxonomy":"product_cat","embeddable":true,"href":"https:\/\/levelfixinstruments.com\/fr\/wp-json\/wp\/v2\/product_cat?post=27827"},{"taxonomy":"product_tag","embeddable":true,"href":"https:\/\/levelfixinstruments.com\/fr\/wp-json\/wp\/v2\/product_tag?post=27827"}],"curies":[{"name":"wp","href":"https:\/\/api.w.org\/{rel}","templated":true}]}}