{"id":27843,"date":"2025-09-30T01:14:39","date_gmt":"2025-09-30T01:14:39","guid":{"rendered":"https:\/\/levelfixinstruments.com\/product\/niveau-optique-levelfix-al320x\/"},"modified":"2025-11-28T08:28:28","modified_gmt":"2025-11-28T08:28:28","slug":"niveau-optique-levelfix-al320x","status":"publish","type":"product","link":"https:\/\/levelfixinstruments.com\/fr\/produit\/instruments-optiques-fr\/niveau-optique-levelfix-al320x\/","title":{"rendered":"NIVEAU OPTIQUE LEVELFIX AL320X"},"content":{"rendered":"<p><strong>Compensateur rapide, stable et durable<\/strong><\/p>\n<p>Le compensateur de l&rsquo;AL320X comprend quatre fils de suspension en m\u00e9tal \u00e0 haute r\u00e9sistance \u00e0 la traction, avec un coefficient de dilatation thermique minimal &#8211; pour une durabilit\u00e9 et une pr\u00e9cision in\u00e9gal\u00e9es. Le syst\u00e8me d&rsquo;amortissement magn\u00e9tique finement r\u00e9gl\u00e9 nivelle et stabilise rapidement la ligne de vis\u00e9e, malgr\u00e9 les fines vibrations pr\u00e9sentes lors du travail \u00e0 proximit\u00e9 d&rsquo;\u00e9quipements lourds ou de routes \u00e0 forte circulation. <\/p>\n<p><strong>Cercle horizontal pour la mesure<\/strong><\/p>\n<p>Les angles horizontaux peuvent \u00eatre lus directement en unit\u00e9s de 1 degr\u00e9. La fonction de rotation r\u00e9glable vous permet de lire n&rsquo;importe quel angle \u00e0 partir de z\u00e9ro. Le cercle est recouvert pour le prot\u00e9ger de la salet\u00e9 et des rayures, et la fen\u00eatre de lecture est situ\u00e9e sous l&rsquo;oculaire pour une r\u00e9f\u00e9rence rapide.  <\/p>\n<p><strong>Mise au point minimale de 20 cm<\/strong><\/p>\n<p>L&rsquo;AL320X peut faire la mise au point sur des objets \u00e0 partir de 20 cm devant le t\u00e9lescope. Cette fonction facilite consid\u00e9rablement le travail dans des espaces restreints. <\/p>\n<p><strong>Fiabilit\u00e9 dans toutes les conditions m\u00e9t\u00e9orologiques<\/strong><\/p>\n<p>Avec la classification IPX6, l&rsquo;instrument est prot\u00e9g\u00e9 contre les jets d&rsquo;eau puissants provenant de toutes les directions, ce qui signifie que l&rsquo;AL320X r\u00e9siste \u00e0 une averse soudaine ou \u00e0 des pluies torrentielles. La conception avanc\u00e9e de protection emp\u00eache \u00e9galement la formation de bu\u00e9e ou de condensation dans le t\u00e9lescope. <\/p>\n","protected":false},"excerpt":{"rendered":"<p>Niveau optique durable, fiable et de haute qualit\u00e9 avec amortissement magn\u00e9tique pour une ligne de vis\u00e9e stable, grossissement 32x et graduation \u00e0 360 degr\u00e9s. R\u00e9sistant \u00e0 la poussi\u00e8re et \u00e0 l&rsquo;eau. <\/p>\n","protected":false},"featured_media":35497,"template":"","meta":{"_acf_changed":false,"site-sidebar-layout":"default","site-content-layout":"","ast-site-content-layout":"default","site-content-style":"default","site-sidebar-style":"default","ast-global-header-display":"","ast-banner-title-visibility":"","ast-main-header-display":"","ast-hfb-above-header-display":"","ast-hfb-below-header-display":"","ast-hfb-mobile-header-display":"","site-post-title":"","ast-breadcrumbs-content":"","ast-featured-img":"","footer-sml-layout":"","ast-disable-related-posts":"","theme-transparent-header-meta":"","adv-header-id-meta":"","stick-header-meta":"","header-above-stick-meta":"","header-main-stick-meta":"","header-below-stick-meta":"","astra-migrate-meta-layouts":"default","ast-page-background-enabled":"default","ast-page-background-meta":{"desktop":{"background-color":"var(--ast-global-color-4)","background-image":"","background-repeat":"repeat","background-position":"center center","background-size":"auto","background-attachment":"scroll","background-type":"","background-media":"","overlay-type":"","overlay-color":"","overlay-opacity":"","overlay-gradient":""},"tablet":{"background-color":"","background-image":"","background-repeat":"repeat","background-position":"center center","background-size":"auto","background-attachment":"scroll","background-type":"","background-media":"","overlay-type":"","overlay-color":"","overlay-opacity":"","overlay-gradient":""},"mobile":{"background-color":"","background-image":"","background-repeat":"repeat","background-position":"center center","background-size":"auto","background-attachment":"scroll","background-type":"","background-media":"","overlay-type":"","overlay-color":"","overlay-opacity":"","overlay-gradient":""}},"ast-content-background-meta":{"desktop":{"background-color":"var(--ast-global-color-5)","background-image":"","background-repeat":"repeat","background-position":"center center","background-size":"auto","background-attachment":"scroll","background-type":"","background-media":"","overlay-type":"","overlay-color":"","overlay-opacity":"","overlay-gradient":""},"tablet":{"background-color":"var(--ast-global-color-5)","background-image":"","background-repeat":"repeat","background-position":"center center","background-size":"auto","background-attachment":"scroll","background-type":"","background-media":"","overlay-type":"","overlay-color":"","overlay-opacity":"","overlay-gradient":""},"mobile":{"background-color":"var(--ast-global-color-5)","background-image":"","background-repeat":"repeat","background-position":"center center","background-size":"auto","background-attachment":"scroll","background-type":"","background-media":"","overlay-type":"","overlay-color":"","overlay-opacity":"","overlay-gradient":""}}},"product_brand":[],"product_cat":[46542],"product_tag":[],"class_list":{"0":"post-27843","1":"product","2":"type-product","3":"status-publish","4":"has-post-thumbnail","6":"product_cat-instruments-optiques-fr","7":"desktop-align-left","8":"tablet-align-left","9":"mobile-align-left","10":"ast-product-gallery-layout-horizontal-slider","11":"ast-product-gallery-with-no-image","12":"ast-product-tabs-layout-horizontal","14":"first","15":"instock","16":"shipping-taxable","17":"purchasable","18":"product-type-simple"},"acf":[],"_links":{"self":[{"href":"https:\/\/levelfixinstruments.com\/fr\/wp-json\/wp\/v2\/product\/27843","targetHints":{"allow":["GET"]}}],"collection":[{"href":"https:\/\/levelfixinstruments.com\/fr\/wp-json\/wp\/v2\/product"}],"about":[{"href":"https:\/\/levelfixinstruments.com\/fr\/wp-json\/wp\/v2\/types\/product"}],"wp:featuredmedia":[{"embeddable":true,"href":"https:\/\/levelfixinstruments.com\/fr\/wp-json\/wp\/v2\/media\/35497"}],"wp:attachment":[{"href":"https:\/\/levelfixinstruments.com\/fr\/wp-json\/wp\/v2\/media?parent=27843"}],"wp:term":[{"taxonomy":"product_brand","embeddable":true,"href":"https:\/\/levelfixinstruments.com\/fr\/wp-json\/wp\/v2\/product_brand?post=27843"},{"taxonomy":"product_cat","embeddable":true,"href":"https:\/\/levelfixinstruments.com\/fr\/wp-json\/wp\/v2\/product_cat?post=27843"},{"taxonomy":"product_tag","embeddable":true,"href":"https:\/\/levelfixinstruments.com\/fr\/wp-json\/wp\/v2\/product_tag?post=27843"}],"curies":[{"name":"wp","href":"https:\/\/api.w.org\/{rel}","templated":true}]}}