{"id":27903,"date":"2025-09-30T01:15:00","date_gmt":"2025-09-30T01:15:00","guid":{"rendered":"https:\/\/levelfixinstruments.com\/product\/levelfix-cl618g-laser-multi-lignes-servo-vert\/"},"modified":"2025-11-28T08:34:46","modified_gmt":"2025-11-28T08:34:46","slug":"levelfix-cl618g-laser-multi-lignes-servo-vert","status":"publish","type":"product","link":"https:\/\/levelfixinstruments.com\/fr\/produit\/lasers-fr\/lasers-a-lignes-croix-fr\/levelfix-cl618g-laser-multi-lignes-servo-vert\/","title":{"rendered":"LEVELFIX CL618G LASER MULTILIGNES MOTORISE VERT"},"content":{"rendered":"<p><strong>Syst\u00e8me de nivellement enti\u00e8rement automatique<\/strong><br \/>\nLe CL618G est une nouvelle g\u00e9n\u00e9ration de laser multiligne qui \u00e9l\u00e8ve la pr\u00e9cision et l&rsquo;exactitude \u00e0 un niveau sup\u00e9rieur. Contrairement aux lasers lignes traditionnels, ce laser est \u00e9quip\u00e9 de servomoteurs int\u00e9gr\u00e9s pour un auto-nivellement optimal et un r\u00e9sultat d&rsquo;une pr\u00e9cision incroyable. De plus, le mode manuel permet aux utilisateurs de d\u00e9sactiver le syst\u00e8me d&rsquo;auto-nivellement et de d\u00e9finir une pente manuelle &#8211; parfait pour la construction navale, l&rsquo;alignement des carrosseries automobiles ou des panneaux solaires par exemple.<br \/>\n<strong>Vert lumineux<\/strong><br \/>\nLe CL618G dispose de toutes les lignes possibles ; quatre verticales, 360 degr\u00e9s horizontal et un point fixe au sol. La diode High Power+ projette des lignes vertes lumineuses jusqu&rsquo;\u00e0 4 fois plus visibles que les rouges classiques. Cela te permet de travailler \u00e0 de plus grandes distances. Le CL618G a une port\u00e9e de 30 m\u00e8tres qui peut \u00eatre \u00e9tendue jusqu&rsquo;\u00e0 80 m\u00e8tres en combinaison avec le r\u00e9cepteur LLD200GR. Le r\u00e9cepteur LLD200GR est vendu s\u00e9par\u00e9ment et permet \u00e9galement d&rsquo;utiliser le laser \u00e0 l&rsquo;ext\u00e9rieur, car les lignes n&rsquo;ont pas besoin d&rsquo;\u00eatre visibles.<br \/>\n<strong>Plus jamais de retard d\u00fb \u00e0 une batterie vide<\/strong><br \/>\nAvec la fonction Work&#038;Charge, tu peux charger la batterie de ton laser tout en continuant \u00e0 travailler ! Gr\u00e2ce \u00e0 cette fonction pratique, tu peux maximiser ta productivit\u00e9. Avec Charge&#038;Work, tu peux d\u00e9sormais faire plus en moins de temps et avec moins de tracas. Ton travail n&rsquo;a plus besoin d&rsquo;\u00eatre interrompu pour recharger ton appareil ; Charge&#038;Work s&rsquo;en occupe pour toi.<br \/>\n<strong>LEVELFIX+<\/strong><br \/>\nLe LEVELFIX CL618G fait partie de notre gamme LEVELFIX+. Les lasers LEVELFIX+ se distinguent par leur qualit\u00e9 sup\u00e9rieure, leur pr\u00e9cision maximale et leurs excellentes sp\u00e9cifications. De plus, ils sont \u00e9quip\u00e9s d&rsquo;accessoires pratiques et intelligents.<br \/>\n<strong>\u00c0 propos des LEVELFIX\u2122 Smart Precision Tools &#8211; Innovants, pr\u00e9cis, robustes et 4 ans de garantie*<\/strong><br \/>\nLes lasers LEVELFIX sont fabriqu\u00e9s avec le plus grand soin et la plus grande pr\u00e9cision. En appliquant plus de 25 ans d&rsquo;exp\u00e9rience et de connaissances dans nos produits, tu disposes d&rsquo;une qualit\u00e9 absolument sup\u00e9rieure. Nous en sommes convaincus et n&rsquo;h\u00e9sitons donc pas \u00e0 t&rsquo;offrir 4 ans de garantie* sur ce produit.   LEVELFIX offre le meilleur rapport qualit\u00e9-prix du march\u00e9, vous garantissant ainsi la meilleure qualit\u00e9 pour votre budget.<\/p>\n<p><em>* Prolongez la garantie d&rsquo;usine standard d&rsquo;un an \u00e0 4 ans en enregistrant votre laser dans les 2 semaines suivant l&rsquo;achat via Internet.<\/em><\/p>\n","protected":false},"excerpt":{"rendered":"<p>Laser multi-lignes motoris\u00e9 avec r\u00e9glage fin, ligne verte \u00e0 360\u00b0, 4 lignes verticales \u00e0 90\u00b0 et point d&rsquo;aplomb.<\/p>\n","protected":false},"featured_media":35504,"template":"","meta":{"_acf_changed":false,"site-sidebar-layout":"default","site-content-layout":"","ast-site-content-layout":"default","site-content-style":"default","site-sidebar-style":"default","ast-global-header-display":"","ast-banner-title-visibility":"","ast-main-header-display":"","ast-hfb-above-header-display":"","ast-hfb-below-header-display":"","ast-hfb-mobile-header-display":"","site-post-title":"","ast-breadcrumbs-content":"","ast-featured-img":"","footer-sml-layout":"","ast-disable-related-posts":"","theme-transparent-header-meta":"","adv-header-id-meta":"","stick-header-meta":"","header-above-stick-meta":"","header-main-stick-meta":"","header-below-stick-meta":"","astra-migrate-meta-layouts":"default","ast-page-background-enabled":"default","ast-page-background-meta":{"desktop":{"background-color":"var(--ast-global-color-4)","background-image":"","background-repeat":"repeat","background-position":"center center","background-size":"auto","background-attachment":"scroll","background-type":"","background-media":"","overlay-type":"","overlay-color":"","overlay-opacity":"","overlay-gradient":""},"tablet":{"background-color":"","background-image":"","background-repeat":"repeat","background-position":"center center","background-size":"auto","background-attachment":"scroll","background-type":"","background-media":"","overlay-type":"","overlay-color":"","overlay-opacity":"","overlay-gradient":""},"mobile":{"background-color":"","background-image":"","background-repeat":"repeat","background-position":"center center","background-size":"auto","background-attachment":"scroll","background-type":"","background-media":"","overlay-type":"","overlay-color":"","overlay-opacity":"","overlay-gradient":""}},"ast-content-background-meta":{"desktop":{"background-color":"var(--ast-global-color-5)","background-image":"","background-repeat":"repeat","background-position":"center center","background-size":"auto","background-attachment":"scroll","background-type":"","background-media":"","overlay-type":"","overlay-color":"","overlay-opacity":"","overlay-gradient":""},"tablet":{"background-color":"var(--ast-global-color-5)","background-image":"","background-repeat":"repeat","background-position":"center center","background-size":"auto","background-attachment":"scroll","background-type":"","background-media":"","overlay-type":"","overlay-color":"","overlay-opacity":"","overlay-gradient":""},"mobile":{"background-color":"var(--ast-global-color-5)","background-image":"","background-repeat":"repeat","background-position":"center center","background-size":"auto","background-attachment":"scroll","background-type":"","background-media":"","overlay-type":"","overlay-color":"","overlay-opacity":"","overlay-gradient":""}}},"product_brand":[],"product_cat":[46609],"product_tag":[],"class_list":{"0":"post-27903","1":"product","2":"type-product","3":"status-publish","4":"has-post-thumbnail","6":"product_cat-lasers-a-lignes-croix-fr","7":"desktop-align-left","8":"tablet-align-left","9":"mobile-align-left","10":"ast-product-gallery-layout-horizontal-slider","11":"ast-product-tabs-layout-horizontal","13":"first","14":"instock","15":"shipping-taxable","16":"purchasable","17":"product-type-simple"},"acf":[],"_links":{"self":[{"href":"https:\/\/levelfixinstruments.com\/fr\/wp-json\/wp\/v2\/product\/27903","targetHints":{"allow":["GET"]}}],"collection":[{"href":"https:\/\/levelfixinstruments.com\/fr\/wp-json\/wp\/v2\/product"}],"about":[{"href":"https:\/\/levelfixinstruments.com\/fr\/wp-json\/wp\/v2\/types\/product"}],"wp:featuredmedia":[{"embeddable":true,"href":"https:\/\/levelfixinstruments.com\/fr\/wp-json\/wp\/v2\/media\/35504"}],"wp:attachment":[{"href":"https:\/\/levelfixinstruments.com\/fr\/wp-json\/wp\/v2\/media?parent=27903"}],"wp:term":[{"taxonomy":"product_brand","embeddable":true,"href":"https:\/\/levelfixinstruments.com\/fr\/wp-json\/wp\/v2\/product_brand?post=27903"},{"taxonomy":"product_cat","embeddable":true,"href":"https:\/\/levelfixinstruments.com\/fr\/wp-json\/wp\/v2\/product_cat?post=27903"},{"taxonomy":"product_tag","embeddable":true,"href":"https:\/\/levelfixinstruments.com\/fr\/wp-json\/wp\/v2\/product_tag?post=27903"}],"curies":[{"name":"wp","href":"https:\/\/api.w.org\/{rel}","templated":true}]}}