{"id":27943,"date":"2025-09-30T01:15:24","date_gmt":"2025-09-30T01:15:24","guid":{"rendered":"https:\/\/levelfixinstruments.com\/product\/telemetre-levelfix-lxd60i-jusqua-60-m\/"},"modified":"2025-11-28T09:28:05","modified_gmt":"2025-11-28T09:28:05","slug":"telemetre-levelfix-lxd60i-jusqua-60-m","status":"publish","type":"product","link":"https:\/\/levelfixinstruments.com\/fr\/produit\/instruments-de-mesure-fr\/telemetres-fr\/telemetre-levelfix-lxd60i-jusqua-60-m\/","title":{"rendered":"T\u00c9L\u00c9M\u00c8TRE LEVELFIX LXD60i JUSQU&rsquo;\u00c0 60 M"},"content":{"rendered":"<p>Le t\u00e9l\u00e9m\u00e8tre LEVELFIX LXD60i est un appareil intelligent dot\u00e9 de nombreuses fonctions de mesure :<\/p>\n<p>\u2013 additionner\u00a0;<br \/>\n\u2013 soustraire\u00a0;<br \/>\n\u2013 mesure d\u2019angle\u00a0;<br \/>\n\u2013 calculs de surface ou de volume\u00a0;<br \/>\n\u2013 mesure continue\u00a0;<br \/>\n\u2013 mesure indirecte\u00a0;<br \/>\n\u2013 mesure min-max\u00a0;<br \/>\n\u2013 Pythagore.<\/p>\n<p>Le t\u00e9l\u00e9m\u00e8tre dispose d\u2019une m\u00e9moire interne dans laquelle les 30 derni\u00e8res mesures sont automatiquement enregistr\u00e9es.<\/p>\n<p><strong>Fonction peintre<\/strong><\/p>\n<p>Le t\u00e9l\u00e9m\u00e8tre dispose \u00e9galement d&rsquo;une fonction de peintre, qui vous permet de calculer la surface totale \u00e0 calculer en additionnant simplement les longueurs de diff\u00e9rentes mesures et en les multipliant par la hauteur.<\/p>\n<p><strong>LEVELFIX Connect<\/strong><\/p>\n<p>La fonction Bluetooth int\u00e9gr\u00e9e vous permet de transf\u00e9rer les valeurs mesur\u00e9es vers l&rsquo;application LEVELFIX Connect sur votre smartphone ou votre tablette. Dans l&rsquo;application, vous disposez d&rsquo;une fonction de croquis qui vous permet de faire un croquis de la pi\u00e8ce et d&rsquo;additionner les distances mesur\u00e9es \u00e0 chaque mur. <\/p>\n","protected":false},"excerpt":{"rendered":"<p>T\u00e9l\u00e9m\u00e8tre num\u00e9rique pour mesurer rapidement et pr\u00e9cis\u00e9ment des distances jusqu&rsquo;\u00e0 60 m\u00e8tres. Le LXD60i poss\u00e8de de nombreuses fonctions de mesure intelligentes, telles que l&rsquo;addition, la soustraction, la mesure d&rsquo;angle, le calcul de surface ou de volume, la mesure continue, la mesure indirecte, la mesure min-max et la fonction Pythagore. Avec application pour transf\u00e9rer les valeurs mesur\u00e9es et dessiner l&rsquo;espace mesur\u00e9.  <\/p>\n","protected":false},"featured_media":35523,"template":"","meta":{"_acf_changed":false,"site-sidebar-layout":"default","site-content-layout":"","ast-site-content-layout":"default","site-content-style":"default","site-sidebar-style":"default","ast-global-header-display":"","ast-banner-title-visibility":"","ast-main-header-display":"","ast-hfb-above-header-display":"","ast-hfb-below-header-display":"","ast-hfb-mobile-header-display":"","site-post-title":"","ast-breadcrumbs-content":"","ast-featured-img":"","footer-sml-layout":"","ast-disable-related-posts":"","theme-transparent-header-meta":"","adv-header-id-meta":"","stick-header-meta":"","header-above-stick-meta":"","header-main-stick-meta":"","header-below-stick-meta":"","astra-migrate-meta-layouts":"default","ast-page-background-enabled":"default","ast-page-background-meta":{"desktop":{"background-color":"var(--ast-global-color-4)","background-image":"","background-repeat":"repeat","background-position":"center center","background-size":"auto","background-attachment":"scroll","background-type":"","background-media":"","overlay-type":"","overlay-color":"","overlay-opacity":"","overlay-gradient":""},"tablet":{"background-color":"","background-image":"","background-repeat":"repeat","background-position":"center center","background-size":"auto","background-attachment":"scroll","background-type":"","background-media":"","overlay-type":"","overlay-color":"","overlay-opacity":"","overlay-gradient":""},"mobile":{"background-color":"","background-image":"","background-repeat":"repeat","background-position":"center center","background-size":"auto","background-attachment":"scroll","background-type":"","background-media":"","overlay-type":"","overlay-color":"","overlay-opacity":"","overlay-gradient":""}},"ast-content-background-meta":{"desktop":{"background-color":"var(--ast-global-color-5)","background-image":"","background-repeat":"repeat","background-position":"center center","background-size":"auto","background-attachment":"scroll","background-type":"","background-media":"","overlay-type":"","overlay-color":"","overlay-opacity":"","overlay-gradient":""},"tablet":{"background-color":"var(--ast-global-color-5)","background-image":"","background-repeat":"repeat","background-position":"center center","background-size":"auto","background-attachment":"scroll","background-type":"","background-media":"","overlay-type":"","overlay-color":"","overlay-opacity":"","overlay-gradient":""},"mobile":{"background-color":"var(--ast-global-color-5)","background-image":"","background-repeat":"repeat","background-position":"center center","background-size":"auto","background-attachment":"scroll","background-type":"","background-media":"","overlay-type":"","overlay-color":"","overlay-opacity":"","overlay-gradient":""}}},"product_brand":[],"product_cat":[46570],"product_tag":[],"class_list":{"0":"post-27943","1":"product","2":"type-product","3":"status-publish","4":"has-post-thumbnail","6":"product_cat-telemetres-fr","7":"desktop-align-left","8":"tablet-align-left","9":"mobile-align-left","10":"ast-product-gallery-layout-horizontal-slider","11":"ast-product-gallery-with-no-image","12":"ast-product-tabs-layout-horizontal","14":"first","15":"instock","16":"shipping-taxable","17":"purchasable","18":"product-type-simple"},"acf":[],"_links":{"self":[{"href":"https:\/\/levelfixinstruments.com\/fr\/wp-json\/wp\/v2\/product\/27943","targetHints":{"allow":["GET"]}}],"collection":[{"href":"https:\/\/levelfixinstruments.com\/fr\/wp-json\/wp\/v2\/product"}],"about":[{"href":"https:\/\/levelfixinstruments.com\/fr\/wp-json\/wp\/v2\/types\/product"}],"wp:featuredmedia":[{"embeddable":true,"href":"https:\/\/levelfixinstruments.com\/fr\/wp-json\/wp\/v2\/media\/35523"}],"wp:attachment":[{"href":"https:\/\/levelfixinstruments.com\/fr\/wp-json\/wp\/v2\/media?parent=27943"}],"wp:term":[{"taxonomy":"product_brand","embeddable":true,"href":"https:\/\/levelfixinstruments.com\/fr\/wp-json\/wp\/v2\/product_brand?post=27943"},{"taxonomy":"product_cat","embeddable":true,"href":"https:\/\/levelfixinstruments.com\/fr\/wp-json\/wp\/v2\/product_cat?post=27943"},{"taxonomy":"product_tag","embeddable":true,"href":"https:\/\/levelfixinstruments.com\/fr\/wp-json\/wp\/v2\/product_tag?post=27943"}],"curies":[{"name":"wp","href":"https:\/\/api.w.org\/{rel}","templated":true}]}}