{"id":27959,"date":"2025-09-30T01:15:28","date_gmt":"2025-09-30T01:15:28","guid":{"rendered":"https:\/\/levelfixinstruments.com\/product\/telemetre-levelfix-lxd100i-jusqua-100m\/"},"modified":"2025-11-28T09:28:08","modified_gmt":"2025-11-28T09:28:08","slug":"telemetre-levelfix-lxd100i-jusqua-100m","status":"publish","type":"product","link":"https:\/\/levelfixinstruments.com\/fr\/produit\/instruments-de-mesure-fr\/telemetres-fr\/telemetre-levelfix-lxd100i-jusqua-100m\/","title":{"rendered":"T\u00c9L\u00c9M\u00c8TRE LEVELFIX LXD100i JUSQU&rsquo;\u00c0 100M"},"content":{"rendered":"<p>Le METOFIX LXD100i est un t\u00e9l\u00e9m\u00e8tre num\u00e9rique intelligent. En un tour de main, vous mesurez les distances int\u00e9rieures et ext\u00e9rieures jusqu&rsquo;\u00e0 100 m\u00e8tres. <\/p>\n<p>De plus, vous pouvez \u00e9galement utiliser le t\u00e9l\u00e9m\u00e8tre pour :<\/p>\n<p>\u2013 additionner ;<br \/>\n\u2013 soustraire<br \/>\n\u2013 calculer la surface ou le volume ;<br \/>\n\u2013 mesurer indirectement ;<br \/>\n\u2013 effectuer des mesures min-max<br \/>\n\u2013 et mesurer en continu.<\/p>\n<p>Le t\u00e9l\u00e9m\u00e8tre dispose d&rsquo;une m\u00e9moire interne dans laquelle les 50 derni\u00e8res mesures sont automatiquement sauvegard\u00e9es.<\/p>\n<p><strong>Fonction peintre<\/strong><\/p>\n<p>Le t\u00e9l\u00e9m\u00e8tre dispose \u00e9galement d&rsquo;une fonction de peintre, qui vous permet de calculer la surface totale \u00e0 calculer en additionnant simplement les longueurs de diff\u00e9rentes mesures et en les multipliant par la hauteur.<\/p>\n<p><strong>LEVELFIX Connect<\/strong><\/p>\n<p>La fonction Bluetooth int\u00e9gr\u00e9e vous permet de transf\u00e9rer les valeurs mesur\u00e9es vers l&rsquo;application LEVELFIX Connect sur votre smartphone ou votre tablette. Dans l&rsquo;application, vous disposez d&rsquo;une fonction de croquis qui vous permet de faire un croquis de la pi\u00e8ce et d&rsquo;additionner les distances mesur\u00e9es \u00e0 chaque mur. <\/p>\n","protected":false},"excerpt":{"rendered":"<p>T\u00e9l\u00e9m\u00e8tre num\u00e9rique pour mesurer rapidement et pr\u00e9cis\u00e9ment des distances jusqu&rsquo;\u00e0 100 m\u00e8tres. Le LXD100i dispose de nombreuses fonctions de mesure intelligentes, telles que l&rsquo;addition, la soustraction, la mesure d&rsquo;angle, le calcul de surface ou de volume, la mesure continue, la mesure indirecte, la mesure min-max et la fonction Pythagore. Avec application pour transf\u00e9rer les valeurs de mesure et dessiner l&rsquo;espace mesur\u00e9.  <\/p>\n","protected":false},"featured_media":35530,"template":"","meta":{"_acf_changed":false,"site-sidebar-layout":"default","site-content-layout":"","ast-site-content-layout":"default","site-content-style":"default","site-sidebar-style":"default","ast-global-header-display":"","ast-banner-title-visibility":"","ast-main-header-display":"","ast-hfb-above-header-display":"","ast-hfb-below-header-display":"","ast-hfb-mobile-header-display":"","site-post-title":"","ast-breadcrumbs-content":"","ast-featured-img":"","footer-sml-layout":"","ast-disable-related-posts":"","theme-transparent-header-meta":"","adv-header-id-meta":"","stick-header-meta":"","header-above-stick-meta":"","header-main-stick-meta":"","header-below-stick-meta":"","astra-migrate-meta-layouts":"default","ast-page-background-enabled":"default","ast-page-background-meta":{"desktop":{"background-color":"var(--ast-global-color-4)","background-image":"","background-repeat":"repeat","background-position":"center center","background-size":"auto","background-attachment":"scroll","background-type":"","background-media":"","overlay-type":"","overlay-color":"","overlay-opacity":"","overlay-gradient":""},"tablet":{"background-color":"","background-image":"","background-repeat":"repeat","background-position":"center center","background-size":"auto","background-attachment":"scroll","background-type":"","background-media":"","overlay-type":"","overlay-color":"","overlay-opacity":"","overlay-gradient":""},"mobile":{"background-color":"","background-image":"","background-repeat":"repeat","background-position":"center center","background-size":"auto","background-attachment":"scroll","background-type":"","background-media":"","overlay-type":"","overlay-color":"","overlay-opacity":"","overlay-gradient":""}},"ast-content-background-meta":{"desktop":{"background-color":"var(--ast-global-color-5)","background-image":"","background-repeat":"repeat","background-position":"center center","background-size":"auto","background-attachment":"scroll","background-type":"","background-media":"","overlay-type":"","overlay-color":"","overlay-opacity":"","overlay-gradient":""},"tablet":{"background-color":"var(--ast-global-color-5)","background-image":"","background-repeat":"repeat","background-position":"center center","background-size":"auto","background-attachment":"scroll","background-type":"","background-media":"","overlay-type":"","overlay-color":"","overlay-opacity":"","overlay-gradient":""},"mobile":{"background-color":"var(--ast-global-color-5)","background-image":"","background-repeat":"repeat","background-position":"center center","background-size":"auto","background-attachment":"scroll","background-type":"","background-media":"","overlay-type":"","overlay-color":"","overlay-opacity":"","overlay-gradient":""}}},"product_brand":[],"product_cat":[46570],"product_tag":[],"class_list":{"0":"post-27959","1":"product","2":"type-product","3":"status-publish","4":"has-post-thumbnail","6":"product_cat-telemetres-fr","7":"desktop-align-left","8":"tablet-align-left","9":"mobile-align-left","10":"ast-product-gallery-layout-horizontal-slider","11":"ast-product-gallery-with-no-image","12":"ast-product-tabs-layout-horizontal","14":"first","15":"instock","16":"shipping-taxable","17":"purchasable","18":"product-type-simple"},"acf":[],"_links":{"self":[{"href":"https:\/\/levelfixinstruments.com\/fr\/wp-json\/wp\/v2\/product\/27959","targetHints":{"allow":["GET"]}}],"collection":[{"href":"https:\/\/levelfixinstruments.com\/fr\/wp-json\/wp\/v2\/product"}],"about":[{"href":"https:\/\/levelfixinstruments.com\/fr\/wp-json\/wp\/v2\/types\/product"}],"wp:featuredmedia":[{"embeddable":true,"href":"https:\/\/levelfixinstruments.com\/fr\/wp-json\/wp\/v2\/media\/35530"}],"wp:attachment":[{"href":"https:\/\/levelfixinstruments.com\/fr\/wp-json\/wp\/v2\/media?parent=27959"}],"wp:term":[{"taxonomy":"product_brand","embeddable":true,"href":"https:\/\/levelfixinstruments.com\/fr\/wp-json\/wp\/v2\/product_brand?post=27959"},{"taxonomy":"product_cat","embeddable":true,"href":"https:\/\/levelfixinstruments.com\/fr\/wp-json\/wp\/v2\/product_cat?post=27959"},{"taxonomy":"product_tag","embeddable":true,"href":"https:\/\/levelfixinstruments.com\/fr\/wp-json\/wp\/v2\/product_tag?post=27959"}],"curies":[{"name":"wp","href":"https:\/\/api.w.org\/{rel}","templated":true}]}}