{"id":28079,"date":"2025-09-30T01:16:18","date_gmt":"2025-09-30T01:16:18","guid":{"rendered":"https:\/\/levelfixinstruments.com\/product\/metofix-vs500-endoscope-video\/"},"modified":"2025-11-28T10:24:48","modified_gmt":"2025-11-28T10:24:48","slug":"metofix-vs500-endoscope-video","status":"publish","type":"product","link":"https:\/\/levelfixinstruments.com\/fr\/produit\/instruments-de-mesure-fr\/inspection-fr\/metofix-vs500-endoscope-video\/","title":{"rendered":"METOFIX VS500 ENDOSCOPE VID\u00c9O"},"content":{"rendered":"<p>L&rsquo;endoscope vid\u00e9o METOFIX VS500 rend visibles les endroits difficiles d&rsquo;acc\u00e8s. Pensez aux conduites, tuyaux, plafonds, sols, ou sous une baignoire. Avec la cam\u00e9ra flexible et les extensions disponibles en option, aucun espace n&rsquo;est inaccessible.  <\/p>\n<p>Le VS500 est livr\u00e9 en standard avec une cam\u00e9ra \u00e9tanche de 17 mm d&rsquo;une longueur d&rsquo;un m\u00e8tre. Sont disponibles s\u00e9par\u00e9ment : <\/p>\n<ul>\n<li>Bras d&rsquo;objectif flexible de 6 mm de 1 ou 2 m\u00e8tres\u00a0;<\/li>\n<li>Bras d&rsquo;objectif pliable de 9 mm de 1 ou 2 m\u00e8tres\u00a0;<\/li>\n<li>Bras d&rsquo;extension de 17 mm de 1, 2 ou 3 m\u00e8tres.<\/li>\n<\/ul>\n<p>Le bras de lentille de 17 mm peut \u00eatre facilement prolong\u00e9 jusqu&rsquo;\u00e0 7 m\u00e8tres avec un maximum de deux bras d&rsquo;extension.<\/p>\n<p><strong>Toujours une bonne image<\/strong><\/p>\n<p>L&rsquo;\u00e9cran couleur de 3,2\u2033 vous donne une bonne vue de la situation. Vous voulez faire pivoter ou inverser l&rsquo;image ? Ce n&rsquo;est pas un probl\u00e8me gr\u00e2ce \u00e0 la commande simple. Le VS500 a la possibilit\u00e9 de prendre des photos et des vid\u00e9os et de les enregistrer sur une carte SD.   <\/p>\n<p>Le METOFIX VS500 est livr\u00e9 avec une batterie Li-ion et un chargeur, un bras de 17 mm d&rsquo;un m\u00e8tre, un c\u00e2ble RGB et un ensemble de 17 mm avec crochet, miroir et aimants.<\/p>\n","protected":false},"excerpt":{"rendered":"<p>Endoscope vid\u00e9o avec cam\u00e9ra flexible pour les endroits difficiles d&rsquo;acc\u00e8s.<\/p>\n","protected":false},"featured_media":35577,"template":"","meta":{"_acf_changed":false,"site-sidebar-layout":"default","site-content-layout":"","ast-site-content-layout":"default","site-content-style":"default","site-sidebar-style":"default","ast-global-header-display":"","ast-banner-title-visibility":"","ast-main-header-display":"","ast-hfb-above-header-display":"","ast-hfb-below-header-display":"","ast-hfb-mobile-header-display":"","site-post-title":"","ast-breadcrumbs-content":"","ast-featured-img":"","footer-sml-layout":"","ast-disable-related-posts":"","theme-transparent-header-meta":"","adv-header-id-meta":"","stick-header-meta":"","header-above-stick-meta":"","header-main-stick-meta":"","header-below-stick-meta":"","astra-migrate-meta-layouts":"default","ast-page-background-enabled":"default","ast-page-background-meta":{"desktop":{"background-color":"var(--ast-global-color-4)","background-image":"","background-repeat":"repeat","background-position":"center center","background-size":"auto","background-attachment":"scroll","background-type":"","background-media":"","overlay-type":"","overlay-color":"","overlay-opacity":"","overlay-gradient":""},"tablet":{"background-color":"","background-image":"","background-repeat":"repeat","background-position":"center center","background-size":"auto","background-attachment":"scroll","background-type":"","background-media":"","overlay-type":"","overlay-color":"","overlay-opacity":"","overlay-gradient":""},"mobile":{"background-color":"","background-image":"","background-repeat":"repeat","background-position":"center center","background-size":"auto","background-attachment":"scroll","background-type":"","background-media":"","overlay-type":"","overlay-color":"","overlay-opacity":"","overlay-gradient":""}},"ast-content-background-meta":{"desktop":{"background-color":"var(--ast-global-color-5)","background-image":"","background-repeat":"repeat","background-position":"center center","background-size":"auto","background-attachment":"scroll","background-type":"","background-media":"","overlay-type":"","overlay-color":"","overlay-opacity":"","overlay-gradient":""},"tablet":{"background-color":"var(--ast-global-color-5)","background-image":"","background-repeat":"repeat","background-position":"center center","background-size":"auto","background-attachment":"scroll","background-type":"","background-media":"","overlay-type":"","overlay-color":"","overlay-opacity":"","overlay-gradient":""},"mobile":{"background-color":"var(--ast-global-color-5)","background-image":"","background-repeat":"repeat","background-position":"center center","background-size":"auto","background-attachment":"scroll","background-type":"","background-media":"","overlay-type":"","overlay-color":"","overlay-opacity":"","overlay-gradient":""}}},"product_brand":[],"product_cat":[46600,46534,46640],"product_tag":[],"class_list":{"0":"post-28079","1":"product","2":"type-product","3":"status-publish","4":"has-post-thumbnail","6":"product_cat-inspection-fr","7":"product_cat-instruments-de-mesure-fr","8":"product_cat-videoscope-fr","9":"desktop-align-left","10":"tablet-align-left","11":"mobile-align-left","12":"ast-product-gallery-layout-horizontal-slider","13":"ast-product-gallery-with-no-image","14":"ast-product-tabs-layout-horizontal","16":"first","17":"instock","18":"shipping-taxable","19":"purchasable","20":"product-type-simple"},"acf":[],"_links":{"self":[{"href":"https:\/\/levelfixinstruments.com\/fr\/wp-json\/wp\/v2\/product\/28079","targetHints":{"allow":["GET"]}}],"collection":[{"href":"https:\/\/levelfixinstruments.com\/fr\/wp-json\/wp\/v2\/product"}],"about":[{"href":"https:\/\/levelfixinstruments.com\/fr\/wp-json\/wp\/v2\/types\/product"}],"wp:featuredmedia":[{"embeddable":true,"href":"https:\/\/levelfixinstruments.com\/fr\/wp-json\/wp\/v2\/media\/35577"}],"wp:attachment":[{"href":"https:\/\/levelfixinstruments.com\/fr\/wp-json\/wp\/v2\/media?parent=28079"}],"wp:term":[{"taxonomy":"product_brand","embeddable":true,"href":"https:\/\/levelfixinstruments.com\/fr\/wp-json\/wp\/v2\/product_brand?post=28079"},{"taxonomy":"product_cat","embeddable":true,"href":"https:\/\/levelfixinstruments.com\/fr\/wp-json\/wp\/v2\/product_cat?post=28079"},{"taxonomy":"product_tag","embeddable":true,"href":"https:\/\/levelfixinstruments.com\/fr\/wp-json\/wp\/v2\/product_tag?post=28079"}],"curies":[{"name":"wp","href":"https:\/\/api.w.org\/{rel}","templated":true}]}}