{"id":28095,"date":"2025-09-30T01:16:23","date_gmt":"2025-09-30T01:16:23","guid":{"rendered":"https:\/\/levelfixinstruments.com\/product\/metofix-em300-multimetre-numerique-compact\/"},"modified":"2025-11-28T10:03:17","modified_gmt":"2025-11-28T10:03:17","slug":"metofix-em300-multimetre-numerique-compact","status":"publish","type":"product","link":"https:\/\/levelfixinstruments.com\/fr\/produit\/instruments-de-mesure-fr\/inspection-fr\/metofix-em300-multimetre-numerique-compact\/","title":{"rendered":"METOFIX EM300 MULTIM\u00c8TRE NUM\u00c9RIQUE COMPACT"},"content":{"rendered":"<p>Mesure facilement et rapidement la tension, le courant et la r\u00e9sistance avec le multim\u00e8tre num\u00e9rique compact METOFIX EM300. Ce multim\u00e8tre poss\u00e8de un d\u00e9tecteur de tension sans contact int\u00e9gr\u00e9 et est facile \u00e0 utiliser gr\u00e2ce \u00e0 son grand bouton rotatif. <\/p>\n<p>Avec l&rsquo;EM300, tu peux mesurer :<\/p>\n<ul>\n<li>la tension jusqu&rsquo;\u00e0 500V AC\/DC avec une pr\u00e9cision d&rsquo;environ 0,5 % ;<\/li>\n<li>le courant jusqu&rsquo;\u00e0 200mA AC\/DC avec une pr\u00e9cision d&rsquo;environ 2,5 % ;<\/li>\n<li>et la r\u00e9sistance jusqu&rsquo;\u00e0 2M ohms avec une pr\u00e9cision d&rsquo;environ 1 %.<\/li>\n<\/ul>\n<p>Le multim\u00e8tre num\u00e9rique compact METOFIX EM300 est livr\u00e9 avec un jeu de cordons de mesure dans un \u00e9tui robuste.<\/p>\n","protected":false},"excerpt":{"rendered":"<p>Multim\u00e8tre num\u00e9rique compact pour mesurer facilement, en toute s\u00e9curit\u00e9 et rapidement la tension, le courant et la r\u00e9sistance.<\/p>\n","protected":false},"featured_media":35537,"template":"","meta":{"_acf_changed":false,"site-sidebar-layout":"default","site-content-layout":"","ast-site-content-layout":"default","site-content-style":"default","site-sidebar-style":"default","ast-global-header-display":"","ast-banner-title-visibility":"","ast-main-header-display":"","ast-hfb-above-header-display":"","ast-hfb-below-header-display":"","ast-hfb-mobile-header-display":"","site-post-title":"","ast-breadcrumbs-content":"","ast-featured-img":"","footer-sml-layout":"","ast-disable-related-posts":"","theme-transparent-header-meta":"","adv-header-id-meta":"","stick-header-meta":"","header-above-stick-meta":"","header-main-stick-meta":"","header-below-stick-meta":"","astra-migrate-meta-layouts":"default","ast-page-background-enabled":"default","ast-page-background-meta":{"desktop":{"background-color":"var(--ast-global-color-4)","background-image":"","background-repeat":"repeat","background-position":"center center","background-size":"auto","background-attachment":"scroll","background-type":"","background-media":"","overlay-type":"","overlay-color":"","overlay-opacity":"","overlay-gradient":""},"tablet":{"background-color":"","background-image":"","background-repeat":"repeat","background-position":"center center","background-size":"auto","background-attachment":"scroll","background-type":"","background-media":"","overlay-type":"","overlay-color":"","overlay-opacity":"","overlay-gradient":""},"mobile":{"background-color":"","background-image":"","background-repeat":"repeat","background-position":"center center","background-size":"auto","background-attachment":"scroll","background-type":"","background-media":"","overlay-type":"","overlay-color":"","overlay-opacity":"","overlay-gradient":""}},"ast-content-background-meta":{"desktop":{"background-color":"var(--ast-global-color-5)","background-image":"","background-repeat":"repeat","background-position":"center center","background-size":"auto","background-attachment":"scroll","background-type":"","background-media":"","overlay-type":"","overlay-color":"","overlay-opacity":"","overlay-gradient":""},"tablet":{"background-color":"var(--ast-global-color-5)","background-image":"","background-repeat":"repeat","background-position":"center center","background-size":"auto","background-attachment":"scroll","background-type":"","background-media":"","overlay-type":"","overlay-color":"","overlay-opacity":"","overlay-gradient":""},"mobile":{"background-color":"var(--ast-global-color-5)","background-image":"","background-repeat":"repeat","background-position":"center center","background-size":"auto","background-attachment":"scroll","background-type":"","background-media":"","overlay-type":"","overlay-color":"","overlay-opacity":"","overlay-gradient":""}}},"product_brand":[],"product_cat":[46600,46647],"product_tag":[],"class_list":{"0":"post-28095","1":"product","2":"type-product","3":"status-publish","4":"has-post-thumbnail","6":"product_cat-inspection-fr","7":"product_cat-voltmetres-fr","8":"desktop-align-left","9":"tablet-align-left","10":"mobile-align-left","11":"ast-product-gallery-layout-horizontal-slider","12":"ast-product-gallery-with-no-image","13":"ast-product-tabs-layout-horizontal","15":"first","16":"instock","17":"shipping-taxable","18":"purchasable","19":"product-type-simple"},"acf":[],"_links":{"self":[{"href":"https:\/\/levelfixinstruments.com\/fr\/wp-json\/wp\/v2\/product\/28095","targetHints":{"allow":["GET"]}}],"collection":[{"href":"https:\/\/levelfixinstruments.com\/fr\/wp-json\/wp\/v2\/product"}],"about":[{"href":"https:\/\/levelfixinstruments.com\/fr\/wp-json\/wp\/v2\/types\/product"}],"wp:featuredmedia":[{"embeddable":true,"href":"https:\/\/levelfixinstruments.com\/fr\/wp-json\/wp\/v2\/media\/35537"}],"wp:attachment":[{"href":"https:\/\/levelfixinstruments.com\/fr\/wp-json\/wp\/v2\/media?parent=28095"}],"wp:term":[{"taxonomy":"product_brand","embeddable":true,"href":"https:\/\/levelfixinstruments.com\/fr\/wp-json\/wp\/v2\/product_brand?post=28095"},{"taxonomy":"product_cat","embeddable":true,"href":"https:\/\/levelfixinstruments.com\/fr\/wp-json\/wp\/v2\/product_cat?post=28095"},{"taxonomy":"product_tag","embeddable":true,"href":"https:\/\/levelfixinstruments.com\/fr\/wp-json\/wp\/v2\/product_tag?post=28095"}],"curies":[{"name":"wp","href":"https:\/\/api.w.org\/{rel}","templated":true}]}}