{"id":28111,"date":"2025-09-30T01:16:28","date_gmt":"2025-09-30T01:16:28","guid":{"rendered":"https:\/\/levelfixinstruments.com\/product\/voltmetre-universel-metofix-em700\/"},"modified":"2025-11-28T10:11:50","modified_gmt":"2025-11-28T10:11:50","slug":"voltmetre-universel-metofix-em700","status":"publish","type":"product","link":"https:\/\/levelfixinstruments.com\/fr\/produit\/instruments-de-mesure-fr\/inspection-fr\/voltmetre-universel-metofix-em700\/","title":{"rendered":"VOLTM\u00c8TRE UNIVERSEL METOFIX EM700"},"content":{"rendered":"<p>Que tu sois inspecteur, \u00e9lectricien ou technicien en \u00e9lectricit\u00e9, un testeur de tension fiable et rapide est indispensable dans ta bo\u00eete \u00e0 outils. Le METOFIX EM700 est un testeur de tension universel (cat\u00e9gorie III). Les sondes de test s\u00e9curis\u00e9es assurent une distance adapt\u00e9e aux prises de courant. Avec l&rsquo;EM700, tu peux mesurer la tension de 12 \u00e0 690V AC\/DC, mais aussi la fr\u00e9quence de 0 \u00e0 60Hz, la polarit\u00e9 et le sens de rotation. De plus, il offre la possibilit\u00e9 d&rsquo;effectuer un test de phase unipolaire. Gr\u00e2ce \u00e0 la lampe de poche int\u00e9gr\u00e9e, tu peux aussi travailler en toute s\u00e9curit\u00e9 dans les espaces sombres, comme un tableau \u00e9lectrique.     <\/p>\n<p>Le voltm\u00e8tre universel METOFIX EM700 fonctionne avec 3 piles AAA et est livr\u00e9 dans un \u00e9tui robuste.<\/p>\n","protected":false},"excerpt":{"rendered":"<p>Voltm\u00e8tre fiable et rapide avec lampe de poche int\u00e9gr\u00e9e et test de phase unipolaire. L&rsquo;EM700 d\u00e9tecte automatiquement AC\/DC, la polarit\u00e9 et le sens de rotation.  <\/p>\n","protected":false},"featured_media":35549,"template":"","meta":{"_acf_changed":false,"site-sidebar-layout":"default","site-content-layout":"","ast-site-content-layout":"default","site-content-style":"default","site-sidebar-style":"default","ast-global-header-display":"","ast-banner-title-visibility":"","ast-main-header-display":"","ast-hfb-above-header-display":"","ast-hfb-below-header-display":"","ast-hfb-mobile-header-display":"","site-post-title":"","ast-breadcrumbs-content":"","ast-featured-img":"","footer-sml-layout":"","ast-disable-related-posts":"","theme-transparent-header-meta":"","adv-header-id-meta":"","stick-header-meta":"","header-above-stick-meta":"","header-main-stick-meta":"","header-below-stick-meta":"","astra-migrate-meta-layouts":"default","ast-page-background-enabled":"default","ast-page-background-meta":{"desktop":{"background-color":"var(--ast-global-color-4)","background-image":"","background-repeat":"repeat","background-position":"center center","background-size":"auto","background-attachment":"scroll","background-type":"","background-media":"","overlay-type":"","overlay-color":"","overlay-opacity":"","overlay-gradient":""},"tablet":{"background-color":"","background-image":"","background-repeat":"repeat","background-position":"center center","background-size":"auto","background-attachment":"scroll","background-type":"","background-media":"","overlay-type":"","overlay-color":"","overlay-opacity":"","overlay-gradient":""},"mobile":{"background-color":"","background-image":"","background-repeat":"repeat","background-position":"center center","background-size":"auto","background-attachment":"scroll","background-type":"","background-media":"","overlay-type":"","overlay-color":"","overlay-opacity":"","overlay-gradient":""}},"ast-content-background-meta":{"desktop":{"background-color":"var(--ast-global-color-5)","background-image":"","background-repeat":"repeat","background-position":"center center","background-size":"auto","background-attachment":"scroll","background-type":"","background-media":"","overlay-type":"","overlay-color":"","overlay-opacity":"","overlay-gradient":""},"tablet":{"background-color":"var(--ast-global-color-5)","background-image":"","background-repeat":"repeat","background-position":"center center","background-size":"auto","background-attachment":"scroll","background-type":"","background-media":"","overlay-type":"","overlay-color":"","overlay-opacity":"","overlay-gradient":""},"mobile":{"background-color":"var(--ast-global-color-5)","background-image":"","background-repeat":"repeat","background-position":"center center","background-size":"auto","background-attachment":"scroll","background-type":"","background-media":"","overlay-type":"","overlay-color":"","overlay-opacity":"","overlay-gradient":""}}},"product_brand":[],"product_cat":[46600,46647],"product_tag":[],"class_list":{"0":"post-28111","1":"product","2":"type-product","3":"status-publish","4":"has-post-thumbnail","6":"product_cat-inspection-fr","7":"product_cat-voltmetres-fr","8":"desktop-align-left","9":"tablet-align-left","10":"mobile-align-left","11":"ast-product-gallery-layout-horizontal-slider","12":"ast-product-gallery-with-no-image","13":"ast-product-tabs-layout-horizontal","15":"first","16":"instock","17":"shipping-taxable","18":"purchasable","19":"product-type-simple"},"acf":[],"_links":{"self":[{"href":"https:\/\/levelfixinstruments.com\/fr\/wp-json\/wp\/v2\/product\/28111","targetHints":{"allow":["GET"]}}],"collection":[{"href":"https:\/\/levelfixinstruments.com\/fr\/wp-json\/wp\/v2\/product"}],"about":[{"href":"https:\/\/levelfixinstruments.com\/fr\/wp-json\/wp\/v2\/types\/product"}],"wp:featuredmedia":[{"embeddable":true,"href":"https:\/\/levelfixinstruments.com\/fr\/wp-json\/wp\/v2\/media\/35549"}],"wp:attachment":[{"href":"https:\/\/levelfixinstruments.com\/fr\/wp-json\/wp\/v2\/media?parent=28111"}],"wp:term":[{"taxonomy":"product_brand","embeddable":true,"href":"https:\/\/levelfixinstruments.com\/fr\/wp-json\/wp\/v2\/product_brand?post=28111"},{"taxonomy":"product_cat","embeddable":true,"href":"https:\/\/levelfixinstruments.com\/fr\/wp-json\/wp\/v2\/product_cat?post=28111"},{"taxonomy":"product_tag","embeddable":true,"href":"https:\/\/levelfixinstruments.com\/fr\/wp-json\/wp\/v2\/product_tag?post=28111"}],"curies":[{"name":"wp","href":"https:\/\/api.w.org\/{rel}","templated":true}]}}