{"id":28119,"date":"2025-09-30T01:16:30","date_gmt":"2025-09-30T01:16:30","guid":{"rendered":"https:\/\/levelfixinstruments.com\/product\/scanner-mural-numerique-metofix-sc600\/"},"modified":"2025-11-25T09:31:28","modified_gmt":"2025-11-25T09:31:28","slug":"scanner-mural-numerique-metofix-sc600","status":"publish","type":"product","link":"https:\/\/levelfixinstruments.com\/fr\/produit\/instruments-de-mesure-fr\/inspection-fr\/scanner-mural-numerique-metofix-sc600\/","title":{"rendered":"SCANNER MURAL NUM\u00c9RIQUE METOFIX SC600"},"content":{"rendered":"<p>Avant de commencer \u00e0 percer ou \u00e0 casser, il est utile de savoir d&rsquo;abord s&rsquo;il y a des conduites ou des fils sous tension qui g\u00eanent, et o\u00f9 se trouvent les montants, pour savoir o\u00f9 visser. Avec le scanner num\u00e9rique METOFIX SC600, vous visualisez tout facilement et rapidement, pour pouvoir travailler sans souci.  <\/p>\n<p><strong>Que peut faire le SC600 ? <\/strong><\/p>\n<ul>\n<li>Il trouve le centre des montants jusqu&rsquo;\u00e0 38 mm de profondeur ;<\/li>\n<li>localise le m\u00e9tal jusqu&rsquo;\u00e0 76 mm de profondeur ;<\/li>\n<li>les m\u00e9taux non ferreux (cuivre, plomb, aluminium, zinc) jusqu&rsquo;\u00e0 36 mm ;<\/li>\n<li>d\u00e9tecte les fils sous tension jusqu&rsquo;\u00e0 50 mm de profondeur.<\/li>\n<li>Donne un avertissement en cas de \u00ab faux positif \u00bb, par exemple les tuyaux en plastique. Cela permet maintenant de trouver \u00e9galement les \u00e9vacuations et les conduites en plastique. <\/li>\n<\/ul>\n<p>Ce scanner num\u00e9rique pr\u00e9sente une haute fiabilit\u00e9 gr\u00e2ce \u00e0 la technique d&rsquo;autocorrection ACT. Gr\u00e2ce \u00e0 cette technologie, il contr\u00f4le l&rsquo;\u00e9talonnage 10 fois par seconde et corrige la mesure si n\u00e9cessaire. <\/p>\n<p>Le scanner num\u00e9rique METOFIX SC600 fonctionne avec une pile 9V.<\/p>\n","protected":false},"excerpt":{"rendered":"<p>Scanner mural num\u00e9rique pour d\u00e9tecter les montants, le m\u00e9tal, les m\u00e9taux non ferreux, les fils sous tension ou les conduites en plastique dans le mur.<\/p>\n","protected":false},"featured_media":34721,"template":"","meta":{"_acf_changed":false,"site-sidebar-layout":"default","site-content-layout":"","ast-site-content-layout":"default","site-content-style":"default","site-sidebar-style":"default","ast-global-header-display":"","ast-banner-title-visibility":"","ast-main-header-display":"","ast-hfb-above-header-display":"","ast-hfb-below-header-display":"","ast-hfb-mobile-header-display":"","site-post-title":"","ast-breadcrumbs-content":"","ast-featured-img":"","footer-sml-layout":"","ast-disable-related-posts":"","theme-transparent-header-meta":"","adv-header-id-meta":"","stick-header-meta":"","header-above-stick-meta":"","header-main-stick-meta":"","header-below-stick-meta":"","astra-migrate-meta-layouts":"default","ast-page-background-enabled":"default","ast-page-background-meta":{"desktop":{"background-color":"var(--ast-global-color-4)","background-image":"","background-repeat":"repeat","background-position":"center center","background-size":"auto","background-attachment":"scroll","background-type":"","background-media":"","overlay-type":"","overlay-color":"","overlay-opacity":"","overlay-gradient":""},"tablet":{"background-color":"","background-image":"","background-repeat":"repeat","background-position":"center center","background-size":"auto","background-attachment":"scroll","background-type":"","background-media":"","overlay-type":"","overlay-color":"","overlay-opacity":"","overlay-gradient":""},"mobile":{"background-color":"","background-image":"","background-repeat":"repeat","background-position":"center center","background-size":"auto","background-attachment":"scroll","background-type":"","background-media":"","overlay-type":"","overlay-color":"","overlay-opacity":"","overlay-gradient":""}},"ast-content-background-meta":{"desktop":{"background-color":"var(--ast-global-color-5)","background-image":"","background-repeat":"repeat","background-position":"center center","background-size":"auto","background-attachment":"scroll","background-type":"","background-media":"","overlay-type":"","overlay-color":"","overlay-opacity":"","overlay-gradient":""},"tablet":{"background-color":"var(--ast-global-color-5)","background-image":"","background-repeat":"repeat","background-position":"center center","background-size":"auto","background-attachment":"scroll","background-type":"","background-media":"","overlay-type":"","overlay-color":"","overlay-opacity":"","overlay-gradient":""},"mobile":{"background-color":"var(--ast-global-color-5)","background-image":"","background-repeat":"repeat","background-position":"center center","background-size":"auto","background-attachment":"scroll","background-type":"","background-media":"","overlay-type":"","overlay-color":"","overlay-opacity":"","overlay-gradient":""}}},"product_brand":[],"product_cat":[46600,46629],"product_tag":[],"class_list":{"0":"post-28119","1":"product","2":"type-product","3":"status-publish","4":"has-post-thumbnail","6":"product_cat-inspection-fr","7":"product_cat-scanner-mural-fr","8":"desktop-align-left","9":"tablet-align-left","10":"mobile-align-left","11":"ast-product-gallery-layout-horizontal-slider","12":"ast-product-gallery-with-no-image","13":"ast-product-tabs-layout-horizontal","15":"first","16":"instock","17":"shipping-taxable","18":"purchasable","19":"product-type-simple"},"acf":[],"_links":{"self":[{"href":"https:\/\/levelfixinstruments.com\/fr\/wp-json\/wp\/v2\/product\/28119","targetHints":{"allow":["GET"]}}],"collection":[{"href":"https:\/\/levelfixinstruments.com\/fr\/wp-json\/wp\/v2\/product"}],"about":[{"href":"https:\/\/levelfixinstruments.com\/fr\/wp-json\/wp\/v2\/types\/product"}],"wp:featuredmedia":[{"embeddable":true,"href":"https:\/\/levelfixinstruments.com\/fr\/wp-json\/wp\/v2\/media\/34721"}],"wp:attachment":[{"href":"https:\/\/levelfixinstruments.com\/fr\/wp-json\/wp\/v2\/media?parent=28119"}],"wp:term":[{"taxonomy":"product_brand","embeddable":true,"href":"https:\/\/levelfixinstruments.com\/fr\/wp-json\/wp\/v2\/product_brand?post=28119"},{"taxonomy":"product_cat","embeddable":true,"href":"https:\/\/levelfixinstruments.com\/fr\/wp-json\/wp\/v2\/product_cat?post=28119"},{"taxonomy":"product_tag","embeddable":true,"href":"https:\/\/levelfixinstruments.com\/fr\/wp-json\/wp\/v2\/product_tag?post=28119"}],"curies":[{"name":"wp","href":"https:\/\/api.w.org\/{rel}","templated":true}]}}