{"id":28135,"date":"2025-09-30T01:16:41","date_gmt":"2025-09-30T01:16:41","guid":{"rendered":"https:\/\/levelfixinstruments.com\/product\/sonometre-metofix-gm100\/"},"modified":"2025-11-28T10:17:13","modified_gmt":"2025-11-28T10:17:13","slug":"sonometre-metofix-gm100","status":"publish","type":"product","link":"https:\/\/levelfixinstruments.com\/fr\/produit\/instruments-de-mesure-fr\/inspection-fr\/sonometre-metofix-gm100\/","title":{"rendered":"SONOM\u00c8TRE METOFIX GM100"},"content":{"rendered":"<p>Vous souhaitez mesurer facilement et rapidement si le niveau sonore est conforme aux normes ? C&rsquo;est possible avec le sonom\u00e8tre METOFIX GM100. Cet instrument de mesure permet \u00e9galement de visualiser l&rsquo;effet des mat\u00e9riaux d&rsquo;isolation. D&rsquo;une simple pression sur un bouton, vous mesurez les niveaux sonores de 35 \u00e0 130 dB avec une pr\u00e9cision d&rsquo;environ 3,5 dB. Le GM100 affiche les valeurs min\/max sur son \u00e9cran lumineux.    <\/p>\n<p>Pratique pour diff\u00e9rentes situations, telles que :<\/p>\n<ul>\n<li>En environnement professionnel : pour d\u00e9terminer si les normes de conditions de travail ne sont pas d\u00e9pass\u00e9es ;<\/li>\n<li>En zone r\u00e9sidentielle : pour mesurer les nuisances caus\u00e9es par les routes, les voies ferr\u00e9es, l&rsquo;industrie et l&rsquo;aviation ;<\/li>\n<li>Dans l&rsquo;h\u00f4tellerie-restauration : pour \u00e9viter les nuisances sonores pour votre environnement ;<\/li>\n<li>Lors d&rsquo;\u00e9v\u00e9nements : pour \u00e9viter les nuisances pour l&rsquo;environnement ou les dommages auditifs pour le public ;<\/li>\n<li>Dans la construction : pour mesurer l&rsquo;acoustique ou l&rsquo;effet de l&rsquo;isolation.<\/li>\n<\/ul>\n<p>Le sonom\u00e8tre GM100 est livr\u00e9 dans un \u00e9tui pratique et robuste.<\/p>\n","protected":false},"excerpt":{"rendered":"<p>Sonom\u00e8tre compact pour mesurer, entre autres, les nuisances sonores ou l&rsquo;effet des mat\u00e9riaux d&rsquo;isolation.<\/p>\n","protected":false},"featured_media":35556,"template":"","meta":{"_acf_changed":false,"site-sidebar-layout":"default","site-content-layout":"","ast-site-content-layout":"default","site-content-style":"default","site-sidebar-style":"default","ast-global-header-display":"","ast-banner-title-visibility":"","ast-main-header-display":"","ast-hfb-above-header-display":"","ast-hfb-below-header-display":"","ast-hfb-mobile-header-display":"","site-post-title":"","ast-breadcrumbs-content":"","ast-featured-img":"","footer-sml-layout":"","ast-disable-related-posts":"","theme-transparent-header-meta":"","adv-header-id-meta":"","stick-header-meta":"","header-above-stick-meta":"","header-main-stick-meta":"","header-below-stick-meta":"","astra-migrate-meta-layouts":"default","ast-page-background-enabled":"default","ast-page-background-meta":{"desktop":{"background-color":"var(--ast-global-color-4)","background-image":"","background-repeat":"repeat","background-position":"center center","background-size":"auto","background-attachment":"scroll","background-type":"","background-media":"","overlay-type":"","overlay-color":"","overlay-opacity":"","overlay-gradient":""},"tablet":{"background-color":"","background-image":"","background-repeat":"repeat","background-position":"center center","background-size":"auto","background-attachment":"scroll","background-type":"","background-media":"","overlay-type":"","overlay-color":"","overlay-opacity":"","overlay-gradient":""},"mobile":{"background-color":"","background-image":"","background-repeat":"repeat","background-position":"center center","background-size":"auto","background-attachment":"scroll","background-type":"","background-media":"","overlay-type":"","overlay-color":"","overlay-opacity":"","overlay-gradient":""}},"ast-content-background-meta":{"desktop":{"background-color":"var(--ast-global-color-5)","background-image":"","background-repeat":"repeat","background-position":"center center","background-size":"auto","background-attachment":"scroll","background-type":"","background-media":"","overlay-type":"","overlay-color":"","overlay-opacity":"","overlay-gradient":""},"tablet":{"background-color":"var(--ast-global-color-5)","background-image":"","background-repeat":"repeat","background-position":"center center","background-size":"auto","background-attachment":"scroll","background-type":"","background-media":"","overlay-type":"","overlay-color":"","overlay-opacity":"","overlay-gradient":""},"mobile":{"background-color":"var(--ast-global-color-5)","background-image":"","background-repeat":"repeat","background-position":"center center","background-size":"auto","background-attachment":"scroll","background-type":"","background-media":"","overlay-type":"","overlay-color":"","overlay-opacity":"","overlay-gradient":""}}},"product_brand":[],"product_cat":[46600,46589,46606],"product_tag":[],"class_list":{"0":"post-28135","1":"product","2":"type-product","3":"status-publish","4":"has-post-thumbnail","6":"product_cat-inspection-fr","7":"product_cat-sonometre-fr","8":"product_cat-technologie-climatique-fr","9":"desktop-align-left","10":"tablet-align-left","11":"mobile-align-left","12":"ast-product-gallery-layout-horizontal-slider","13":"ast-product-gallery-with-no-image","14":"ast-product-tabs-layout-horizontal","16":"first","17":"instock","18":"shipping-taxable","19":"purchasable","20":"product-type-simple"},"acf":[],"_links":{"self":[{"href":"https:\/\/levelfixinstruments.com\/fr\/wp-json\/wp\/v2\/product\/28135","targetHints":{"allow":["GET"]}}],"collection":[{"href":"https:\/\/levelfixinstruments.com\/fr\/wp-json\/wp\/v2\/product"}],"about":[{"href":"https:\/\/levelfixinstruments.com\/fr\/wp-json\/wp\/v2\/types\/product"}],"wp:featuredmedia":[{"embeddable":true,"href":"https:\/\/levelfixinstruments.com\/fr\/wp-json\/wp\/v2\/media\/35556"}],"wp:attachment":[{"href":"https:\/\/levelfixinstruments.com\/fr\/wp-json\/wp\/v2\/media?parent=28135"}],"wp:term":[{"taxonomy":"product_brand","embeddable":true,"href":"https:\/\/levelfixinstruments.com\/fr\/wp-json\/wp\/v2\/product_brand?post=28135"},{"taxonomy":"product_cat","embeddable":true,"href":"https:\/\/levelfixinstruments.com\/fr\/wp-json\/wp\/v2\/product_cat?post=28135"},{"taxonomy":"product_tag","embeddable":true,"href":"https:\/\/levelfixinstruments.com\/fr\/wp-json\/wp\/v2\/product_tag?post=28135"}],"curies":[{"name":"wp","href":"https:\/\/api.w.org\/{rel}","templated":true}]}}