{"id":28143,"date":"2025-09-30T01:16:44","date_gmt":"2025-09-30T01:16:44","guid":{"rendered":"https:\/\/levelfixinstruments.com\/product\/hygrometre-thermique-metofix-tm300\/"},"modified":"2025-11-28T10:17:16","modified_gmt":"2025-11-28T10:17:16","slug":"hygrometre-thermique-metofix-tm300","status":"publish","type":"product","link":"https:\/\/levelfixinstruments.com\/fr\/produit\/instruments-de-mesure-fr\/hygrometres-fr\/hygrometre-thermique-metofix-tm300\/","title":{"rendered":"HYGROM\u00c8TRE THERMIQUE METOFIX TM300"},"content":{"rendered":"<p>Vous souhaitez conna\u00eetre facilement et rapidement la temp\u00e9rature ambiante et l&rsquo;humidit\u00e9 d&rsquo;un espace ? C&rsquo;est possible avec l&rsquo;hygrom\u00e8tre thermique num\u00e9rique METOFIX TM300. D\u00e9terminez d&rsquo;une simple pression si l&rsquo;espace est humide ou au contraire trop sec. Mesurer l&rsquo;humidit\u00e9 permet de mieux comprendre un \u00e9ventuel probl\u00e8me d&rsquo;humidit\u00e9 ou un probl\u00e8me li\u00e9 \u00e0 l&rsquo;air sec. Sur son grand \u00e9cran clair, le TM300 affiche les valeurs mesur\u00e9es de -20\u00b0 \u00e0 60\u00b0C ou de 0 \u00e0 100% HR.    <\/p>\n<p>L&rsquo;hygrom\u00e8tre thermique METOFIX TM300 est livr\u00e9 avec une pile 9V dans un \u00e9tui robuste.<\/p>\n","protected":false},"excerpt":{"rendered":"<p>Thermo-hygrom\u00e8tre pour mesurer facilement et rapidement la temp\u00e9rature ambiante et l&rsquo;humidit\u00e9.<\/p>\n","protected":false},"featured_media":35563,"template":"","meta":{"_acf_changed":false,"site-sidebar-layout":"default","site-content-layout":"","ast-site-content-layout":"default","site-content-style":"default","site-sidebar-style":"default","ast-global-header-display":"","ast-banner-title-visibility":"","ast-main-header-display":"","ast-hfb-above-header-display":"","ast-hfb-below-header-display":"","ast-hfb-mobile-header-display":"","site-post-title":"","ast-breadcrumbs-content":"","ast-featured-img":"","footer-sml-layout":"","ast-disable-related-posts":"","theme-transparent-header-meta":"","adv-header-id-meta":"","stick-header-meta":"","header-above-stick-meta":"","header-main-stick-meta":"","header-below-stick-meta":"","astra-migrate-meta-layouts":"default","ast-page-background-enabled":"default","ast-page-background-meta":{"desktop":{"background-color":"var(--ast-global-color-4)","background-image":"","background-repeat":"repeat","background-position":"center center","background-size":"auto","background-attachment":"scroll","background-type":"","background-media":"","overlay-type":"","overlay-color":"","overlay-opacity":"","overlay-gradient":""},"tablet":{"background-color":"","background-image":"","background-repeat":"repeat","background-position":"center center","background-size":"auto","background-attachment":"scroll","background-type":"","background-media":"","overlay-type":"","overlay-color":"","overlay-opacity":"","overlay-gradient":""},"mobile":{"background-color":"","background-image":"","background-repeat":"repeat","background-position":"center center","background-size":"auto","background-attachment":"scroll","background-type":"","background-media":"","overlay-type":"","overlay-color":"","overlay-opacity":"","overlay-gradient":""}},"ast-content-background-meta":{"desktop":{"background-color":"var(--ast-global-color-5)","background-image":"","background-repeat":"repeat","background-position":"center center","background-size":"auto","background-attachment":"scroll","background-type":"","background-media":"","overlay-type":"","overlay-color":"","overlay-opacity":"","overlay-gradient":""},"tablet":{"background-color":"var(--ast-global-color-5)","background-image":"","background-repeat":"repeat","background-position":"center center","background-size":"auto","background-attachment":"scroll","background-type":"","background-media":"","overlay-type":"","overlay-color":"","overlay-opacity":"","overlay-gradient":""},"mobile":{"background-color":"var(--ast-global-color-5)","background-image":"","background-repeat":"repeat","background-position":"center center","background-size":"auto","background-attachment":"scroll","background-type":"","background-media":"","overlay-type":"","overlay-color":"","overlay-opacity":"","overlay-gradient":""}}},"product_brand":[],"product_cat":[46595,46600,46606],"product_tag":[],"class_list":{"0":"post-28143","1":"product","2":"type-product","3":"status-publish","4":"has-post-thumbnail","6":"product_cat-hygrometres-fr","7":"product_cat-inspection-fr","8":"product_cat-technologie-climatique-fr","9":"desktop-align-left","10":"tablet-align-left","11":"mobile-align-left","12":"ast-product-gallery-layout-horizontal-slider","13":"ast-product-gallery-with-no-image","14":"ast-product-tabs-layout-horizontal","16":"first","17":"instock","18":"shipping-taxable","19":"purchasable","20":"product-type-simple"},"acf":[],"_links":{"self":[{"href":"https:\/\/levelfixinstruments.com\/fr\/wp-json\/wp\/v2\/product\/28143","targetHints":{"allow":["GET"]}}],"collection":[{"href":"https:\/\/levelfixinstruments.com\/fr\/wp-json\/wp\/v2\/product"}],"about":[{"href":"https:\/\/levelfixinstruments.com\/fr\/wp-json\/wp\/v2\/types\/product"}],"wp:featuredmedia":[{"embeddable":true,"href":"https:\/\/levelfixinstruments.com\/fr\/wp-json\/wp\/v2\/media\/35563"}],"wp:attachment":[{"href":"https:\/\/levelfixinstruments.com\/fr\/wp-json\/wp\/v2\/media?parent=28143"}],"wp:term":[{"taxonomy":"product_brand","embeddable":true,"href":"https:\/\/levelfixinstruments.com\/fr\/wp-json\/wp\/v2\/product_brand?post=28143"},{"taxonomy":"product_cat","embeddable":true,"href":"https:\/\/levelfixinstruments.com\/fr\/wp-json\/wp\/v2\/product_cat?post=28143"},{"taxonomy":"product_tag","embeddable":true,"href":"https:\/\/levelfixinstruments.com\/fr\/wp-json\/wp\/v2\/product_tag?post=28143"}],"curies":[{"name":"wp","href":"https:\/\/api.w.org\/{rel}","templated":true}]}}