{"id":28151,"date":"2025-09-30T01:16:49","date_gmt":"2025-09-30T01:16:49","guid":{"rendered":"https:\/\/levelfixinstruments.com\/product\/metofix-ti810-thermometre-hygrometre-infrarouge\/"},"modified":"2025-11-25T09:31:32","modified_gmt":"2025-11-25T09:31:32","slug":"metofix-ti810-thermometre-hygrometre-infrarouge","status":"publish","type":"product","link":"https:\/\/levelfixinstruments.com\/fr\/produit\/instruments-de-mesure-fr\/hygrometres-fr\/metofix-ti810-thermometre-hygrometre-infrarouge\/","title":{"rendered":"METOFIX TI810 THERMOM\u00c8TRE\/HYGROM\u00c8TRE INFRAROUGE"},"content":{"rendered":"<div>\n<p><span class=\"TextRun SCXW7022115 BCX0\" lang=\"NL-NL\" xml:lang=\"NL-NL\" data-contrast=\"auto\"><span class=\"NormalTextRun SCXW7022115 BCX0\">Avec le thermo-hygrom\u00e8tre METOFIX TI810, vous obtenez rapidement un aper\u00e7u de la valeur d&rsquo;isolation d&rsquo;un b\u00e2timent. Gr\u00e2ce \u00e0 l&rsquo;infrarouge, vous mesurez la temp\u00e9rature moyenne de tous types de mat\u00e9riaux et de surfaces. Vous pouvez ainsi comparer, par exemple, la temp\u00e9rature d&rsquo;un mur int\u00e9rieur et ext\u00e9rieur.  <\/span><\/span><span class=\"EOP SCXW7022115 BCX0\" data-ccp-props=\"{\"> <\/span><\/p>\n<\/div>\n<h3>Votre surface de travail est-elle pr\u00eate pour le traitement ?<\/h3>\n<div>\n<p><span data-contrast=\"auto\">Ce thermo-hygrom\u00e8tre est \u00e9galement un outil pratique pour les pl\u00e2triers ou les peintres. Mesurez avec pr\u00e9cision et rapidit\u00e9 l&rsquo;humidit\u00e9 de l&rsquo;air, le point de ros\u00e9e et la qualit\u00e9 de l&rsquo;air. Vous saurez ainsi \u00e0 quelle temp\u00e9rature la condensation se forme ou si la temp\u00e9rature et l&rsquo;humidit\u00e9 sont correctes pour le traitement.  <\/span><span data-ccp-props=\"{\"> <\/span><\/p>\n<p><span data-contrast=\"auto\">Le TI810 est un appareil de mesure intelligent tout-en-un, vous pouvez par exemple mesurer :<\/span><span data-ccp-props=\"{\"> <\/span><\/p>\n<ul>\n<li data-leveltext=\"\uf0b7\" data-font=\"Symbol\" data-listid=\"4\" data-list-defn-props=\"{\" aria-setsize=\"-1\" data-aria-posinset=\"1\" data-aria-level=\"1\"><span data-contrast=\"auto\">le point de ros\u00e9e (-20 &#8211; 60\u00b0C) ;<\/span><span data-ccp-props=\"{\"> <\/span><\/li>\n<li data-leveltext=\"\uf0b7\" data-font=\"Symbol\" data-listid=\"4\" data-list-defn-props=\"{\" aria-setsize=\"-1\" data-aria-posinset=\"2\" data-aria-level=\"1\"><span data-contrast=\"auto\">l&rsquo;humidit\u00e9 de l&rsquo;air (0 &#8211; 100%) ;<\/span><span data-ccp-props=\"{\"> <\/span><\/li>\n<li data-leveltext=\"\uf0b7\" data-font=\"Symbol\" data-listid=\"4\" data-list-defn-props=\"{\" aria-setsize=\"-1\" data-aria-posinset=\"3\" data-aria-level=\"1\"><span data-contrast=\"auto\">la temp\u00e9rature ambiante (-30 -100\u00b0C) ;<\/span><span data-ccp-props=\"{\"> <\/span><\/li>\n<li data-leveltext=\"\uf0b7\" data-font=\"Symbol\" data-listid=\"4\" data-list-defn-props=\"{\" aria-setsize=\"-1\" data-aria-posinset=\"4\" data-aria-level=\"1\"><span data-contrast=\"auto\">la temp\u00e9rature moyenne de tous types de mat\u00e9riaux et de surfaces.<\/span><span data-ccp-props=\"{\"> <\/span><\/li>\n<\/ul>\n<\/div>\n<h3>Mesure pr\u00e9cise par infrarouge<\/h3>\n<div>\n<p><span data-contrast=\"auto\">Le TI810 mesure rapidement et pr\u00e9cis\u00e9ment gr\u00e2ce \u00e0 l&rsquo;infrarouge. Il projette un cercle de points, vous permettant de voir exactement quelle surface vous mesurez. La temp\u00e9rature moyenne est affich\u00e9e sur le grand \u00e9cran LCD clair. Pour s&rsquo;assurer que la mesure infrarouge est correcte, vous pouvez d\u00e9finir une valeur d&rsquo;\u00e9missivit\u00e9 pour la plupart des mat\u00e9riaux et surfaces. Vous obtenez ainsi facilement et rapidement une mesure pr\u00e9cise.    <\/span><span data-ccp-props=\"{\"> La plage de mesure IR est de -50 \u00e0 500\u00b0C.<\/span><\/p>\n<p><span data-contrast=\"auto\">Le thermo-hygrom\u00e8tre infrarouge METOFIX TI810 est livr\u00e9 avec une pile 9V dans un \u00e9tui robuste.<\/span><span data-ccp-props=\"{\"> <\/span><\/p>\n<\/div>\n","protected":false},"excerpt":{"rendered":"<p>Thermo-hygrom\u00e8tre infrarouge avec indication laser pour mesurer rapidement et pr\u00e9cis\u00e9ment la temp\u00e9rature ambiante, l&rsquo;humidit\u00e9 de l&rsquo;air et le point de ros\u00e9e.<\/p>\n","protected":false},"featured_media":34729,"template":"","meta":{"_acf_changed":false,"site-sidebar-layout":"default","site-content-layout":"","ast-site-content-layout":"default","site-content-style":"default","site-sidebar-style":"default","ast-global-header-display":"","ast-banner-title-visibility":"","ast-main-header-display":"","ast-hfb-above-header-display":"","ast-hfb-below-header-display":"","ast-hfb-mobile-header-display":"","site-post-title":"","ast-breadcrumbs-content":"","ast-featured-img":"","footer-sml-layout":"","ast-disable-related-posts":"","theme-transparent-header-meta":"","adv-header-id-meta":"","stick-header-meta":"","header-above-stick-meta":"","header-main-stick-meta":"","header-below-stick-meta":"","astra-migrate-meta-layouts":"default","ast-page-background-enabled":"default","ast-page-background-meta":{"desktop":{"background-color":"var(--ast-global-color-4)","background-image":"","background-repeat":"repeat","background-position":"center center","background-size":"auto","background-attachment":"scroll","background-type":"","background-media":"","overlay-type":"","overlay-color":"","overlay-opacity":"","overlay-gradient":""},"tablet":{"background-color":"","background-image":"","background-repeat":"repeat","background-position":"center center","background-size":"auto","background-attachment":"scroll","background-type":"","background-media":"","overlay-type":"","overlay-color":"","overlay-opacity":"","overlay-gradient":""},"mobile":{"background-color":"","background-image":"","background-repeat":"repeat","background-position":"center center","background-size":"auto","background-attachment":"scroll","background-type":"","background-media":"","overlay-type":"","overlay-color":"","overlay-opacity":"","overlay-gradient":""}},"ast-content-background-meta":{"desktop":{"background-color":"var(--ast-global-color-5)","background-image":"","background-repeat":"repeat","background-position":"center center","background-size":"auto","background-attachment":"scroll","background-type":"","background-media":"","overlay-type":"","overlay-color":"","overlay-opacity":"","overlay-gradient":""},"tablet":{"background-color":"var(--ast-global-color-5)","background-image":"","background-repeat":"repeat","background-position":"center center","background-size":"auto","background-attachment":"scroll","background-type":"","background-media":"","overlay-type":"","overlay-color":"","overlay-opacity":"","overlay-gradient":""},"mobile":{"background-color":"var(--ast-global-color-5)","background-image":"","background-repeat":"repeat","background-position":"center center","background-size":"auto","background-attachment":"scroll","background-type":"","background-media":"","overlay-type":"","overlay-color":"","overlay-opacity":"","overlay-gradient":""}}},"product_brand":[],"product_cat":[46595,46600,46606],"product_tag":[],"class_list":{"0":"post-28151","1":"product","2":"type-product","3":"status-publish","4":"has-post-thumbnail","6":"product_cat-hygrometres-fr","7":"product_cat-inspection-fr","8":"product_cat-technologie-climatique-fr","9":"desktop-align-left","10":"tablet-align-left","11":"mobile-align-left","12":"ast-product-gallery-layout-horizontal-slider","13":"ast-product-gallery-with-no-image","14":"ast-product-tabs-layout-horizontal","16":"first","17":"instock","18":"shipping-taxable","19":"purchasable","20":"product-type-simple"},"acf":[],"_links":{"self":[{"href":"https:\/\/levelfixinstruments.com\/fr\/wp-json\/wp\/v2\/product\/28151","targetHints":{"allow":["GET"]}}],"collection":[{"href":"https:\/\/levelfixinstruments.com\/fr\/wp-json\/wp\/v2\/product"}],"about":[{"href":"https:\/\/levelfixinstruments.com\/fr\/wp-json\/wp\/v2\/types\/product"}],"wp:featuredmedia":[{"embeddable":true,"href":"https:\/\/levelfixinstruments.com\/fr\/wp-json\/wp\/v2\/media\/34729"}],"wp:attachment":[{"href":"https:\/\/levelfixinstruments.com\/fr\/wp-json\/wp\/v2\/media?parent=28151"}],"wp:term":[{"taxonomy":"product_brand","embeddable":true,"href":"https:\/\/levelfixinstruments.com\/fr\/wp-json\/wp\/v2\/product_brand?post=28151"},{"taxonomy":"product_cat","embeddable":true,"href":"https:\/\/levelfixinstruments.com\/fr\/wp-json\/wp\/v2\/product_cat?post=28151"},{"taxonomy":"product_tag","embeddable":true,"href":"https:\/\/levelfixinstruments.com\/fr\/wp-json\/wp\/v2\/product_tag?post=28151"}],"curies":[{"name":"wp","href":"https:\/\/api.w.org\/{rel}","templated":true}]}}