{"id":28159,"date":"2025-09-30T01:16:50","date_gmt":"2025-09-30T01:16:50","guid":{"rendered":"https:\/\/levelfixinstruments.com\/product\/humidimetre-metofix-vm128\/"},"modified":"2025-11-28T10:18:05","modified_gmt":"2025-11-28T10:18:05","slug":"humidimetre-metofix-vm128","status":"publish","type":"product","link":"https:\/\/levelfixinstruments.com\/fr\/produit\/instruments-de-mesure-fr\/humidimetres-fr\/humidimetre-metofix-vm128\/","title":{"rendered":"HUMIDIM\u00c8TRE METOFIX VM128"},"content":{"rendered":"<p>Accumulation d&rsquo;humidit\u00e9 dans les murs ou les sols ? Avec le METOFIX VM 128, tu peux mesurer le niveau d&rsquo;humidit\u00e9 des murs ou des sols. Tu peux ainsi facilement d\u00e9tecter l&rsquo;humidit\u00e9 caus\u00e9e, par exemple, par une mauvaise isolation des murs creux ou par la condensation due \u00e0 une construction \u00e9tanche \u00e0 l&rsquo;air. La mesure d&rsquo;humidit\u00e9 est \u00e9galement utile pour d\u00e9terminer la teneur en humidit\u00e9 des mat\u00e9riaux de finition (pl\u00e2tre, b\u00e9ton, anhydrite) apr\u00e8s leur application.   <\/p>\n<p><strong>Humidim\u00e8tre non destructif pour tous les mat\u00e9riaux de construction<\/strong><\/p>\n<p>Le VM128 est un humidim\u00e8tre non destructif pour les mat\u00e9riaux durs et les mat\u00e9riaux qui ne doivent pas \u00eatre endommag\u00e9s, comme le b\u00e9ton, le ciment, le bois et autres mat\u00e9riaux de construction.<\/p>\n<p>Le VM128 est adapt\u00e9 pour :<\/p>\n<ul>\n<li>la d\u00e9tection des zones humides dans les sols, les murs et les plafonds ;<\/li>\n<li>d\u00e9terminer si une surface est pr\u00eate \u00e0 \u00eatre recouverte ou peinte ;<\/li>\n<li>mesurer le taux d&rsquo;humidit\u00e9 des mat\u00e9riaux de finition apr\u00e8s leur mise en \u0153uvre ;<\/li>\n<\/ul>\n<p><strong>Une mesure pr\u00e9cise pour des valeurs exactes<\/strong><\/p>\n<p>Comme pour tous les instruments de mesure, une mesure correcte est importante pour obtenir les bonnes valeurs. Une mesure isol\u00e9e ne signifie rien. En effectuant plusieurs mesures, tu peux les comparer entre elles. Selon le principe qu&rsquo;une surface peut \u00eatre uniform\u00e9ment s\u00e8che mais pas uniform\u00e9ment humide, tu peux d\u00e9terminer si un mur ou un sol est sec. Si toutes les valeurs sont identiques, la surface est s\u00e8che. Lorsque le VM128 affiche diff\u00e9rentes valeurs, tu sais quels endroits sont encore humides ou o\u00f9 il y a un probl\u00e8me d&rsquo;humidit\u00e9. Note que l&rsquo;appareil mesure jusqu&rsquo;\u00e0 4 cm de profondeur et que les mesures peuvent donc \u00eatre influenc\u00e9es par exemple par un chauffage (au sol) sous-jacent, des conduites en cuivre, des armatures ou d&rsquo;anciens carrelages.       <\/p>\n<p><strong>Mesurer avec la bonne valeur<\/strong><\/p>\n<p>Le VM128 affiche par d\u00e9faut les valeurs mesur\u00e9es sur une \u00e9chelle relative (0-100). Pour certains mat\u00e9riaux, comme le pl\u00e2tre, le b\u00e9ton, l&rsquo;anhydrite et le bois, il affiche les valeurs mesur\u00e9es en pourcentage. Gardez \u00e0 l&rsquo;esprit que les min\u00e9raux et les sels pr\u00e9sents dans le mat\u00e9riau peuvent influencer les mesures. La mesure du VM128 est indicative. Pour avoir une certitude \u00e0 100 % du pourcentage d&rsquo;humidit\u00e9 exact, faites effectuer une mesure au carbure de calcium.     <\/p>\n<p>L&rsquo;humidim\u00e8tre METOFIX VM128 est livr\u00e9 dans une mallette robuste.<\/p>\n","protected":false},"excerpt":{"rendered":"<p>Humidim\u00e8tre non destructif pour tous les mat\u00e9riaux de construction.<\/p>\n","protected":false},"featured_media":33297,"template":"","meta":{"_acf_changed":false,"site-sidebar-layout":"default","site-content-layout":"","ast-site-content-layout":"default","site-content-style":"default","site-sidebar-style":"default","ast-global-header-display":"","ast-banner-title-visibility":"","ast-main-header-display":"","ast-hfb-above-header-display":"","ast-hfb-below-header-display":"","ast-hfb-mobile-header-display":"","site-post-title":"","ast-breadcrumbs-content":"","ast-featured-img":"","footer-sml-layout":"","ast-disable-related-posts":"","theme-transparent-header-meta":"","adv-header-id-meta":"","stick-header-meta":"","header-above-stick-meta":"","header-main-stick-meta":"","header-below-stick-meta":"","astra-migrate-meta-layouts":"default","ast-page-background-enabled":"default","ast-page-background-meta":{"desktop":{"background-color":"var(--ast-global-color-4)","background-image":"","background-repeat":"repeat","background-position":"center center","background-size":"auto","background-attachment":"scroll","background-type":"","background-media":"","overlay-type":"","overlay-color":"","overlay-opacity":"","overlay-gradient":""},"tablet":{"background-color":"","background-image":"","background-repeat":"repeat","background-position":"center center","background-size":"auto","background-attachment":"scroll","background-type":"","background-media":"","overlay-type":"","overlay-color":"","overlay-opacity":"","overlay-gradient":""},"mobile":{"background-color":"","background-image":"","background-repeat":"repeat","background-position":"center center","background-size":"auto","background-attachment":"scroll","background-type":"","background-media":"","overlay-type":"","overlay-color":"","overlay-opacity":"","overlay-gradient":""}},"ast-content-background-meta":{"desktop":{"background-color":"var(--ast-global-color-5)","background-image":"","background-repeat":"repeat","background-position":"center center","background-size":"auto","background-attachment":"scroll","background-type":"","background-media":"","overlay-type":"","overlay-color":"","overlay-opacity":"","overlay-gradient":""},"tablet":{"background-color":"var(--ast-global-color-5)","background-image":"","background-repeat":"repeat","background-position":"center center","background-size":"auto","background-attachment":"scroll","background-type":"","background-media":"","overlay-type":"","overlay-color":"","overlay-opacity":"","overlay-gradient":""},"mobile":{"background-color":"var(--ast-global-color-5)","background-image":"","background-repeat":"repeat","background-position":"center center","background-size":"auto","background-attachment":"scroll","background-type":"","background-media":"","overlay-type":"","overlay-color":"","overlay-opacity":"","overlay-gradient":""}}},"product_brand":[],"product_cat":[46644,46600,46606],"product_tag":[],"class_list":{"0":"post-28159","1":"product","2":"type-product","3":"status-publish","4":"has-post-thumbnail","6":"product_cat-humidimetres-fr","7":"product_cat-inspection-fr","8":"product_cat-technologie-climatique-fr","9":"desktop-align-left","10":"tablet-align-left","11":"mobile-align-left","12":"ast-product-gallery-layout-horizontal-slider","13":"ast-product-gallery-with-no-image","14":"ast-product-tabs-layout-horizontal","16":"first","17":"instock","18":"shipping-taxable","19":"purchasable","20":"product-type-simple"},"acf":[],"_links":{"self":[{"href":"https:\/\/levelfixinstruments.com\/fr\/wp-json\/wp\/v2\/product\/28159","targetHints":{"allow":["GET"]}}],"collection":[{"href":"https:\/\/levelfixinstruments.com\/fr\/wp-json\/wp\/v2\/product"}],"about":[{"href":"https:\/\/levelfixinstruments.com\/fr\/wp-json\/wp\/v2\/types\/product"}],"wp:featuredmedia":[{"embeddable":true,"href":"https:\/\/levelfixinstruments.com\/fr\/wp-json\/wp\/v2\/media\/33297"}],"wp:attachment":[{"href":"https:\/\/levelfixinstruments.com\/fr\/wp-json\/wp\/v2\/media?parent=28159"}],"wp:term":[{"taxonomy":"product_brand","embeddable":true,"href":"https:\/\/levelfixinstruments.com\/fr\/wp-json\/wp\/v2\/product_brand?post=28159"},{"taxonomy":"product_cat","embeddable":true,"href":"https:\/\/levelfixinstruments.com\/fr\/wp-json\/wp\/v2\/product_cat?post=28159"},{"taxonomy":"product_tag","embeddable":true,"href":"https:\/\/levelfixinstruments.com\/fr\/wp-json\/wp\/v2\/product_tag?post=28159"}],"curies":[{"name":"wp","href":"https:\/\/api.w.org\/{rel}","templated":true}]}}