{"id":28271,"date":"2025-09-30T01:17:35","date_gmt":"2025-09-30T01:17:35","guid":{"rendered":"https:\/\/levelfixinstruments.com\/product\/trepied-exterieur-levelfix-p180em-18m\/"},"modified":"2025-11-25T09:33:50","modified_gmt":"2025-11-25T09:33:50","slug":"trepied-exterieur-levelfix-p180em-18m","status":"publish","type":"product","link":"https:\/\/levelfixinstruments.com\/fr\/produit\/montage-fr\/trepieds-fr\/trepied-exterieur-levelfix-p180em-18m\/","title":{"rendered":"TR\u00c9PIED EXT\u00c9RIEUR LEVELFIX P180EM 1,8M"},"content":{"rendered":"<p>Le LEVELFIX P180EM est un tr\u00e9pied en aluminium semi-lourd \u00e0 t\u00eate plate. Le tr\u00e9pied a une longueur de 100 \u00e0 165 cm et un raccord 5\/8\u2033. Gr\u00e2ce \u00e0 sa construction robuste, le P180EM convient aux lasers de chantier et \u00e0 une utilisation en ext\u00e9rieur.  <\/p>\n","protected":false},"excerpt":{"rendered":"<p>Tr\u00e9pied en aluminium semi-lourd \u00e0 t\u00eate plate 165cm<\/p>\n","protected":false},"featured_media":34829,"template":"","meta":{"_acf_changed":false,"site-sidebar-layout":"default","site-content-layout":"","ast-site-content-layout":"default","site-content-style":"default","site-sidebar-style":"default","ast-global-header-display":"","ast-banner-title-visibility":"","ast-main-header-display":"","ast-hfb-above-header-display":"","ast-hfb-below-header-display":"","ast-hfb-mobile-header-display":"","site-post-title":"","ast-breadcrumbs-content":"","ast-featured-img":"","footer-sml-layout":"","ast-disable-related-posts":"","theme-transparent-header-meta":"","adv-header-id-meta":"","stick-header-meta":"","header-above-stick-meta":"","header-main-stick-meta":"","header-below-stick-meta":"","astra-migrate-meta-layouts":"default","ast-page-background-enabled":"default","ast-page-background-meta":{"desktop":{"background-color":"var(--ast-global-color-4)","background-image":"","background-repeat":"repeat","background-position":"center center","background-size":"auto","background-attachment":"scroll","background-type":"","background-media":"","overlay-type":"","overlay-color":"","overlay-opacity":"","overlay-gradient":""},"tablet":{"background-color":"","background-image":"","background-repeat":"repeat","background-position":"center center","background-size":"auto","background-attachment":"scroll","background-type":"","background-media":"","overlay-type":"","overlay-color":"","overlay-opacity":"","overlay-gradient":""},"mobile":{"background-color":"","background-image":"","background-repeat":"repeat","background-position":"center center","background-size":"auto","background-attachment":"scroll","background-type":"","background-media":"","overlay-type":"","overlay-color":"","overlay-opacity":"","overlay-gradient":""}},"ast-content-background-meta":{"desktop":{"background-color":"var(--ast-global-color-5)","background-image":"","background-repeat":"repeat","background-position":"center center","background-size":"auto","background-attachment":"scroll","background-type":"","background-media":"","overlay-type":"","overlay-color":"","overlay-opacity":"","overlay-gradient":""},"tablet":{"background-color":"var(--ast-global-color-5)","background-image":"","background-repeat":"repeat","background-position":"center center","background-size":"auto","background-attachment":"scroll","background-type":"","background-media":"","overlay-type":"","overlay-color":"","overlay-opacity":"","overlay-gradient":""},"mobile":{"background-color":"var(--ast-global-color-5)","background-image":"","background-repeat":"repeat","background-position":"center center","background-size":"auto","background-attachment":"scroll","background-type":"","background-media":"","overlay-type":"","overlay-color":"","overlay-opacity":"","overlay-gradient":""}}},"product_brand":[],"product_cat":[46638],"product_tag":[],"class_list":{"0":"post-28271","1":"product","2":"type-product","3":"status-publish","4":"has-post-thumbnail","6":"product_cat-trepieds-fr","7":"desktop-align-left","8":"tablet-align-left","9":"mobile-align-left","10":"ast-product-gallery-layout-horizontal-slider","11":"ast-product-gallery-with-no-image","12":"ast-product-tabs-layout-horizontal","14":"first","15":"instock","16":"shipping-taxable","17":"purchasable","18":"product-type-simple"},"acf":[],"_links":{"self":[{"href":"https:\/\/levelfixinstruments.com\/fr\/wp-json\/wp\/v2\/product\/28271","targetHints":{"allow":["GET"]}}],"collection":[{"href":"https:\/\/levelfixinstruments.com\/fr\/wp-json\/wp\/v2\/product"}],"about":[{"href":"https:\/\/levelfixinstruments.com\/fr\/wp-json\/wp\/v2\/types\/product"}],"wp:featuredmedia":[{"embeddable":true,"href":"https:\/\/levelfixinstruments.com\/fr\/wp-json\/wp\/v2\/media\/34829"}],"wp:attachment":[{"href":"https:\/\/levelfixinstruments.com\/fr\/wp-json\/wp\/v2\/media?parent=28271"}],"wp:term":[{"taxonomy":"product_brand","embeddable":true,"href":"https:\/\/levelfixinstruments.com\/fr\/wp-json\/wp\/v2\/product_brand?post=28271"},{"taxonomy":"product_cat","embeddable":true,"href":"https:\/\/levelfixinstruments.com\/fr\/wp-json\/wp\/v2\/product_cat?post=28271"},{"taxonomy":"product_tag","embeddable":true,"href":"https:\/\/levelfixinstruments.com\/fr\/wp-json\/wp\/v2\/product_tag?post=28271"}],"curies":[{"name":"wp","href":"https:\/\/api.w.org\/{rel}","templated":true}]}}