{"id":30607,"date":"2025-09-30T08:10:24","date_gmt":"2025-09-30T08:10:24","guid":{"rendered":"https:\/\/levelfixinstruments.com\/product\/levelfix-cl130g-laser-a-lignes-croisees-vert\/"},"modified":"2026-03-06T10:18:38","modified_gmt":"2026-03-06T10:18:38","slug":"levelfix-cl130g-laser-a-lignes-croisees-vert","status":"publish","type":"product","link":"https:\/\/levelfixinstruments.com\/fr\/produit\/lasers-fr\/lasers-a-lignes-croix-fr\/levelfix-cl130g-laser-a-lignes-croisees-vert\/","title":{"rendered":"LEVELFIX CL130G LASER \u00c0 LIGNES\/CROIX VERT"},"content":{"rendered":"<p><strong>Lignes vert vif<\/strong><br \/>\nLe LEVELFIX CL130G est un laser en croix professionnel et robuste avec une ligne laser horizontale et verticale vert vif. Les lignes peuvent \u00eatre activ\u00e9es s\u00e9par\u00e9ment et simultan\u00e9ment. Gr\u00e2ce \u00e0 l&rsquo;utilisation d&rsquo;une diode laser verte de haute qualit\u00e9 et stable, les lignes sont extr\u00eamement bien visibles et parfaitement adapt\u00e9es \u00e0 toutes les applications en int\u00e9rieur.  <\/p>\n<p><strong>Auto-nivelant et polyvalent<\/strong><br \/>\nLe syst\u00e8me pendulaire du laser permet \u00e0 l&rsquo;instrument de se mettre automatiquement de niveau. Si l&rsquo;instrument n&rsquo;est pas correctement r\u00e9gl\u00e9, les lignes clignotent.  Le syst\u00e8me de nivellement automatique est \u00e9galement commutable. Cela vous donne la possibilit\u00e9 de projeter les lignes sous tous les angles souhait\u00e9s. De plus, cette position prot\u00e8ge le pendule pendant le transport, car il est verrouill\u00e9. Gr\u00e2ce au format compact du CL130G, vous pouvez facilement l&#8217;emporter partout.  <\/p>\n<p>Le laser poss\u00e8de un support mural int\u00e9gr\u00e9 avec des aimants extra-puissants et un raccord 1\/4\u201d. Tu fixes ainsi facilement le CL130G sur un mur ou un tr\u00e9pied pour le positionner comme tu le souhaites en toutes circonstances. Clipse le laser sur la pince murale fournie pour le r\u00e9gler facilement \u00e0 la bonne hauteur.  <\/p>\n<p><strong>Avec ou sans r\u00e9cepteur<\/strong><br \/>\nGr\u00e2ce \u00e0 la fonction r\u00e9cepteur, le CL130G offre encore plus de possibilit\u00e9s. En combinaison avec un r\u00e9cepteur, le laser a une plus grande port\u00e9e et tu peux aussi l&rsquo;utiliser en ext\u00e9rieur. Le r\u00e9cepteur est disponible en option.  <\/p>\n","protected":false},"excerpt":{"rendered":"<p>Laser \u00e0 lignes\/croix compact avec ligne verte horizontale et verticale et support mural int\u00e9gr\u00e9.<\/p>\n","protected":false},"featured_media":36343,"template":"","meta":{"_acf_changed":false,"site-sidebar-layout":"default","site-content-layout":"","ast-site-content-layout":"default","site-content-style":"default","site-sidebar-style":"default","ast-global-header-display":"","ast-banner-title-visibility":"","ast-main-header-display":"","ast-hfb-above-header-display":"","ast-hfb-below-header-display":"","ast-hfb-mobile-header-display":"","site-post-title":"","ast-breadcrumbs-content":"","ast-featured-img":"","footer-sml-layout":"","ast-disable-related-posts":"","theme-transparent-header-meta":"default","adv-header-id-meta":"","stick-header-meta":"","header-above-stick-meta":"","header-main-stick-meta":"","header-below-stick-meta":"","astra-migrate-meta-layouts":"default","ast-page-background-enabled":"default","ast-page-background-meta":{"desktop":{"background-color":"var(--ast-global-color-4)","background-image":"","background-repeat":"repeat","background-position":"center center","background-size":"auto","background-attachment":"scroll","background-type":"","background-media":"","overlay-type":"","overlay-color":"","overlay-opacity":"","overlay-gradient":""},"tablet":{"background-color":"","background-image":"","background-repeat":"repeat","background-position":"center center","background-size":"auto","background-attachment":"scroll","background-type":"","background-media":"","overlay-type":"","overlay-color":"","overlay-opacity":"","overlay-gradient":""},"mobile":{"background-color":"","background-image":"","background-repeat":"repeat","background-position":"center center","background-size":"auto","background-attachment":"scroll","background-type":"","background-media":"","overlay-type":"","overlay-color":"","overlay-opacity":"","overlay-gradient":""}},"ast-content-background-meta":{"desktop":{"background-color":"var(--ast-global-color-5)","background-image":"","background-repeat":"repeat","background-position":"center center","background-size":"auto","background-attachment":"scroll","background-type":"","background-media":"","overlay-type":"","overlay-color":"","overlay-opacity":"","overlay-gradient":""},"tablet":{"background-color":"var(--ast-global-color-5)","background-image":"","background-repeat":"repeat","background-position":"center center","background-size":"auto","background-attachment":"scroll","background-type":"","background-media":"","overlay-type":"","overlay-color":"","overlay-opacity":"","overlay-gradient":""},"mobile":{"background-color":"var(--ast-global-color-5)","background-image":"","background-repeat":"repeat","background-position":"center center","background-size":"auto","background-attachment":"scroll","background-type":"","background-media":"","overlay-type":"","overlay-color":"","overlay-opacity":"","overlay-gradient":""}}},"product_brand":[],"product_cat":[46609],"product_tag":[],"class_list":{"0":"post-30607","1":"product","2":"type-product","3":"status-publish","4":"has-post-thumbnail","6":"product_cat-lasers-a-lignes-croix-fr","7":"desktop-align-left","8":"tablet-align-left","9":"mobile-align-left","10":"ast-product-gallery-layout-horizontal-slider","11":"ast-product-tabs-layout-horizontal","13":"first","14":"instock","15":"shipping-taxable","16":"purchasable","17":"product-type-simple"},"acf":[],"_links":{"self":[{"href":"https:\/\/levelfixinstruments.com\/fr\/wp-json\/wp\/v2\/product\/30607","targetHints":{"allow":["GET"]}}],"collection":[{"href":"https:\/\/levelfixinstruments.com\/fr\/wp-json\/wp\/v2\/product"}],"about":[{"href":"https:\/\/levelfixinstruments.com\/fr\/wp-json\/wp\/v2\/types\/product"}],"wp:featuredmedia":[{"embeddable":true,"href":"https:\/\/levelfixinstruments.com\/fr\/wp-json\/wp\/v2\/media\/36343"}],"wp:attachment":[{"href":"https:\/\/levelfixinstruments.com\/fr\/wp-json\/wp\/v2\/media?parent=30607"}],"wp:term":[{"taxonomy":"product_brand","embeddable":true,"href":"https:\/\/levelfixinstruments.com\/fr\/wp-json\/wp\/v2\/product_brand?post=30607"},{"taxonomy":"product_cat","embeddable":true,"href":"https:\/\/levelfixinstruments.com\/fr\/wp-json\/wp\/v2\/product_cat?post=30607"},{"taxonomy":"product_tag","embeddable":true,"href":"https:\/\/levelfixinstruments.com\/fr\/wp-json\/wp\/v2\/product_tag?post=30607"}],"curies":[{"name":"wp","href":"https:\/\/api.w.org\/{rel}","templated":true}]}}