{"id":33460,"date":"2025-11-03T10:57:22","date_gmt":"2025-11-03T10:57:22","guid":{"rendered":"https:\/\/levelfixinstruments.com\/product\/non class\u00e9\/ensemble-batterie-levelfix-xpower-avec-chargeur\/"},"modified":"2025-11-25T09:16:56","modified_gmt":"2025-11-25T09:16:56","slug":"ensemble-batterie-levelfix-xpower-avec-chargeur","status":"publish","type":"product","link":"https:\/\/levelfixinstruments.com\/fr\/produit\/accessoires-et-fournitures-fr\/batteries-et-chargeurs-fr\/ensemble-batterie-levelfix-xpower-avec-chargeur\/","title":{"rendered":"ENSEMBLE BATTERIE LEVELFIX XPOWER AVEC CHARGEUR"},"content":{"rendered":"<p>L&rsquo;ensemble LEVELFIX Xpower comprend la batterie AC600 et le chargeur CH600. Cet ensemble est compatible avec les lasers LEVELFIX suivants : <\/p>\n<ul>\n<li>CCL280G<\/li>\n<li>CCL283G<\/li>\n<li>CCL284G<\/li>\n<li>MCL380G<\/li>\n<li>CCL460G<\/li>\n<li>CCL680G<\/li>\n<\/ul>\n<p>Utilisez la batterie comme batterie de rechange pour votre instrument LEVELFIX ou combinez-la avec l&rsquo;un des adaptateurs de batterie X18V Smart pour pouvoir utiliser votre laser avec des batteries de diff\u00e9rentes marques. Ainsi, votre travail ne s&rsquo;arr\u00eate jamais \u00e0 cause d&rsquo;une batterie d\u00e9charg\u00e9e ! <\/p>\n","protected":false},"excerpt":{"rendered":"<p>Ensemble LEVELFIX Xpower avec batterie Li-ion et chargeur. Compatible avec les LEVELFIX CCL280G, CCL283G, CCL284G, MCL380G, CCL460G et CCL680G. <\/p>\n","protected":false},"featured_media":33769,"template":"","meta":{"_acf_changed":false,"site-sidebar-layout":"default","site-content-layout":"","ast-site-content-layout":"default","site-content-style":"default","site-sidebar-style":"default","ast-global-header-display":"","ast-banner-title-visibility":"","ast-main-header-display":"","ast-hfb-above-header-display":"","ast-hfb-below-header-display":"","ast-hfb-mobile-header-display":"","site-post-title":"","ast-breadcrumbs-content":"","ast-featured-img":"","footer-sml-layout":"","ast-disable-related-posts":"","theme-transparent-header-meta":"","adv-header-id-meta":"","stick-header-meta":"","header-above-stick-meta":"","header-main-stick-meta":"","header-below-stick-meta":"","astra-migrate-meta-layouts":"default","ast-page-background-enabled":"default","ast-page-background-meta":{"desktop":{"background-color":"var(--ast-global-color-4)","background-image":"","background-repeat":"repeat","background-position":"center center","background-size":"auto","background-attachment":"scroll","background-type":"","background-media":"","overlay-type":"","overlay-color":"","overlay-opacity":"","overlay-gradient":""},"tablet":{"background-color":"","background-image":"","background-repeat":"repeat","background-position":"center center","background-size":"auto","background-attachment":"scroll","background-type":"","background-media":"","overlay-type":"","overlay-color":"","overlay-opacity":"","overlay-gradient":""},"mobile":{"background-color":"","background-image":"","background-repeat":"repeat","background-position":"center center","background-size":"auto","background-attachment":"scroll","background-type":"","background-media":"","overlay-type":"","overlay-color":"","overlay-opacity":"","overlay-gradient":""}},"ast-content-background-meta":{"desktop":{"background-color":"var(--ast-global-color-5)","background-image":"","background-repeat":"repeat","background-position":"center center","background-size":"auto","background-attachment":"scroll","background-type":"","background-media":"","overlay-type":"","overlay-color":"","overlay-opacity":"","overlay-gradient":""},"tablet":{"background-color":"var(--ast-global-color-5)","background-image":"","background-repeat":"repeat","background-position":"center center","background-size":"auto","background-attachment":"scroll","background-type":"","background-media":"","overlay-type":"","overlay-color":"","overlay-opacity":"","overlay-gradient":""},"mobile":{"background-color":"var(--ast-global-color-5)","background-image":"","background-repeat":"repeat","background-position":"center center","background-size":"auto","background-attachment":"scroll","background-type":"","background-media":"","overlay-type":"","overlay-color":"","overlay-opacity":"","overlay-gradient":""}}},"product_brand":[],"product_cat":[46563],"product_tag":[],"class_list":{"0":"post-33460","1":"product","2":"type-product","3":"status-publish","4":"has-post-thumbnail","6":"product_cat-batteries-et-chargeurs-fr","7":"desktop-align-left","8":"tablet-align-left","9":"mobile-align-left","10":"ast-product-gallery-layout-horizontal-slider","11":"ast-product-tabs-layout-horizontal","13":"first","14":"instock","15":"shipping-taxable","16":"purchasable","17":"product-type-simple"},"acf":[],"_links":{"self":[{"href":"https:\/\/levelfixinstruments.com\/fr\/wp-json\/wp\/v2\/product\/33460","targetHints":{"allow":["GET"]}}],"collection":[{"href":"https:\/\/levelfixinstruments.com\/fr\/wp-json\/wp\/v2\/product"}],"about":[{"href":"https:\/\/levelfixinstruments.com\/fr\/wp-json\/wp\/v2\/types\/product"}],"wp:featuredmedia":[{"embeddable":true,"href":"https:\/\/levelfixinstruments.com\/fr\/wp-json\/wp\/v2\/media\/33769"}],"wp:attachment":[{"href":"https:\/\/levelfixinstruments.com\/fr\/wp-json\/wp\/v2\/media?parent=33460"}],"wp:term":[{"taxonomy":"product_brand","embeddable":true,"href":"https:\/\/levelfixinstruments.com\/fr\/wp-json\/wp\/v2\/product_brand?post=33460"},{"taxonomy":"product_cat","embeddable":true,"href":"https:\/\/levelfixinstruments.com\/fr\/wp-json\/wp\/v2\/product_cat?post=33460"},{"taxonomy":"product_tag","embeddable":true,"href":"https:\/\/levelfixinstruments.com\/fr\/wp-json\/wp\/v2\/product_tag?post=33460"}],"curies":[{"name":"wp","href":"https:\/\/api.w.org\/{rel}","templated":true}]}}