{"id":33533,"date":"2025-11-03T11:13:54","date_gmt":"2025-11-03T11:13:54","guid":{"rendered":"https:\/\/levelfixinstruments.com\/product\/non%20class\u00e9\/adaptateur-de-batterie-intelligente-levelfix-x18v-pour-dewalt\/"},"modified":"2026-01-12T09:01:59","modified_gmt":"2026-01-12T09:01:59","slug":"adaptateur-de-batterie-intelligente-levelfix-x18v-pour-dewalt","status":"publish","type":"product","link":"https:\/\/levelfixinstruments.com\/fr\/produit\/accessoires-et-fournitures-fr\/batteries-et-chargeurs-fr\/adaptateur-de-batterie-intelligente-levelfix-x18v-pour-dewalt\/","title":{"rendered":"ADAPTATEUR DE BATTERIE INTELLIGENT LEVELFIX X18V POUR DEWALT"},"content":{"rendered":"<p>Utilisez maintenant votre laser LEVELFIX avec les batteries 18V de vos autres outils \u00e9lectriques gr\u00e2ce \u00e0 l&rsquo;adaptateur de batterie intelligent X18V ! Combinez ainsi facilement votre laser avec vos autres instruments. <\/p>\n<p>Un adaptateur est disponible pour Dewalt, Makita, Bosch et Milwaukee. Les adaptateurs sont compatibles avec les LEVELFIX CCL283G, CCL284G et MCL380G. <\/p>\n<p><strong>Smart<br \/>\n<\/strong>L&rsquo;adaptateur X18V n&rsquo;est pas seulement pratique, il est aussi intelligent. Il \u00e9teint le laser au bon moment pour ne pas \u00e9puiser votre batterie. Ainsi, votre batterie dure plus longtemps !  <\/p>\n<p>Le kit X18V comprend un adaptateur pour votre autre marque pr\u00e9f\u00e9r\u00e9e et une base de support pour la stabilit\u00e9.<\/p>\n","protected":false},"excerpt":{"rendered":"<p>Adaptateur de batterie intelligent LEVELFIX X18V pour utiliser les LEVELFIX CCL283G, CCL284G et MCL380G avec les batteries 18V de DEWALT.<\/p>\n","protected":false},"featured_media":35845,"template":"","meta":{"_acf_changed":false,"site-sidebar-layout":"default","site-content-layout":"","ast-site-content-layout":"default","site-content-style":"default","site-sidebar-style":"default","ast-global-header-display":"","ast-banner-title-visibility":"","ast-main-header-display":"","ast-hfb-above-header-display":"","ast-hfb-below-header-display":"","ast-hfb-mobile-header-display":"","site-post-title":"","ast-breadcrumbs-content":"","ast-featured-img":"","footer-sml-layout":"","ast-disable-related-posts":"","theme-transparent-header-meta":"","adv-header-id-meta":"","stick-header-meta":"","header-above-stick-meta":"","header-main-stick-meta":"","header-below-stick-meta":"","astra-migrate-meta-layouts":"default","ast-page-background-enabled":"default","ast-page-background-meta":{"desktop":{"background-color":"var(--ast-global-color-4)","background-image":"","background-repeat":"repeat","background-position":"center center","background-size":"auto","background-attachment":"scroll","background-type":"","background-media":"","overlay-type":"","overlay-color":"","overlay-opacity":"","overlay-gradient":""},"tablet":{"background-color":"","background-image":"","background-repeat":"repeat","background-position":"center center","background-size":"auto","background-attachment":"scroll","background-type":"","background-media":"","overlay-type":"","overlay-color":"","overlay-opacity":"","overlay-gradient":""},"mobile":{"background-color":"","background-image":"","background-repeat":"repeat","background-position":"center center","background-size":"auto","background-attachment":"scroll","background-type":"","background-media":"","overlay-type":"","overlay-color":"","overlay-opacity":"","overlay-gradient":""}},"ast-content-background-meta":{"desktop":{"background-color":"var(--ast-global-color-5)","background-image":"","background-repeat":"repeat","background-position":"center center","background-size":"auto","background-attachment":"scroll","background-type":"","background-media":"","overlay-type":"","overlay-color":"","overlay-opacity":"","overlay-gradient":""},"tablet":{"background-color":"var(--ast-global-color-5)","background-image":"","background-repeat":"repeat","background-position":"center center","background-size":"auto","background-attachment":"scroll","background-type":"","background-media":"","overlay-type":"","overlay-color":"","overlay-opacity":"","overlay-gradient":""},"mobile":{"background-color":"var(--ast-global-color-5)","background-image":"","background-repeat":"repeat","background-position":"center center","background-size":"auto","background-attachment":"scroll","background-type":"","background-media":"","overlay-type":"","overlay-color":"","overlay-opacity":"","overlay-gradient":""}}},"product_brand":[],"product_cat":[46563],"product_tag":[],"class_list":{"0":"post-33533","1":"product","2":"type-product","3":"status-publish","4":"has-post-thumbnail","6":"product_cat-batteries-et-chargeurs-fr","7":"desktop-align-left","8":"tablet-align-left","9":"mobile-align-left","10":"ast-product-gallery-layout-horizontal-slider","11":"ast-product-tabs-layout-horizontal","13":"first","14":"instock","15":"shipping-taxable","16":"purchasable","17":"product-type-simple"},"acf":[],"_links":{"self":[{"href":"https:\/\/levelfixinstruments.com\/fr\/wp-json\/wp\/v2\/product\/33533","targetHints":{"allow":["GET"]}}],"collection":[{"href":"https:\/\/levelfixinstruments.com\/fr\/wp-json\/wp\/v2\/product"}],"about":[{"href":"https:\/\/levelfixinstruments.com\/fr\/wp-json\/wp\/v2\/types\/product"}],"wp:featuredmedia":[{"embeddable":true,"href":"https:\/\/levelfixinstruments.com\/fr\/wp-json\/wp\/v2\/media\/35845"}],"wp:attachment":[{"href":"https:\/\/levelfixinstruments.com\/fr\/wp-json\/wp\/v2\/media?parent=33533"}],"wp:term":[{"taxonomy":"product_brand","embeddable":true,"href":"https:\/\/levelfixinstruments.com\/fr\/wp-json\/wp\/v2\/product_brand?post=33533"},{"taxonomy":"product_cat","embeddable":true,"href":"https:\/\/levelfixinstruments.com\/fr\/wp-json\/wp\/v2\/product_cat?post=33533"},{"taxonomy":"product_tag","embeddable":true,"href":"https:\/\/levelfixinstruments.com\/fr\/wp-json\/wp\/v2\/product_tag?post=33533"}],"curies":[{"name":"wp","href":"https:\/\/api.w.org\/{rel}","templated":true}]}}