{"id":36231,"date":"2026-02-19T22:22:00","date_gmt":"2026-02-19T22:22:00","guid":{"rendered":"https:\/\/levelfixinstruments.com\/product\/non%20class\u00e9\/levelfix-ccl170g-laser-vert-multilignes-3d-3x-360\/"},"modified":"2026-03-06T10:28:07","modified_gmt":"2026-03-06T10:28:07","slug":"levelfix-ccl170g-laser-vert-multilignes-3d-3x-360","status":"publish","type":"product","link":"https:\/\/levelfixinstruments.com\/fr\/produit\/lasers-fr\/lasers-a-lignes-croix-fr\/levelfix-ccl170g-laser-vert-multilignes-3d-3x-360\/","title":{"rendered":"LEVELFIX CCL170G LASER VERT MULTILIGNES 3D 3X 360\u00b0"},"content":{"rendered":"<p>Le LEVELFIX CCL170G est un laser multifonctionnel unique. Gr\u00e2ce \u00e0 ses trois faisceaux, il projette une ligne horizontale \u00e0 360 degr\u00e9s et deux lignes verticales \u00e0 360 degr\u00e9s. Cela vous permet de tracer des mise \u00e0 niveau, d&rsquo;effectuer des aplombs et de projeter une croix sur le mur, le plafond et le sol.  <\/p>\n<p><strong>Compact et polyvalent<\/strong><\/p>\n<p>Le CCL170G est un laser compact et maniable avec des composants de haute qualit\u00e9, de bonnes sp\u00e9cifications et tous les accessoires n\u00e9cessaires pour commencer imm\u00e9diatement. Le support mural magn\u00e9tique fourni vous permet d&rsquo;utiliser le laser aussi bien sur un mur que sur un tr\u00e9pied. Ainsi, vous pouvez placer le laser dans la position souhait\u00e9e et toutes les situations.  <\/p>\n<p><strong>  Diode verte<\/strong><\/p>\n<p>Le laser est \u00e9quip\u00e9 d&rsquo;une puissante diode laser verte qui est jusqu&rsquo;\u00e0 4 fois plus visible que la diode rouge classique. La diode verte projette des lignes laser claires et nettes.  La visibilit\u00e9 reste fortement d\u00e9pendante de la lumi\u00e8re ambiante. Plus il y a de lumi\u00e8re, moins les lignes sont visibles. <\/p>\n<p><strong>Technologie Li-ion<\/strong><\/p>\n<p>Le laser est livr\u00e9 complet avec deux batteries Li-ion amovibles et un chargeur. Vous pouvez ainsi toujours compter sur le CCL170G. <\/p>\n<p><strong>Fonction r\u00e9cepteur<\/strong><\/p>\n<p>Pour \u00e9tendre davantage les possibilit\u00e9s du CCL170G, le laser dispose d&rsquo;une fonction r\u00e9cepteur. Cela qui vous permet de travailler sur de plus longues distances grace \u00e0 un r\u00e9cepteur LEVELFIX , m\u00eame lorsque la ligne n&rsquo;est plus visible.  Avec un r\u00e9cepteur, les lignes peuvent \u00eatre d\u00e9tect\u00e9es jusqu&rsquo;\u00e0 &lt;50 m.<\/p>\n<p><strong>\u00c0 propos de LEVELFIX\u2122 Smart Precision Tools &#8211; Innovant, pr\u00e9cis et robuste <\/strong><\/p>\n<p>Les lasers LEVELFIX sont fabriqu\u00e9s avec un soin et une pr\u00e9cision extr\u00eames. En appliquant plus de 25 ans d&rsquo;exp\u00e9rience et de connaissances dans nos produits, vous avez une qualit\u00e9 absolue entre les mains. Nous en sommes convaincus et osons donc vous offrir sans souci une garantie de 4 ans* sur ce produit. <\/p>\n<p>LEVELFIX offre le meilleur rapport qualit\u00e9-prix du march\u00e9, vous garantissant ainsi la meilleure qualit\u00e9 pour votre budget.<\/p>\n","protected":false},"excerpt":{"rendered":"<p>Le CCL170G est un laser \u00e0 lignes compact avec 1 ligne horizontale et 2 lignes verticales vertes \u00e0 360\u00b0. De plus, le laser est \u00e9quip\u00e9 d&rsquo;une batterie Li-ion et d&rsquo;une fonction r\u00e9cepteur <\/p>\n","protected":false},"featured_media":36351,"template":"","meta":{"_acf_changed":false,"site-sidebar-layout":"default","site-content-layout":"","ast-site-content-layout":"default","site-content-style":"default","site-sidebar-style":"default","ast-global-header-display":"","ast-banner-title-visibility":"","ast-main-header-display":"","ast-hfb-above-header-display":"","ast-hfb-below-header-display":"","ast-hfb-mobile-header-display":"","site-post-title":"","ast-breadcrumbs-content":"","ast-featured-img":"","footer-sml-layout":"","ast-disable-related-posts":"","theme-transparent-header-meta":"","adv-header-id-meta":"","stick-header-meta":"","header-above-stick-meta":"","header-main-stick-meta":"","header-below-stick-meta":"","astra-migrate-meta-layouts":"default","ast-page-background-enabled":"default","ast-page-background-meta":{"desktop":{"background-color":"var(--ast-global-color-4)","background-image":"","background-repeat":"repeat","background-position":"center center","background-size":"auto","background-attachment":"scroll","background-type":"","background-media":"","overlay-type":"","overlay-color":"","overlay-opacity":"","overlay-gradient":""},"tablet":{"background-color":"","background-image":"","background-repeat":"repeat","background-position":"center center","background-size":"auto","background-attachment":"scroll","background-type":"","background-media":"","overlay-type":"","overlay-color":"","overlay-opacity":"","overlay-gradient":""},"mobile":{"background-color":"","background-image":"","background-repeat":"repeat","background-position":"center center","background-size":"auto","background-attachment":"scroll","background-type":"","background-media":"","overlay-type":"","overlay-color":"","overlay-opacity":"","overlay-gradient":""}},"ast-content-background-meta":{"desktop":{"background-color":"var(--ast-global-color-5)","background-image":"","background-repeat":"repeat","background-position":"center center","background-size":"auto","background-attachment":"scroll","background-type":"","background-media":"","overlay-type":"","overlay-color":"","overlay-opacity":"","overlay-gradient":""},"tablet":{"background-color":"var(--ast-global-color-5)","background-image":"","background-repeat":"repeat","background-position":"center center","background-size":"auto","background-attachment":"scroll","background-type":"","background-media":"","overlay-type":"","overlay-color":"","overlay-opacity":"","overlay-gradient":""},"mobile":{"background-color":"var(--ast-global-color-5)","background-image":"","background-repeat":"repeat","background-position":"center center","background-size":"auto","background-attachment":"scroll","background-type":"","background-media":"","overlay-type":"","overlay-color":"","overlay-opacity":"","overlay-gradient":""}}},"product_brand":[],"product_cat":[46532,46609],"product_tag":[],"class_list":{"0":"post-36231","1":"product","2":"type-product","3":"status-publish","4":"has-post-thumbnail","6":"product_cat-lasers-fr","7":"product_cat-lasers-a-lignes-croix-fr","8":"desktop-align-left","9":"tablet-align-left","10":"mobile-align-left","11":"ast-product-gallery-layout-horizontal-slider","12":"ast-product-tabs-layout-horizontal","14":"first","15":"instock","16":"shipping-taxable","17":"purchasable","18":"product-type-simple"},"acf":[],"_links":{"self":[{"href":"https:\/\/levelfixinstruments.com\/fr\/wp-json\/wp\/v2\/product\/36231","targetHints":{"allow":["GET"]}}],"collection":[{"href":"https:\/\/levelfixinstruments.com\/fr\/wp-json\/wp\/v2\/product"}],"about":[{"href":"https:\/\/levelfixinstruments.com\/fr\/wp-json\/wp\/v2\/types\/product"}],"wp:featuredmedia":[{"embeddable":true,"href":"https:\/\/levelfixinstruments.com\/fr\/wp-json\/wp\/v2\/media\/36351"}],"wp:attachment":[{"href":"https:\/\/levelfixinstruments.com\/fr\/wp-json\/wp\/v2\/media?parent=36231"}],"wp:term":[{"taxonomy":"product_brand","embeddable":true,"href":"https:\/\/levelfixinstruments.com\/fr\/wp-json\/wp\/v2\/product_brand?post=36231"},{"taxonomy":"product_cat","embeddable":true,"href":"https:\/\/levelfixinstruments.com\/fr\/wp-json\/wp\/v2\/product_cat?post=36231"},{"taxonomy":"product_tag","embeddable":true,"href":"https:\/\/levelfixinstruments.com\/fr\/wp-json\/wp\/v2\/product_tag?post=36231"}],"curies":[{"name":"wp","href":"https:\/\/api.w.org\/{rel}","templated":true}]}}